{"id":4173,"date":"2025-06-02T13:09:56","date_gmt":"2025-06-02T13:09:56","guid":{"rendered":"https:\/\/opticallensbuy.webgiantdemo.se\/?post_type=product&#038;p=4173"},"modified":"2025-07-04T19:33:51","modified_gmt":"2025-07-04T18:33:51","slug":"rx-7239-ray-ban-glasses-2","status":"publish","type":"product","link":"https:\/\/opticallensbuy.com\/en\/product\/rx-7239-ray-ban-glasses-2\/","title":{"rendered":"RX 7239 Ray-Ban Glasses"},"content":{"rendered":"<p>Introducerar RX 7239 fr\u00e5n Ray-Ban \u2013 en sofistikerad kombination av stil och komfort, noggrant tillverkad av h\u00f6gkvalitativ plast. H\u00f6j din vardagslook med dessa slanka, rektangul\u00e4ra b\u00e5gar som balanserar tidl\u00f6s elegans med modern finess. Det l\u00e4tta materialet garanterar en behaglig passform hela dagen, oavsett om du \u00e4r p\u00e5 jobbet eller p\u00e5 en avslappnad utflykt.<\/p>\n<p>Den genomarbetade designen speglar Ray-Bans engagemang f\u00f6r kvalitet och estetik. De distinkta, rena linjerna skapar ett polerat och skarpt intryck, perfekt f\u00f6r den som s\u00f6ker en professionell men \u00e4nd\u00e5 trendig framtoning. Vare sig du sitter i ett aff\u00e4rsm\u00f6te, tar en fika eller deltar i ett socialt event f\u00f6rh\u00f6jer RX 7239 din stil med l\u00e4tthet.<\/p>\n<p>Den m\u00e5ngsidiga rektangul\u00e4ra formen smickrar m\u00e5nga olika ansiktsformer och ger en v\u00e4lbalanserad look. Den subtila Ray-Ban-logotypen tillf\u00f6r en touch av prestige och understryker modellens exklusiva k\u00e4nsla. V\u00e4lj RX 7239 f\u00f6r att omfamna en raffinerad och sj\u00e4lvs\u00e4ker look d\u00e4r mode och funktion m\u00f6ts i perfekt harmoni.<\/p>","protected":false},"excerpt":{"rendered":"<p>Introducerar RX 7239 fr\u00e5n Ray-Ban \u2013 en sofistikerad kombination av stil och komfort, noggrant tillverkad av h\u00f6gkvalitativ plast. H\u00f6j din vardagslook med dessa slanka, rektangul\u00e4ra b\u00e5gar som balanserar tidl\u00f6s elegans med modern finess. Det l\u00e4tta materialet garanterar en behaglig passform hela dagen, oavsett om du \u00e4r p\u00e5 jobbet eller p\u00e5 en avslappnad utflykt. Den genomarbetade [&hellip;]<\/p>","protected":false},"featured_media":4177,"comment_status":"open","ping_status":"closed","template":"","meta":{"_acf_changed":false},"product_brand":[],"product_cat":[319],"product_tag":[],"class_list":{"0":"post-4173","1":"product","2":"type-product","3":"status-publish","4":"has-post-thumbnail","6":"product_cat-glasogon","8":"first","9":"instock","10":"taxable","11":"shipping-taxable","12":"purchasable","13":"product-type-variable"},"acf":[],"wcpa_form_fields":null,"_links":{"self":[{"href":"https:\/\/opticallensbuy.com\/en\/wp-json\/wp\/v2\/product\/4173","targetHints":{"allow":["GET"]}}],"collection":[{"href":"https:\/\/opticallensbuy.com\/en\/wp-json\/wp\/v2\/product"}],"about":[{"href":"https:\/\/opticallensbuy.com\/en\/wp-json\/wp\/v2\/types\/product"}],"replies":[{"embeddable":true,"href":"https:\/\/opticallensbuy.com\/en\/wp-json\/wp\/v2\/comments?post=4173"}],"wp:featuredmedia":[{"embeddable":true,"href":"https:\/\/opticallensbuy.com\/en\/wp-json\/wp\/v2\/media\/4177"}],"wp:attachment":[{"href":"https:\/\/opticallensbuy.com\/en\/wp-json\/wp\/v2\/media?parent=4173"}],"wp:term":[{"taxonomy":"product_brand","embeddable":true,"href":"https:\/\/opticallensbuy.com\/en\/wp-json\/wp\/v2\/product_brand?post=4173"},{"taxonomy":"product_cat","embeddable":true,"href":"https:\/\/opticallensbuy.com\/en\/wp-json\/wp\/v2\/product_cat?post=4173"},{"taxonomy":"product_tag","embeddable":true,"href":"https:\/\/opticallensbuy.com\/en\/wp-json\/wp\/v2\/product_tag?post=4173"}],"curies":[{"name":"wp","href":"https:\/\/api.w.org\/{rel}","templated":true}]}}