{"id":4223,"date":"2025-06-02T13:10:04","date_gmt":"2025-06-02T13:10:04","guid":{"rendered":"https:\/\/opticallensbuy.webgiantdemo.se\/?post_type=product&#038;p=4223"},"modified":"2025-07-04T19:34:06","modified_gmt":"2025-07-04T18:34:06","slug":"rx-5268-ray-ban-glasses","status":"publish","type":"product","link":"https:\/\/opticallensbuy.com\/en\/product\/rx-5268-ray-ban-glasses\/","title":{"rendered":"RX 5268 Ray-Ban Glasses"},"content":{"rendered":"<p>RX 5268 fr\u00e5n Ray-Ban. Dj\u00e4rva, sl\u00e5ende f\u00e4rger och ikonisk design \u2013 g\u00f6r ett statement med dessa nya, v\u00e5gade Ray-Ban-glas\u00f6gon som garanterat f\u00e5r dig att sticka ut fr\u00e5n m\u00e4ngden och samtidigt \u00e4r perfekta f\u00f6r bekv\u00e4m vardagsanv\u00e4ndning.<br \/>\nAlla Ray-Ban-glas\u00f6gon fr\u00e5n Spex4less levereras med etui, putsduk, 12 m\u00e5naders b\u00e5gargaranti och v\u00e5r vanliga 100 % n\u00f6jdhetsgaranti.<\/p>","protected":false},"excerpt":{"rendered":"<p>RX 5268 fr\u00e5n Ray-Ban. Dj\u00e4rva, sl\u00e5ende f\u00e4rger och ikonisk design \u2013 g\u00f6r ett statement med dessa nya, v\u00e5gade Ray-Ban-glas\u00f6gon som garanterat f\u00e5r dig att sticka ut fr\u00e5n m\u00e4ngden och samtidigt \u00e4r perfekta f\u00f6r bekv\u00e4m vardagsanv\u00e4ndning. Alla Ray-Ban-glas\u00f6gon fr\u00e5n Spex4less levereras med etui, putsduk, 12 m\u00e5naders b\u00e5gargaranti och v\u00e5r vanliga 100 % n\u00f6jdhetsgaranti.<\/p>","protected":false},"featured_media":4248,"comment_status":"open","ping_status":"closed","template":"","meta":{"_acf_changed":false},"product_brand":[],"product_cat":[319],"product_tag":[],"class_list":{"0":"post-4223","1":"product","2":"type-product","3":"status-publish","4":"has-post-thumbnail","6":"product_cat-glasogon","8":"first","9":"instock","10":"taxable","11":"shipping-taxable","12":"purchasable","13":"product-type-variable"},"acf":[],"wcpa_form_fields":null,"_links":{"self":[{"href":"https:\/\/opticallensbuy.com\/en\/wp-json\/wp\/v2\/product\/4223","targetHints":{"allow":["GET"]}}],"collection":[{"href":"https:\/\/opticallensbuy.com\/en\/wp-json\/wp\/v2\/product"}],"about":[{"href":"https:\/\/opticallensbuy.com\/en\/wp-json\/wp\/v2\/types\/product"}],"replies":[{"embeddable":true,"href":"https:\/\/opticallensbuy.com\/en\/wp-json\/wp\/v2\/comments?post=4223"}],"wp:featuredmedia":[{"embeddable":true,"href":"https:\/\/opticallensbuy.com\/en\/wp-json\/wp\/v2\/media\/4248"}],"wp:attachment":[{"href":"https:\/\/opticallensbuy.com\/en\/wp-json\/wp\/v2\/media?parent=4223"}],"wp:term":[{"taxonomy":"product_brand","embeddable":true,"href":"https:\/\/opticallensbuy.com\/en\/wp-json\/wp\/v2\/product_brand?post=4223"},{"taxonomy":"product_cat","embeddable":true,"href":"https:\/\/opticallensbuy.com\/en\/wp-json\/wp\/v2\/product_cat?post=4223"},{"taxonomy":"product_tag","embeddable":true,"href":"https:\/\/opticallensbuy.com\/en\/wp-json\/wp\/v2\/product_tag?post=4223"}],"curies":[{"name":"wp","href":"https:\/\/api.w.org\/{rel}","templated":true}]}}