{"id":4276,"date":"2025-06-02T13:10:13","date_gmt":"2025-06-02T13:10:13","guid":{"rendered":"https:\/\/opticallensbuy.webgiantdemo.se\/?post_type=product&#038;p=4276"},"modified":"2025-07-04T19:34:23","modified_gmt":"2025-07-04T18:34:23","slug":"rx-7235-ray-ban-glasses","status":"publish","type":"product","link":"https:\/\/opticallensbuy.com\/en\/product\/rx-7235-ray-ban-glasses\/","title":{"rendered":"RX 7235 Ray-Ban Glasses"},"content":{"rendered":"<p>Uppt\u00e4ck den perfekta balansen mellan mode och funktion med RX 7235 fr\u00e5n Ray-Ban. B\u00e5gen \u00e4r tillverkad av f\u00f6rstklassig metall och har en djup, modern form som \u00e4r b\u00e5de elegant och m\u00e5ngsidig. Som alltid med Ray-Ban, ett varum\u00e4rke synonymt med kvalitet och tidl\u00f6s stil, pr\u00e4glas modellen av rena linjer och subtila detaljer som f\u00f6rh\u00f6jer helhetsintrycket.<\/p>\n<p>Den l\u00e4tta metalkonstruktionen ger maximal komfort f\u00f6r heldagsanv\u00e4ndning och g\u00f6r glas\u00f6gonen lika passande i professionella milj\u00f6er som vid avslappnade sammanhang. Den slanka designen framh\u00e4ver dina ansiktsdrag och skapar ett polerat, sofistikerat uttryck som andas sj\u00e4lvf\u00f6rtroende. H\u00e5llbara g\u00e5ngj\u00e4rn och justerbara n\u00e4skuddar s\u00e4kerst\u00e4ller dessutom en skr\u00e4ddarsydd passform f\u00f6r optimal bekv\u00e4mlighet.<\/p>\n<p>F\u00f6r dig som uppskattar klassisk stil med en modern twist \u00e4r Ray-Ban RX 7235 ett utm\u00e4rkt val till varje garderob. Omfamna modellens elegans och funktionalitet \u2013 och upplev hur din vardagliga \u00f6gonkomfort lyfts till en ny niv\u00e5.<\/p>","protected":false},"excerpt":{"rendered":"<p>Uppt\u00e4ck den perfekta balansen mellan mode och funktion med RX 7235 fr\u00e5n Ray-Ban. B\u00e5gen \u00e4r tillverkad av f\u00f6rstklassig metall och har en djup, modern form som \u00e4r b\u00e5de elegant och m\u00e5ngsidig. Som alltid med Ray-Ban, ett varum\u00e4rke synonymt med kvalitet och tidl\u00f6s stil, pr\u00e4glas modellen av rena linjer och subtila detaljer som f\u00f6rh\u00f6jer helhetsintrycket. Den [&hellip;]<\/p>","protected":false},"featured_media":4288,"comment_status":"open","ping_status":"closed","template":"","meta":{"_acf_changed":false},"product_brand":[],"product_cat":[319],"product_tag":[],"class_list":{"0":"post-4276","1":"product","2":"type-product","3":"status-publish","4":"has-post-thumbnail","6":"product_cat-glasogon","8":"first","9":"instock","10":"taxable","11":"shipping-taxable","12":"purchasable","13":"product-type-variable"},"acf":[],"wcpa_form_fields":null,"_links":{"self":[{"href":"https:\/\/opticallensbuy.com\/en\/wp-json\/wp\/v2\/product\/4276","targetHints":{"allow":["GET"]}}],"collection":[{"href":"https:\/\/opticallensbuy.com\/en\/wp-json\/wp\/v2\/product"}],"about":[{"href":"https:\/\/opticallensbuy.com\/en\/wp-json\/wp\/v2\/types\/product"}],"replies":[{"embeddable":true,"href":"https:\/\/opticallensbuy.com\/en\/wp-json\/wp\/v2\/comments?post=4276"}],"wp:featuredmedia":[{"embeddable":true,"href":"https:\/\/opticallensbuy.com\/en\/wp-json\/wp\/v2\/media\/4288"}],"wp:attachment":[{"href":"https:\/\/opticallensbuy.com\/en\/wp-json\/wp\/v2\/media?parent=4276"}],"wp:term":[{"taxonomy":"product_brand","embeddable":true,"href":"https:\/\/opticallensbuy.com\/en\/wp-json\/wp\/v2\/product_brand?post=4276"},{"taxonomy":"product_cat","embeddable":true,"href":"https:\/\/opticallensbuy.com\/en\/wp-json\/wp\/v2\/product_cat?post=4276"},{"taxonomy":"product_tag","embeddable":true,"href":"https:\/\/opticallensbuy.com\/en\/wp-json\/wp\/v2\/product_tag?post=4276"}],"curies":[{"name":"wp","href":"https:\/\/api.w.org\/{rel}","templated":true}]}}