{"id":4279,"date":"2025-06-02T13:10:13","date_gmt":"2025-06-02T13:10:13","guid":{"rendered":"https:\/\/opticallensbuy.webgiantdemo.se\/?post_type=product&#038;p=4279"},"modified":"2025-07-04T19:34:12","modified_gmt":"2025-07-04T18:34:12","slug":"rx-8265v-ray-ban-glasses","status":"publish","type":"product","link":"https:\/\/opticallensbuy.com\/en\/product\/rx-8265v-ray-ban-glasses\/","title":{"rendered":"RX 8265V Ray-Ban Glasses"},"content":{"rendered":"<p>Uppt\u00e4ck stil och sofistikering med RX 8265V fr\u00e5n Ray-Ban. Dessa b\u00e5gar \u00e4r tillverkade av h\u00f6gkvalitativt titan, vilket g\u00f6r dem b\u00e5de l\u00e4tta och slitstarka f\u00f6r komfort hela dagen. Den djupa formen tillf\u00f6r elegans och passar en rad olika ansiktsformer, vilket g\u00f6r modellen m\u00e5ngsidig f\u00f6r alla tillf\u00e4llen.<\/p>\n<p>Detaljerna p\u00e5 skalmar och brygga \u00e4r omsorgsfullt utformade och ger en unik touch, medan justerbara n\u00e4skuddar garanterar en perfekt, personligt anpassad passform. Den ikoniska Ray-Ban-logotypen pryder diskret skalmarna och f\u00f6renar varum\u00e4rkets klassiska arv med modern design.<\/p>\n<p>Perfekta f\u00f6r s\u00e5v\u00e4l professionella milj\u00f6er som avslappnade sammanhang ser dessa glas\u00f6gon till att du inte bara ser tydligt utan ocks\u00e5 g\u00f6r ett uttrycksfullt intryck. F\u00f6rnya din glas\u00f6gonkollektion med RX 8265V \u2013 d\u00e4r tidl\u00f6s design m\u00f6ter o\u00f6vertr\u00e4ffad komfort.<\/p>","protected":false},"excerpt":{"rendered":"<p>Uppt\u00e4ck stil och sofistikering med RX 8265V fr\u00e5n Ray-Ban. Dessa b\u00e5gar \u00e4r tillverkade av h\u00f6gkvalitativt titan, vilket g\u00f6r dem b\u00e5de l\u00e4tta och slitstarka f\u00f6r komfort hela dagen. Den djupa formen tillf\u00f6r elegans och passar en rad olika ansiktsformer, vilket g\u00f6r modellen m\u00e5ngsidig f\u00f6r alla tillf\u00e4llen. Detaljerna p\u00e5 skalmar och brygga \u00e4r omsorgsfullt utformade och ger [&hellip;]<\/p>","protected":false},"featured_media":4315,"comment_status":"open","ping_status":"closed","template":"","meta":{"_acf_changed":false},"product_brand":[],"product_cat":[319],"product_tag":[],"class_list":{"0":"post-4279","1":"product","2":"type-product","3":"status-publish","4":"has-post-thumbnail","6":"product_cat-glasogon","8":"first","9":"instock","10":"taxable","11":"shipping-taxable","12":"purchasable","13":"product-type-variable"},"acf":[],"wcpa_form_fields":null,"_links":{"self":[{"href":"https:\/\/opticallensbuy.com\/en\/wp-json\/wp\/v2\/product\/4279","targetHints":{"allow":["GET"]}}],"collection":[{"href":"https:\/\/opticallensbuy.com\/en\/wp-json\/wp\/v2\/product"}],"about":[{"href":"https:\/\/opticallensbuy.com\/en\/wp-json\/wp\/v2\/types\/product"}],"replies":[{"embeddable":true,"href":"https:\/\/opticallensbuy.com\/en\/wp-json\/wp\/v2\/comments?post=4279"}],"wp:featuredmedia":[{"embeddable":true,"href":"https:\/\/opticallensbuy.com\/en\/wp-json\/wp\/v2\/media\/4315"}],"wp:attachment":[{"href":"https:\/\/opticallensbuy.com\/en\/wp-json\/wp\/v2\/media?parent=4279"}],"wp:term":[{"taxonomy":"product_brand","embeddable":true,"href":"https:\/\/opticallensbuy.com\/en\/wp-json\/wp\/v2\/product_brand?post=4279"},{"taxonomy":"product_cat","embeddable":true,"href":"https:\/\/opticallensbuy.com\/en\/wp-json\/wp\/v2\/product_cat?post=4279"},{"taxonomy":"product_tag","embeddable":true,"href":"https:\/\/opticallensbuy.com\/en\/wp-json\/wp\/v2\/product_tag?post=4279"}],"curies":[{"name":"wp","href":"https:\/\/api.w.org\/{rel}","templated":true}]}}