{"id":4328,"date":"2025-06-02T13:10:21","date_gmt":"2025-06-02T13:10:21","guid":{"rendered":"https:\/\/opticallensbuy.webgiantdemo.se\/?post_type=product&#038;p=4328"},"modified":"2025-07-04T19:34:29","modified_gmt":"2025-07-04T18:34:29","slug":"rx-3916v-ray-ban-glasses","status":"publish","type":"product","link":"https:\/\/opticallensbuy.com\/en\/product\/rx-3916v-ray-ban-glasses\/","title":{"rendered":"RX 3916V Ray-Ban Glasses"},"content":{"rendered":"<p>Upplev tidl\u00f6s elegans med RX 3916V fr\u00e5n Ray-Ban \u2013 ett m\u00e5ste i varje glas\u00f6gonsamling. B\u00e5gen \u00e4r tillverkad av f\u00f6rstklassigt acetat som ger slitstark men l\u00e4tt komfort och g\u00f6r dem idealiska f\u00f6r dagligt bruk. Den raffinerade Clubmaster-formen f\u00f6renar vintagecharm med modern sofistikering, s\u00e5 att du sticker ut i b\u00e5de kontorsmilj\u00f6er och sociala sammanhang.<\/p>\n<p>Ray-Ban, synonymt med kvalitet och ikonisk stil, levererar \u00e5terigen med noggrant utformade detaljer. Den distinkta \u00f6vre b\u00e5gen i acetat kombineras med en tunn nedre metallkant som ramar in \u00f6gonen p\u00e5 ett elegant s\u00e4tt och kompletterar b\u00e5de formell och avslappnad kl\u00e4dsel. Justerbara n\u00e4skuddar och stadiga skalmspetsar h\u00f6jer b\u00e4rkomforten och ger en skr\u00e4ddarsydd passform hela dagen.<\/p>\n<p>RX 3916V \u00e4r mer \u00e4n bara ett par glas\u00f6gon \u2013 det \u00e4r ett stilstatement. S\u00e4tt p\u00e5 dig dem och k\u00e4nn hur sj\u00e4lvf\u00f6rtroendet v\u00e4xer n\u00e4r du lyfter din look med klassisk Ray-Ban-k\u00e4nsla. F\u00f6r dig som uppskattar en mix av retro och modern estetik \u00e4r dessa glas\u00f6gon b\u00e5de m\u00e5ngsidiga och sofistikerade. V\u00e4lj RX 3916V fr\u00e5n Ray-Ban f\u00f6r en perfekt kombination av komfort, hantverksskicklighet och obestridlig elegans.<\/p>","protected":false},"excerpt":{"rendered":"<p>Upplev tidl\u00f6s elegans med RX 3916V fr\u00e5n Ray-Ban \u2013 ett m\u00e5ste i varje glas\u00f6gonsamling. B\u00e5gen \u00e4r tillverkad av f\u00f6rstklassigt acetat som ger slitstark men l\u00e4tt komfort och g\u00f6r dem idealiska f\u00f6r dagligt bruk. Den raffinerade Clubmaster-formen f\u00f6renar vintagecharm med modern sofistikering, s\u00e5 att du sticker ut i b\u00e5de kontorsmilj\u00f6er och sociala sammanhang. Ray-Ban, synonymt med [&hellip;]<\/p>","protected":false},"featured_media":4362,"comment_status":"open","ping_status":"closed","template":"","meta":{"_acf_changed":false},"product_brand":[],"product_cat":[319],"product_tag":[],"class_list":{"0":"post-4328","1":"product","2":"type-product","3":"status-publish","4":"has-post-thumbnail","6":"product_cat-glasogon","8":"first","9":"instock","10":"taxable","11":"shipping-taxable","12":"purchasable","13":"product-type-variable"},"acf":[],"wcpa_form_fields":null,"_links":{"self":[{"href":"https:\/\/opticallensbuy.com\/en\/wp-json\/wp\/v2\/product\/4328","targetHints":{"allow":["GET"]}}],"collection":[{"href":"https:\/\/opticallensbuy.com\/en\/wp-json\/wp\/v2\/product"}],"about":[{"href":"https:\/\/opticallensbuy.com\/en\/wp-json\/wp\/v2\/types\/product"}],"replies":[{"embeddable":true,"href":"https:\/\/opticallensbuy.com\/en\/wp-json\/wp\/v2\/comments?post=4328"}],"wp:featuredmedia":[{"embeddable":true,"href":"https:\/\/opticallensbuy.com\/en\/wp-json\/wp\/v2\/media\/4362"}],"wp:attachment":[{"href":"https:\/\/opticallensbuy.com\/en\/wp-json\/wp\/v2\/media?parent=4328"}],"wp:term":[{"taxonomy":"product_brand","embeddable":true,"href":"https:\/\/opticallensbuy.com\/en\/wp-json\/wp\/v2\/product_brand?post=4328"},{"taxonomy":"product_cat","embeddable":true,"href":"https:\/\/opticallensbuy.com\/en\/wp-json\/wp\/v2\/product_cat?post=4328"},{"taxonomy":"product_tag","embeddable":true,"href":"https:\/\/opticallensbuy.com\/en\/wp-json\/wp\/v2\/product_tag?post=4328"}],"curies":[{"name":"wp","href":"https:\/\/api.w.org\/{rel}","templated":true}]}}