{"id":4382,"date":"2025-06-02T13:10:30","date_gmt":"2025-06-02T13:10:30","guid":{"rendered":"https:\/\/opticallensbuy.webgiantdemo.se\/?post_type=product&#038;p=4382"},"modified":"2025-07-04T19:34:54","modified_gmt":"2025-07-04T18:34:54","slug":"rb-7244-ray-ban-glasses","status":"publish","type":"product","link":"https:\/\/opticallensbuy.com\/en\/product\/rb-7244-ray-ban-glasses\/","title":{"rendered":"RB 7244 Ray-Ban Glasses"},"content":{"rendered":"<p>RB 7244 fr\u00e5n Ray-Ban, \u00e4ven kallad RX 7244, \u00e4r ett par eleganta Ray-Ban-b\u00e5gar. De kombinerar en stilren design med en t\u00e5lig metallram, vilket g\u00f6r dem perfekta f\u00f6r alla tillf\u00e4llen. Alla Ray-Ban-glas\u00f6gon fr\u00e5n Spex4less levereras med etui, putsduk, 12 m\u00e5naders b\u00e5gargaranti och v\u00e5r vanliga 100 % n\u00f6jdhetsgaranti.<\/p>","protected":false},"excerpt":{"rendered":"<p>RB 7244 fr\u00e5n Ray-Ban, \u00e4ven kallad RX 7244, \u00e4r ett par eleganta Ray-Ban-b\u00e5gar. De kombinerar en stilren design med en t\u00e5lig metallram, vilket g\u00f6r dem perfekta f\u00f6r alla tillf\u00e4llen. Alla Ray-Ban-glas\u00f6gon fr\u00e5n Spex4less levereras med etui, putsduk, 12 m\u00e5naders b\u00e5gargaranti och v\u00e5r vanliga 100 % n\u00f6jdhetsgaranti.<\/p>","protected":false},"featured_media":4423,"comment_status":"open","ping_status":"closed","template":"","meta":{"_acf_changed":false},"product_brand":[],"product_cat":[319],"product_tag":[],"class_list":{"0":"post-4382","1":"product","2":"type-product","3":"status-publish","4":"has-post-thumbnail","6":"product_cat-glasogon","8":"first","9":"instock","10":"taxable","11":"shipping-taxable","12":"purchasable","13":"product-type-variable"},"acf":[],"wcpa_form_fields":null,"_links":{"self":[{"href":"https:\/\/opticallensbuy.com\/en\/wp-json\/wp\/v2\/product\/4382","targetHints":{"allow":["GET"]}}],"collection":[{"href":"https:\/\/opticallensbuy.com\/en\/wp-json\/wp\/v2\/product"}],"about":[{"href":"https:\/\/opticallensbuy.com\/en\/wp-json\/wp\/v2\/types\/product"}],"replies":[{"embeddable":true,"href":"https:\/\/opticallensbuy.com\/en\/wp-json\/wp\/v2\/comments?post=4382"}],"wp:featuredmedia":[{"embeddable":true,"href":"https:\/\/opticallensbuy.com\/en\/wp-json\/wp\/v2\/media\/4423"}],"wp:attachment":[{"href":"https:\/\/opticallensbuy.com\/en\/wp-json\/wp\/v2\/media?parent=4382"}],"wp:term":[{"taxonomy":"product_brand","embeddable":true,"href":"https:\/\/opticallensbuy.com\/en\/wp-json\/wp\/v2\/product_brand?post=4382"},{"taxonomy":"product_cat","embeddable":true,"href":"https:\/\/opticallensbuy.com\/en\/wp-json\/wp\/v2\/product_cat?post=4382"},{"taxonomy":"product_tag","embeddable":true,"href":"https:\/\/opticallensbuy.com\/en\/wp-json\/wp\/v2\/product_tag?post=4382"}],"curies":[{"name":"wp","href":"https:\/\/api.w.org\/{rel}","templated":true}]}}