{"id":4433,"date":"2025-06-02T13:10:38","date_gmt":"2025-06-02T13:10:38","guid":{"rendered":"https:\/\/opticallensbuy.webgiantdemo.se\/product\/ox-8028-oakley-glasses\/"},"modified":"2025-06-23T08:47:01","modified_gmt":"2025-06-23T08:47:01","slug":"ox-8028-oakley-glasses","status":"publish","type":"product","link":"https:\/\/opticallensbuy.com\/en\/product\/ox-8028-oakley-glasses\/","title":{"rendered":"OX 8028 Oakley Glasses"},"content":{"rendered":"<p><strong>Oakley OX 8028-glas\u00f6gon<\/strong> \u2013 en imponerande kombination av stil och funktion som lyfter din vardag. De h\u00f6gkvalitativa plastb\u00e5garna ger b\u00e5de slitstyrka och l\u00e5g vikt, vilket g\u00f6r dem bekv\u00e4ma att b\u00e4ra hela dagen. Den djupa linsformen bidrar med ett modernt, sofistikerat uttryck som passar lika bra i professionella milj\u00f6er som vid avslappnade tillf\u00e4llen.<\/p>\n<p>Oakleys ikoniska design m\u00e4rks i de str\u00f6mlinjeformade linjerna och de subtila detaljerna. Robusta g\u00e5ngj\u00e4rn ger extra stabilitet, medan de bekv\u00e4ma n\u00e4skuddarna s\u00e4kerst\u00e4ller en s\u00e4ker passform oavsett aktivitet. Oavsett om du sitter i ett aff\u00e4rsm\u00f6te eller njuter av en ledig helg erbjuder <strong>OX 8028<\/strong> en o\u00f6vertr\u00e4ffad kombination av m\u00e5ngsidighet och estetisk dragningskraft.<\/p>\n<p>K\u00e4nn sj\u00e4lvf\u00f6rtroende och karisma med ett par Oakley p\u00e5 n\u00e4san \u2013 <strong>OX 8028<\/strong> \u00e4r mer \u00e4n bara glas\u00f6gon, det \u00e4r ett statement av kvalitet och modern elegans som kompletterar varje garderob.<\/p>","protected":false},"excerpt":{"rendered":"<p>Oakley OX 8028-glas\u00f6gon \u2013 en imponerande kombination av stil och funktion som lyfter din vardag. De h\u00f6gkvalitativa plastb\u00e5garna ger b\u00e5de slitstyrka och l\u00e5g vikt, vilket g\u00f6r dem bekv\u00e4ma att b\u00e4ra hela dagen. Den djupa linsformen bidrar med ett modernt, sofistikerat uttryck som passar lika bra i professionella milj\u00f6er som vid avslappnade tillf\u00e4llen. Oakleys ikoniska design [&hellip;]<\/p>","protected":false},"featured_media":4432,"comment_status":"open","ping_status":"closed","template":"","meta":{"_acf_changed":false},"product_brand":[],"product_cat":[150],"product_tag":[],"class_list":{"0":"post-4433","1":"product","2":"type-product","3":"status-publish","4":"has-post-thumbnail","6":"product_cat-oakley","8":"first","9":"instock","10":"taxable","11":"shipping-taxable","12":"purchasable","13":"product-type-variable"},"acf":[],"wcpa_form_fields":null,"_links":{"self":[{"href":"https:\/\/opticallensbuy.com\/en\/wp-json\/wp\/v2\/product\/4433","targetHints":{"allow":["GET"]}}],"collection":[{"href":"https:\/\/opticallensbuy.com\/en\/wp-json\/wp\/v2\/product"}],"about":[{"href":"https:\/\/opticallensbuy.com\/en\/wp-json\/wp\/v2\/types\/product"}],"replies":[{"embeddable":true,"href":"https:\/\/opticallensbuy.com\/en\/wp-json\/wp\/v2\/comments?post=4433"}],"wp:featuredmedia":[{"embeddable":true,"href":"https:\/\/opticallensbuy.com\/en\/wp-json\/wp\/v2\/media\/4432"}],"wp:attachment":[{"href":"https:\/\/opticallensbuy.com\/en\/wp-json\/wp\/v2\/media?parent=4433"}],"wp:term":[{"taxonomy":"product_brand","embeddable":true,"href":"https:\/\/opticallensbuy.com\/en\/wp-json\/wp\/v2\/product_brand?post=4433"},{"taxonomy":"product_cat","embeddable":true,"href":"https:\/\/opticallensbuy.com\/en\/wp-json\/wp\/v2\/product_cat?post=4433"},{"taxonomy":"product_tag","embeddable":true,"href":"https:\/\/opticallensbuy.com\/en\/wp-json\/wp\/v2\/product_tag?post=4433"}],"curies":[{"name":"wp","href":"https:\/\/api.w.org\/{rel}","templated":true}]}}