{"id":4434,"date":"2025-06-02T13:10:38","date_gmt":"2025-06-02T13:10:38","guid":{"rendered":"https:\/\/opticallensbuy.webgiantdemo.se\/?post_type=product&#038;p=4434"},"modified":"2025-06-23T08:47:29","modified_gmt":"2025-06-23T08:47:29","slug":"ox-8130-oakley-glasses","status":"publish","type":"product","link":"https:\/\/opticallensbuy.com\/en\/product\/ox-8130-oakley-glasses\/","title":{"rendered":"OX 8130 Oakley Glasses"},"content":{"rendered":"<p><strong>Oakley OX 8130 glasses<\/strong> \u2013 d\u00e4r tidl\u00f6s stil m\u00f6ter o\u00f6vertr\u00e4ffad komfort. De h\u00f6gkvalitativa plastb\u00e5garna ger en l\u00e4tt och slitstark l\u00f6sning f\u00f6r daglig anv\u00e4ndning. Den djupa b\u00e5gformen bidrar med ett modernt, sofistikerat uttryck och s\u00e4kerst\u00e4ller bekv\u00e4m passform \u00e4ven vid l\u00e4ngre b\u00e4rtid.<\/p>\n<p>Perfekta f\u00f6r b\u00e5de professionella och avslappnade milj\u00f6er kombinerar dessa Oakley-b\u00e5gar en str\u00f6mlinjeformad estetik med v\u00e4lavv\u00e4gda kanter som tillf\u00f6r elegans till varje outfit. Den innovativa designen kompletteras av diskret men tydlig varum\u00e4rkesdetalj p\u00e5 skalmarna, vilket lyfter fram Oakleys karakteristiska hantverk.<\/p>\n<p>Oavsett om du \u00e4r p\u00e5 kontoret, umg\u00e5s med v\u00e4nner eller \u00e4gnar dig \u00e5t fritidsaktiviteter erbjuder <strong>OX 8130<\/strong> a versatile blend of style and function. Experience the perfect balance between fashion and practicality \u2013 a must-have for the discerning. Feel confident, look sharp and enjoy all-day comfort with Oakley.<\/p>","protected":false},"excerpt":{"rendered":"<p>Oakley OX 8130-glas\u00f6gon \u2013 d\u00e4r tidl\u00f6s stil m\u00f6ter o\u00f6vertr\u00e4ffad komfort. De h\u00f6gkvalitativa plastb\u00e5garna ger en l\u00e4tt och slitstark l\u00f6sning f\u00f6r daglig anv\u00e4ndning. Den djupa b\u00e5gformen bidrar med ett modernt, sofistikerat uttryck och s\u00e4kerst\u00e4ller bekv\u00e4m passform \u00e4ven vid l\u00e4ngre b\u00e4rtid. Perfekta f\u00f6r b\u00e5de professionella och avslappnade milj\u00f6er kombinerar dessa Oakley-b\u00e5gar en str\u00f6mlinjeformad estetik med v\u00e4lavv\u00e4gda kanter [&hellip;]<\/p>","protected":false},"featured_media":4460,"comment_status":"open","ping_status":"closed","template":"","meta":{"_acf_changed":false},"product_brand":[],"product_cat":[150],"product_tag":[],"class_list":{"0":"post-4434","1":"product","2":"type-product","3":"status-publish","4":"has-post-thumbnail","6":"product_cat-oakley","8":"first","9":"instock","10":"taxable","11":"shipping-taxable","12":"purchasable","13":"product-type-variable"},"acf":[],"wcpa_form_fields":null,"_links":{"self":[{"href":"https:\/\/opticallensbuy.com\/en\/wp-json\/wp\/v2\/product\/4434","targetHints":{"allow":["GET"]}}],"collection":[{"href":"https:\/\/opticallensbuy.com\/en\/wp-json\/wp\/v2\/product"}],"about":[{"href":"https:\/\/opticallensbuy.com\/en\/wp-json\/wp\/v2\/types\/product"}],"replies":[{"embeddable":true,"href":"https:\/\/opticallensbuy.com\/en\/wp-json\/wp\/v2\/comments?post=4434"}],"wp:featuredmedia":[{"embeddable":true,"href":"https:\/\/opticallensbuy.com\/en\/wp-json\/wp\/v2\/media\/4460"}],"wp:attachment":[{"href":"https:\/\/opticallensbuy.com\/en\/wp-json\/wp\/v2\/media?parent=4434"}],"wp:term":[{"taxonomy":"product_brand","embeddable":true,"href":"https:\/\/opticallensbuy.com\/en\/wp-json\/wp\/v2\/product_brand?post=4434"},{"taxonomy":"product_cat","embeddable":true,"href":"https:\/\/opticallensbuy.com\/en\/wp-json\/wp\/v2\/product_cat?post=4434"},{"taxonomy":"product_tag","embeddable":true,"href":"https:\/\/opticallensbuy.com\/en\/wp-json\/wp\/v2\/product_tag?post=4434"}],"curies":[{"name":"wp","href":"https:\/\/api.w.org\/{rel}","templated":true}]}}