{"id":4482,"date":"2025-06-02T13:10:46","date_gmt":"2025-06-02T13:10:46","guid":{"rendered":"https:\/\/opticallensbuy.webgiantdemo.se\/?post_type=product&#038;p=4482"},"modified":"2025-06-23T08:41:44","modified_gmt":"2025-06-23T08:41:44","slug":"ox-8170-oakley-glasses","status":"publish","type":"product","link":"https:\/\/opticallensbuy.com\/en\/product\/ox-8170-oakley-glasses\/","title":{"rendered":"OX 8170 Oakley Glasses"},"content":{"rendered":"<p>Elevate your everyday style with <strong>Oakley OX 8170<\/strong>-glas\u00f6gon. B\u00e5garna \u00e4r tillverkade av h\u00f6gkvalitativ plast som ger l\u00e5ngvarig slitstyrka, medan den kvadratiska formen skapar en modern, uppseendev\u00e4ckande look. Oakleys karakteristiska logodetaljer p\u00e5 skalmarna f\u00f6rst\u00e4rker premiumk\u00e4nslan och signalerar prestige.<\/p>\n<p>Den l\u00e4tta konstruktionen ger exceptionell komfort och g\u00f6r att glas\u00f6gonen sitter stabilt hela dagen \u2013 perfekt b\u00e5de i professionella milj\u00f6er och vid avslappnade tillf\u00e4llen. Med <strong>OX 8170<\/strong> you feel smart, confident and stylish, ready to turn heads with a fresh and sophisticated touch.<\/p>","protected":false},"excerpt":{"rendered":"<p>H\u00f6j din vardagsstil med Oakley OX 8170-glas\u00f6gon. B\u00e5garna \u00e4r tillverkade av h\u00f6gkvalitativ plast som ger l\u00e5ngvarig slitstyrka, medan den kvadratiska formen skapar en modern, uppseendev\u00e4ckande look. Oakleys karakteristiska logodetaljer p\u00e5 skalmarna f\u00f6rst\u00e4rker premiumk\u00e4nslan och signalerar prestige. Den l\u00e4tta konstruktionen ger exceptionell komfort och g\u00f6r att glas\u00f6gonen sitter stabilt hela dagen \u2013 perfekt b\u00e5de i professionella [&hellip;]<\/p>","protected":false},"featured_media":4490,"comment_status":"open","ping_status":"closed","template":"","meta":{"_acf_changed":false},"product_brand":[],"product_cat":[150],"product_tag":[],"class_list":{"0":"post-4482","1":"product","2":"type-product","3":"status-publish","4":"has-post-thumbnail","6":"product_cat-oakley","8":"first","9":"instock","10":"taxable","11":"shipping-taxable","12":"purchasable","13":"product-type-variable"},"acf":[],"wcpa_form_fields":null,"_links":{"self":[{"href":"https:\/\/opticallensbuy.com\/en\/wp-json\/wp\/v2\/product\/4482","targetHints":{"allow":["GET"]}}],"collection":[{"href":"https:\/\/opticallensbuy.com\/en\/wp-json\/wp\/v2\/product"}],"about":[{"href":"https:\/\/opticallensbuy.com\/en\/wp-json\/wp\/v2\/types\/product"}],"replies":[{"embeddable":true,"href":"https:\/\/opticallensbuy.com\/en\/wp-json\/wp\/v2\/comments?post=4482"}],"wp:featuredmedia":[{"embeddable":true,"href":"https:\/\/opticallensbuy.com\/en\/wp-json\/wp\/v2\/media\/4490"}],"wp:attachment":[{"href":"https:\/\/opticallensbuy.com\/en\/wp-json\/wp\/v2\/media?parent=4482"}],"wp:term":[{"taxonomy":"product_brand","embeddable":true,"href":"https:\/\/opticallensbuy.com\/en\/wp-json\/wp\/v2\/product_brand?post=4482"},{"taxonomy":"product_cat","embeddable":true,"href":"https:\/\/opticallensbuy.com\/en\/wp-json\/wp\/v2\/product_cat?post=4482"},{"taxonomy":"product_tag","embeddable":true,"href":"https:\/\/opticallensbuy.com\/en\/wp-json\/wp\/v2\/product_tag?post=4482"}],"curies":[{"name":"wp","href":"https:\/\/api.w.org\/{rel}","templated":true}]}}