{"id":4880,"date":"2025-06-02T13:11:47","date_gmt":"2025-06-02T13:11:47","guid":{"rendered":"https:\/\/opticallensbuy.webgiantdemo.se\/?post_type=product&#038;p=4880"},"modified":"2025-06-23T08:29:56","modified_gmt":"2025-06-23T08:29:56","slug":"pld-d453-polaroid-glasses","status":"publish","type":"product","link":"https:\/\/opticallensbuy.com\/en\/product\/pld-d453-polaroid-glasses\/","title":{"rendered":"PLD D453 Polaroid Glasses"},"content":{"rendered":"<p><strong>PLD D453-glas\u00f6gon<\/strong> from <strong>Polaroid<\/strong> \u2013 ett perfekt m\u00f6te mellan stil och funktion f\u00f6r den moderna anv\u00e4ndaren. De slitstarka plastb\u00e5garna har en samtida rektangul\u00e4r form som smickrar m\u00e5nga ansiktsformer och erbjuder en s\u00e4ker, bekv\u00e4m passform. Den diskreta Polaroid-logotypen p\u00e5 skalmarna tillf\u00f6r sofistikerad finess och borgar f\u00f6r h\u00f6g kvalitet.<\/p>\n<p>Perfekta i allt fr\u00e5n professionella milj\u00f6er till lediga sammanhang ger dessa glas\u00f6gon o\u00f6vertr\u00e4ffad m\u00e5ngsidighet. Det l\u00e4tta materialet garanterar komfort hela dagen, medan den eleganta designen lyfter varje look. Oavsett om du arbetar, studerar eller \u00e4r ute p\u00e5 stan ger <strong>PLD D453<\/strong> en chic och v\u00e4lpolerad framtoning.<\/p>\n<p>Subtila designinslag och den robusta men stilrena konstruktionen g\u00f6r modellen till ett givet val f\u00f6r dig som s\u00f6ker b\u00e5de estetik och p\u00e5litlighet. K\u00e4nn dig s\u00e4ker och stilren med <strong>Polaroid PLD D453<\/strong> \u2013 ett m\u00e5ste f\u00f6r alla som v\u00e4rdes\u00e4tter b\u00e5de mode och funktion.<\/p>","protected":false},"excerpt":{"rendered":"<p>PLD D453-glas\u00f6gon fr\u00e5n Polaroid \u2013 ett perfekt m\u00f6te mellan stil och funktion f\u00f6r den moderna anv\u00e4ndaren. De slitstarka plastb\u00e5garna har en samtida rektangul\u00e4r form som smickrar m\u00e5nga ansiktsformer och erbjuder en s\u00e4ker, bekv\u00e4m passform. Den diskreta Polaroid-logotypen p\u00e5 skalmarna tillf\u00f6r sofistikerad finess och borgar f\u00f6r h\u00f6g kvalitet. Perfekta i allt fr\u00e5n professionella milj\u00f6er till lediga [&hellip;]<\/p>","protected":false},"featured_media":4903,"comment_status":"open","ping_status":"closed","template":"","meta":{"_acf_changed":false},"product_brand":[],"product_cat":[153],"product_tag":[],"class_list":{"0":"post-4880","1":"product","2":"type-product","3":"status-publish","4":"has-post-thumbnail","6":"product_cat-polaroid","8":"first","9":"instock","10":"taxable","11":"shipping-taxable","12":"purchasable","13":"product-type-variable"},"acf":[],"wcpa_form_fields":null,"_links":{"self":[{"href":"https:\/\/opticallensbuy.com\/en\/wp-json\/wp\/v2\/product\/4880","targetHints":{"allow":["GET"]}}],"collection":[{"href":"https:\/\/opticallensbuy.com\/en\/wp-json\/wp\/v2\/product"}],"about":[{"href":"https:\/\/opticallensbuy.com\/en\/wp-json\/wp\/v2\/types\/product"}],"replies":[{"embeddable":true,"href":"https:\/\/opticallensbuy.com\/en\/wp-json\/wp\/v2\/comments?post=4880"}],"wp:featuredmedia":[{"embeddable":true,"href":"https:\/\/opticallensbuy.com\/en\/wp-json\/wp\/v2\/media\/4903"}],"wp:attachment":[{"href":"https:\/\/opticallensbuy.com\/en\/wp-json\/wp\/v2\/media?parent=4880"}],"wp:term":[{"taxonomy":"product_brand","embeddable":true,"href":"https:\/\/opticallensbuy.com\/en\/wp-json\/wp\/v2\/product_brand?post=4880"},{"taxonomy":"product_cat","embeddable":true,"href":"https:\/\/opticallensbuy.com\/en\/wp-json\/wp\/v2\/product_cat?post=4880"},{"taxonomy":"product_tag","embeddable":true,"href":"https:\/\/opticallensbuy.com\/en\/wp-json\/wp\/v2\/product_tag?post=4880"}],"curies":[{"name":"wp","href":"https:\/\/api.w.org\/{rel}","templated":true}]}}