{"id":4881,"date":"2025-06-02T13:11:47","date_gmt":"2025-06-02T13:11:47","guid":{"rendered":"https:\/\/opticallensbuy.webgiantdemo.se\/?post_type=product&#038;p=4881"},"modified":"2025-06-23T08:31:08","modified_gmt":"2025-06-23T08:31:08","slug":"pld-d494g-polaroid-glasses","status":"publish","type":"product","link":"https:\/\/opticallensbuy.com\/en\/product\/pld-d494g-polaroid-glasses\/","title":{"rendered":"PLD D494G Polaroid Glasses"},"content":{"rendered":"<p><strong>PLD D494G glasses<\/strong> from <strong>Polaroid<\/strong> \u2013 uppt\u00e4ck tidl\u00f6s sofistikation. De rektangul\u00e4ra b\u00e5garna \u00e4r tillverkade av h\u00f6gkvalitativ metall som f\u00f6renar slitstyrka med stil och f\u00f6ljer dig s\u00f6ml\u00f6st fr\u00e5n styrelserummet till lediga sammanhang. Som alltid med Polaroid \u2013 ett varum\u00e4rke synonymt med innovation och kvalitet \u2013 f\u00f6rkroppsligar dessa b\u00e5gar modern elegans med en slank, minimalistisk touch.<\/p>\n<p>Den rektangul\u00e4ra formen smickrar m\u00e5nga ansiktsformer och skapar ett balanserat, f\u00f6rfinat uttryck. Justerbara n\u00e4skuddar h\u00f6jer komforten och ger perfekt passform hela dagen, och den l\u00e4tta konstruktionen inneb\u00e4r att du inte beh\u00f6ver kompromissa med bekv\u00e4mligheten f\u00f6r att se bra ut. Diskret logotyp p\u00e5 skalmarna tillf\u00f6r en sofistikerad detalj som g\u00f6r glas\u00f6gonen till ett statement i nedtonad lyx.<\/p>\n<p>Perfekta f\u00f6r b\u00e5de professionella och avslappnade milj\u00f6er erbjuder <strong>PLD D494G<\/strong> versatility and timeless appeal. Experience the ideal balance of comfort, style and sophisticated design \u2013 eyewear that elevates every look.<\/p>","protected":false},"excerpt":{"rendered":"<p>PLD D494G-glas\u00f6gon fr\u00e5n Polaroid \u2013 uppt\u00e4ck tidl\u00f6s sofistikation. De rektangul\u00e4ra b\u00e5garna \u00e4r tillverkade av h\u00f6gkvalitativ metall som f\u00f6renar slitstyrka med stil och f\u00f6ljer dig s\u00f6ml\u00f6st fr\u00e5n styrelserummet till lediga sammanhang. Som alltid med Polaroid \u2013 ett varum\u00e4rke synonymt med innovation och kvalitet \u2013 f\u00f6rkroppsligar dessa b\u00e5gar modern elegans med en slank, minimalistisk touch. Den rektangul\u00e4ra [&hellip;]<\/p>","protected":false},"featured_media":4920,"comment_status":"open","ping_status":"closed","template":"","meta":{"_acf_changed":false},"product_brand":[],"product_cat":[153],"product_tag":[],"class_list":{"0":"post-4881","1":"product","2":"type-product","3":"status-publish","4":"has-post-thumbnail","6":"product_cat-polaroid","8":"first","9":"instock","10":"taxable","11":"shipping-taxable","12":"purchasable","13":"product-type-variable"},"acf":[],"wcpa_form_fields":null,"_links":{"self":[{"href":"https:\/\/opticallensbuy.com\/en\/wp-json\/wp\/v2\/product\/4881","targetHints":{"allow":["GET"]}}],"collection":[{"href":"https:\/\/opticallensbuy.com\/en\/wp-json\/wp\/v2\/product"}],"about":[{"href":"https:\/\/opticallensbuy.com\/en\/wp-json\/wp\/v2\/types\/product"}],"replies":[{"embeddable":true,"href":"https:\/\/opticallensbuy.com\/en\/wp-json\/wp\/v2\/comments?post=4881"}],"wp:featuredmedia":[{"embeddable":true,"href":"https:\/\/opticallensbuy.com\/en\/wp-json\/wp\/v2\/media\/4920"}],"wp:attachment":[{"href":"https:\/\/opticallensbuy.com\/en\/wp-json\/wp\/v2\/media?parent=4881"}],"wp:term":[{"taxonomy":"product_brand","embeddable":true,"href":"https:\/\/opticallensbuy.com\/en\/wp-json\/wp\/v2\/product_brand?post=4881"},{"taxonomy":"product_cat","embeddable":true,"href":"https:\/\/opticallensbuy.com\/en\/wp-json\/wp\/v2\/product_cat?post=4881"},{"taxonomy":"product_tag","embeddable":true,"href":"https:\/\/opticallensbuy.com\/en\/wp-json\/wp\/v2\/product_tag?post=4881"}],"curies":[{"name":"wp","href":"https:\/\/api.w.org\/{rel}","templated":true}]}}