{"id":4929,"date":"2025-06-02T13:11:56","date_gmt":"2025-06-02T13:11:56","guid":{"rendered":"https:\/\/opticallensbuy.webgiantdemo.se\/?post_type=product&#038;p=4929"},"modified":"2025-06-23T08:24:16","modified_gmt":"2025-06-23T08:24:16","slug":"pld-d533-polaroid-glasses","status":"publish","type":"product","link":"https:\/\/opticallensbuy.com\/en\/product\/pld-d533-polaroid-glasses\/","title":{"rendered":"PLD D533 Polaroid Glasses"},"content":{"rendered":"<p>We present <strong>PLD D533-glas\u00f6gon<\/strong> from <strong>Polaroid<\/strong> \u2013 omsorgsfullt utformade f\u00f6r att f\u00f6rena stil, komfort och funktion i perfekt balans. Den h\u00e5llbara plastb\u00e5gen har en slank, rektangul\u00e4r form som utstr\u00e5lar modern sofistikation och tidl\u00f6s m\u00e5ngsidighet.<\/p>\n<p>Detaljrikedomen m\u00e4rks i den diskreta Polaroid-gravyren p\u00e5 skalmarna, ett tecken p\u00e5 kvalitet och f\u00f6rtroende. B\u00e5garna \u00e4r l\u00e4tta men robusta och ger bekv\u00e4m anv\u00e4ndning hela dagen utan att kompromissa med sitt eleganta uttryck. En subtil metallaccent p\u00e5 skalmen tillf\u00f6r extra finess och g\u00f6r modellen lika passande p\u00e5 kontoret som vid avslappnade tillf\u00e4llen.<\/p>\n<p>Med sin ergonomiska design sitter <strong>PLD D533<\/strong> naturligt och bekv\u00e4mt, vare sig du arbetar, \u00e4ter brunch eller deltar i kv\u00e4llsaktiviteter. Uppdatera din eyewear-garderob med dessa glas\u00f6gon d\u00e4r modern design m\u00f6ter o\u00f6vertr\u00e4ffad komfort \u2013 ett stilfullt val som l\u00e5ter dig k\u00e4nna dig trygg och sofistikerad varje dag. Finns nu hos Spex4Less.<\/p>","protected":false},"excerpt":{"rendered":"<p>Vi presenterar PLD D533-glas\u00f6gon fr\u00e5n Polaroid \u2013 omsorgsfullt utformade f\u00f6r att f\u00f6rena stil, komfort och funktion i perfekt balans. Den h\u00e5llbara plastb\u00e5gen har en slank, rektangul\u00e4r form som utstr\u00e5lar modern sofistikation och tidl\u00f6s m\u00e5ngsidighet. Detaljrikedomen m\u00e4rks i den diskreta Polaroid-gravyren p\u00e5 skalmarna, ett tecken p\u00e5 kvalitet och f\u00f6rtroende. B\u00e5garna \u00e4r l\u00e4tta men robusta och ger [&hellip;]<\/p>","protected":false},"featured_media":4935,"comment_status":"open","ping_status":"closed","template":"","meta":{"_acf_changed":false},"product_brand":[],"product_cat":[153],"product_tag":[],"class_list":{"0":"post-4929","1":"product","2":"type-product","3":"status-publish","4":"has-post-thumbnail","6":"product_cat-polaroid","8":"first","9":"instock","10":"taxable","11":"shipping-taxable","12":"purchasable","13":"product-type-variable"},"acf":[],"wcpa_form_fields":null,"_links":{"self":[{"href":"https:\/\/opticallensbuy.com\/en\/wp-json\/wp\/v2\/product\/4929","targetHints":{"allow":["GET"]}}],"collection":[{"href":"https:\/\/opticallensbuy.com\/en\/wp-json\/wp\/v2\/product"}],"about":[{"href":"https:\/\/opticallensbuy.com\/en\/wp-json\/wp\/v2\/types\/product"}],"replies":[{"embeddable":true,"href":"https:\/\/opticallensbuy.com\/en\/wp-json\/wp\/v2\/comments?post=4929"}],"wp:featuredmedia":[{"embeddable":true,"href":"https:\/\/opticallensbuy.com\/en\/wp-json\/wp\/v2\/media\/4935"}],"wp:attachment":[{"href":"https:\/\/opticallensbuy.com\/en\/wp-json\/wp\/v2\/media?parent=4929"}],"wp:term":[{"taxonomy":"product_brand","embeddable":true,"href":"https:\/\/opticallensbuy.com\/en\/wp-json\/wp\/v2\/product_brand?post=4929"},{"taxonomy":"product_cat","embeddable":true,"href":"https:\/\/opticallensbuy.com\/en\/wp-json\/wp\/v2\/product_cat?post=4929"},{"taxonomy":"product_tag","embeddable":true,"href":"https:\/\/opticallensbuy.com\/en\/wp-json\/wp\/v2\/product_tag?post=4929"}],"curies":[{"name":"wp","href":"https:\/\/api.w.org\/{rel}","templated":true}]}}