{"id":4930,"date":"2025-06-02T13:11:56","date_gmt":"2025-06-02T13:11:56","guid":{"rendered":"https:\/\/opticallensbuy.webgiantdemo.se\/?post_type=product&#038;p=4930"},"modified":"2025-06-23T08:24:45","modified_gmt":"2025-06-23T08:24:45","slug":"pld-d485-polaroid-glasses","status":"publish","type":"product","link":"https:\/\/opticallensbuy.com\/en\/product\/pld-d485-polaroid-glasses\/","title":{"rendered":"PLD D485 Polaroid Glasses"},"content":{"rendered":"<p>We present <strong>PLD D485 glasses<\/strong> from <strong>Polaroid<\/strong> \u2013 ett tidl\u00f6st tillbeh\u00f6r som h\u00f6jer din vardagsstil. De rektangul\u00e4ra b\u00e5garna i slitstark metall ger ett slankt, modernt uttryck som kompletterar b\u00e5de formell och avslappnad kl\u00e4dsel. Den minimalistiska designen accentueras av diskreta, sofistikerade detaljer p\u00e5 skalmarna som tillf\u00f6r elegans utan att dominera helheten.<\/p>\n<p>F\u00f6r ultimat komfort \u00e4r b\u00e5garna utrustade med justerbara n\u00e4skuddar som ger en skr\u00e4ddarsydd passform och minskar trycket p\u00e5 n\u00e4srygg och \u00f6ron. Den l\u00e4tta metallkonstruktionen g\u00f6r dem utm\u00e4rkta f\u00f6r l\u00e5ngvarig anv\u00e4ndning, medan de svagt b\u00f6jda skalmarna \u00e4r ergonomiskt utformade f\u00f6r extra stabilitet och bekv\u00e4mlighet.<\/p>\n<p><strong>PLD D485<\/strong> stands out for its versatility: perfect for everything from business meetings to weekend coffee breaks. With Polaroid&#039;s renowned quality and style, these frames are a reliable choice for any occasion. Update your eyewear collection and enjoy the seamless combination of modern design, superior comfort and timeless appeal that only Polaroid can offer.<\/p>","protected":false},"excerpt":{"rendered":"<p>Vi presenterar PLD D485-glas\u00f6gon fr\u00e5n Polaroid \u2013 ett tidl\u00f6st tillbeh\u00f6r som h\u00f6jer din vardagsstil. De rektangul\u00e4ra b\u00e5garna i slitstark metall ger ett slankt, modernt uttryck som kompletterar b\u00e5de formell och avslappnad kl\u00e4dsel. Den minimalistiska designen accentueras av diskreta, sofistikerade detaljer p\u00e5 skalmarna som tillf\u00f6r elegans utan att dominera helheten. F\u00f6r ultimat komfort \u00e4r b\u00e5garna utrustade [&hellip;]<\/p>","protected":false},"featured_media":4944,"comment_status":"open","ping_status":"closed","template":"","meta":{"_acf_changed":false},"product_brand":[],"product_cat":[153],"product_tag":[],"class_list":{"0":"post-4930","1":"product","2":"type-product","3":"status-publish","4":"has-post-thumbnail","6":"product_cat-polaroid","8":"first","9":"instock","10":"taxable","11":"shipping-taxable","12":"purchasable","13":"product-type-variable"},"acf":[],"wcpa_form_fields":null,"_links":{"self":[{"href":"https:\/\/opticallensbuy.com\/en\/wp-json\/wp\/v2\/product\/4930","targetHints":{"allow":["GET"]}}],"collection":[{"href":"https:\/\/opticallensbuy.com\/en\/wp-json\/wp\/v2\/product"}],"about":[{"href":"https:\/\/opticallensbuy.com\/en\/wp-json\/wp\/v2\/types\/product"}],"replies":[{"embeddable":true,"href":"https:\/\/opticallensbuy.com\/en\/wp-json\/wp\/v2\/comments?post=4930"}],"wp:featuredmedia":[{"embeddable":true,"href":"https:\/\/opticallensbuy.com\/en\/wp-json\/wp\/v2\/media\/4944"}],"wp:attachment":[{"href":"https:\/\/opticallensbuy.com\/en\/wp-json\/wp\/v2\/media?parent=4930"}],"wp:term":[{"taxonomy":"product_brand","embeddable":true,"href":"https:\/\/opticallensbuy.com\/en\/wp-json\/wp\/v2\/product_brand?post=4930"},{"taxonomy":"product_cat","embeddable":true,"href":"https:\/\/opticallensbuy.com\/en\/wp-json\/wp\/v2\/product_cat?post=4930"},{"taxonomy":"product_tag","embeddable":true,"href":"https:\/\/opticallensbuy.com\/en\/wp-json\/wp\/v2\/product_tag?post=4930"}],"curies":[{"name":"wp","href":"https:\/\/api.w.org\/{rel}","templated":true}]}}