{"id":4931,"date":"2025-06-02T13:11:56","date_gmt":"2025-06-02T13:11:56","guid":{"rendered":"https:\/\/opticallensbuy.webgiantdemo.se\/?post_type=product&#038;p=4931"},"modified":"2025-06-23T08:25:08","modified_gmt":"2025-06-23T08:25:08","slug":"pld-d417-polaroid-glasses","status":"publish","type":"product","link":"https:\/\/opticallensbuy.com\/en\/product\/pld-d417-polaroid-glasses\/","title":{"rendered":"PLD D417 Polaroid Glasses"},"content":{"rendered":"<p><strong>PLD D417 glasses<\/strong> from <strong>Polaroid<\/strong> \u2013 en perfekt kombination av stil och komfort. De t\u00e5liga plastb\u00e5garna \u00e4r b\u00e5de l\u00e4tta och slitstarka, vilket g\u00f6r dem bekv\u00e4ma f\u00f6r daglig anv\u00e4ndning. Den slanka, rektangul\u00e4ra formen ger ett modernt uttryck som smickrar de flesta ansiktsformer och passar b\u00e5de professionella sammanhang och avslappnade aktiviteter.<\/p>\n<p>Den diskreta Polaroid-logotypen p\u00e5 skalmarna signalerar kvalitet och sofistikerad elegans, medan den subtila texturerade detaljen p\u00e5 sidorna ger extra grepp och unik karakt\u00e4r. <strong>PLD D417<\/strong> combines function and fashion in a versatile design that elevates your look and keeps you comfortable all day long \u2013 no matter the occasion.<\/p>","protected":false},"excerpt":{"rendered":"<p>PLD D417-glas\u00f6gon fr\u00e5n Polaroid \u2013 en perfekt kombination av stil och komfort. De t\u00e5liga plastb\u00e5garna \u00e4r b\u00e5de l\u00e4tta och slitstarka, vilket g\u00f6r dem bekv\u00e4ma f\u00f6r daglig anv\u00e4ndning. Den slanka, rektangul\u00e4ra formen ger ett modernt uttryck som smickrar de flesta ansiktsformer och passar b\u00e5de professionella sammanhang och avslappnade aktiviteter. Den diskreta Polaroid-logotypen p\u00e5 skalmarna signalerar kvalitet [&hellip;]<\/p>","protected":false},"featured_media":4960,"comment_status":"open","ping_status":"closed","template":"","meta":{"_acf_changed":false},"product_brand":[],"product_cat":[153],"product_tag":[],"class_list":{"0":"post-4931","1":"product","2":"type-product","3":"status-publish","4":"has-post-thumbnail","6":"product_cat-polaroid","8":"first","9":"instock","10":"taxable","11":"shipping-taxable","12":"purchasable","13":"product-type-variable"},"acf":[],"wcpa_form_fields":null,"_links":{"self":[{"href":"https:\/\/opticallensbuy.com\/en\/wp-json\/wp\/v2\/product\/4931","targetHints":{"allow":["GET"]}}],"collection":[{"href":"https:\/\/opticallensbuy.com\/en\/wp-json\/wp\/v2\/product"}],"about":[{"href":"https:\/\/opticallensbuy.com\/en\/wp-json\/wp\/v2\/types\/product"}],"replies":[{"embeddable":true,"href":"https:\/\/opticallensbuy.com\/en\/wp-json\/wp\/v2\/comments?post=4931"}],"wp:featuredmedia":[{"embeddable":true,"href":"https:\/\/opticallensbuy.com\/en\/wp-json\/wp\/v2\/media\/4960"}],"wp:attachment":[{"href":"https:\/\/opticallensbuy.com\/en\/wp-json\/wp\/v2\/media?parent=4931"}],"wp:term":[{"taxonomy":"product_brand","embeddable":true,"href":"https:\/\/opticallensbuy.com\/en\/wp-json\/wp\/v2\/product_brand?post=4931"},{"taxonomy":"product_cat","embeddable":true,"href":"https:\/\/opticallensbuy.com\/en\/wp-json\/wp\/v2\/product_cat?post=4931"},{"taxonomy":"product_tag","embeddable":true,"href":"https:\/\/opticallensbuy.com\/en\/wp-json\/wp\/v2\/product_tag?post=4931"}],"curies":[{"name":"wp","href":"https:\/\/api.w.org\/{rel}","templated":true}]}}