{"id":4932,"date":"2025-06-02T13:11:56","date_gmt":"2025-06-02T13:11:56","guid":{"rendered":"https:\/\/opticallensbuy.webgiantdemo.se\/?post_type=product&#038;p=4932"},"modified":"2025-06-23T08:25:33","modified_gmt":"2025-06-23T08:25:33","slug":"pld-d529-polaroid-glasses","status":"publish","type":"product","link":"https:\/\/opticallensbuy.com\/en\/product\/pld-d529-polaroid-glasses\/","title":{"rendered":"PLD D529 Polaroid Glasses"},"content":{"rendered":"<p><strong>PLD D529-glas\u00f6gon<\/strong> from <strong>Polaroid<\/strong> \u2013 d\u00e4r innovation m\u00f6ter tidl\u00f6s stil. De fyrkantiga b\u00e5garna i slitstark plast ger ett chic men sofistikerat uttryck, perfekt f\u00f6r b\u00e5de moderna yrkespersoner och stilmedvetna individer.<\/p>\n<p>Den omsorgsfulla designen kombinerar rena linjer med en subtil retrok\u00e4nsla, s\u00e5 att du alltid sticker ut i m\u00e4ngden. De l\u00e4tta materialen erbjuder o\u00f6vertr\u00e4ffad komfort f\u00f6r heldagsanv\u00e4ndning \u2013 oavsett om du \u00e4r p\u00e5 kontoret, ute p\u00e5 stan eller tar det lugnt till vardags.<\/p>\n<p>Polaroids expertis m\u00e4rks i den unika bryggan och de robusta skalmarna som s\u00f6ml\u00f6st f\u00f6renar mode och funktion. <strong>PLD D529<\/strong> \u00e4r ett bevis p\u00e5 Polaroids engagemang f\u00f6r kvalitet och stil \u2013 ett praktiskt tillbeh\u00f6r som ocks\u00e5 fungerar som statement\u00adpiece.<\/p>\n<p>S\u00e4tt p\u00e5 dig dessa b\u00e5gar och k\u00e4nn hur looken genast lyfts med sj\u00e4lvs\u00e4ker elegans. Uppgradera din glas\u00f6gon\u00adgarderob med <strong>PLD D529<\/strong> och njut av komfort och o\u00f6vertr\u00e4ffad stil vid varje tillf\u00e4lle.<\/p>","protected":false},"excerpt":{"rendered":"<p>PLD D529-glas\u00f6gon fr\u00e5n Polaroid \u2013 d\u00e4r innovation m\u00f6ter tidl\u00f6s stil. De fyrkantiga b\u00e5garna i slitstark plast ger ett chic men sofistikerat uttryck, perfekt f\u00f6r b\u00e5de moderna yrkespersoner och stilmedvetna individer. Den omsorgsfulla designen kombinerar rena linjer med en subtil retrok\u00e4nsla, s\u00e5 att du alltid sticker ut i m\u00e4ngden. De l\u00e4tta materialen erbjuder o\u00f6vertr\u00e4ffad komfort f\u00f6r [&hellip;]<\/p>","protected":false},"featured_media":4967,"comment_status":"open","ping_status":"closed","template":"","meta":{"_acf_changed":false},"product_brand":[],"product_cat":[153],"product_tag":[],"class_list":{"0":"post-4932","1":"product","2":"type-product","3":"status-publish","4":"has-post-thumbnail","6":"product_cat-polaroid","8":"first","9":"instock","10":"taxable","11":"shipping-taxable","12":"purchasable","13":"product-type-variable"},"acf":[],"wcpa_form_fields":null,"_links":{"self":[{"href":"https:\/\/opticallensbuy.com\/en\/wp-json\/wp\/v2\/product\/4932","targetHints":{"allow":["GET"]}}],"collection":[{"href":"https:\/\/opticallensbuy.com\/en\/wp-json\/wp\/v2\/product"}],"about":[{"href":"https:\/\/opticallensbuy.com\/en\/wp-json\/wp\/v2\/types\/product"}],"replies":[{"embeddable":true,"href":"https:\/\/opticallensbuy.com\/en\/wp-json\/wp\/v2\/comments?post=4932"}],"wp:featuredmedia":[{"embeddable":true,"href":"https:\/\/opticallensbuy.com\/en\/wp-json\/wp\/v2\/media\/4967"}],"wp:attachment":[{"href":"https:\/\/opticallensbuy.com\/en\/wp-json\/wp\/v2\/media?parent=4932"}],"wp:term":[{"taxonomy":"product_brand","embeddable":true,"href":"https:\/\/opticallensbuy.com\/en\/wp-json\/wp\/v2\/product_brand?post=4932"},{"taxonomy":"product_cat","embeddable":true,"href":"https:\/\/opticallensbuy.com\/en\/wp-json\/wp\/v2\/product_cat?post=4932"},{"taxonomy":"product_tag","embeddable":true,"href":"https:\/\/opticallensbuy.com\/en\/wp-json\/wp\/v2\/product_tag?post=4932"}],"curies":[{"name":"wp","href":"https:\/\/api.w.org\/{rel}","templated":true}]}}