{"id":4983,"date":"2025-06-02T13:12:07","date_gmt":"2025-06-02T13:12:07","guid":{"rendered":"https:\/\/opticallensbuy.webgiantdemo.se\/?post_type=product&#038;p=4983"},"modified":"2025-06-23T08:21:01","modified_gmt":"2025-06-23T08:21:01","slug":"pld-d532-polaroid-glasses","status":"publish","type":"product","link":"https:\/\/opticallensbuy.com\/en\/product\/pld-d532-polaroid-glasses\/","title":{"rendered":"PLD D532 Polaroid Glasses"},"content":{"rendered":"<p>We present <strong>PLD D532-glas\u00f6gon<\/strong> from <strong>Polaroid<\/strong> \u2013 en perfekt f\u00f6ljeslagare f\u00f6r alla tillf\u00e4llen. Den rektangul\u00e4ra formen ger ett modernt och sofistikerat intryck som passar lika bra p\u00e5 kontoret som vid avslappnade aktiviteter. B\u00e5gen \u00e4r tillverkad av h\u00f6gkvalitativ plast, vilket g\u00f6r den b\u00e5de slitstark och l\u00e4tt f\u00f6r bekv\u00e4m anv\u00e4ndning hela dagen.<\/p>\n<p>Med sin minimalistiska estetik pryds de slanka skalmarna av en diskret Polaroid-logotyp och en smakfull horisontell rand som adderar elegans utan att ta \u00f6ver helhetsintrycket. Den ergonomiska designen f\u00f6ljer naturligt ansiktets konturer och garanterar en behaglig passform oavsett aktivitet.<\/p>\n<p>Uppgradera din eyewear-garderob med <strong>PLD D532<\/strong> fr\u00e5n Polaroid \u2013 d\u00e4r stil m\u00f6ter funktion och l\u00e5ter dig se fantastisk ut samtidigt som du njuter av enast\u00e5ende komfort.<\/p>","protected":false},"excerpt":{"rendered":"<p>Vi presenterar PLD D532-glas\u00f6gon fr\u00e5n Polaroid \u2013 en perfekt f\u00f6ljeslagare f\u00f6r alla tillf\u00e4llen. Den rektangul\u00e4ra formen ger ett modernt och sofistikerat intryck som passar lika bra p\u00e5 kontoret som vid avslappnade aktiviteter. B\u00e5gen \u00e4r tillverkad av h\u00f6gkvalitativ plast, vilket g\u00f6r den b\u00e5de slitstark och l\u00e4tt f\u00f6r bekv\u00e4m anv\u00e4ndning hela dagen. Med sin minimalistiska estetik pryds [&hellip;]<\/p>","protected":false},"featured_media":4993,"comment_status":"open","ping_status":"closed","template":"","meta":{"_acf_changed":false},"product_brand":[],"product_cat":[153],"product_tag":[],"class_list":{"0":"post-4983","1":"product","2":"type-product","3":"status-publish","4":"has-post-thumbnail","6":"product_cat-polaroid","8":"first","9":"instock","10":"taxable","11":"shipping-taxable","12":"purchasable","13":"product-type-variable"},"acf":[],"wcpa_form_fields":null,"_links":{"self":[{"href":"https:\/\/opticallensbuy.com\/en\/wp-json\/wp\/v2\/product\/4983","targetHints":{"allow":["GET"]}}],"collection":[{"href":"https:\/\/opticallensbuy.com\/en\/wp-json\/wp\/v2\/product"}],"about":[{"href":"https:\/\/opticallensbuy.com\/en\/wp-json\/wp\/v2\/types\/product"}],"replies":[{"embeddable":true,"href":"https:\/\/opticallensbuy.com\/en\/wp-json\/wp\/v2\/comments?post=4983"}],"wp:featuredmedia":[{"embeddable":true,"href":"https:\/\/opticallensbuy.com\/en\/wp-json\/wp\/v2\/media\/4993"}],"wp:attachment":[{"href":"https:\/\/opticallensbuy.com\/en\/wp-json\/wp\/v2\/media?parent=4983"}],"wp:term":[{"taxonomy":"product_brand","embeddable":true,"href":"https:\/\/opticallensbuy.com\/en\/wp-json\/wp\/v2\/product_brand?post=4983"},{"taxonomy":"product_cat","embeddable":true,"href":"https:\/\/opticallensbuy.com\/en\/wp-json\/wp\/v2\/product_cat?post=4983"},{"taxonomy":"product_tag","embeddable":true,"href":"https:\/\/opticallensbuy.com\/en\/wp-json\/wp\/v2\/product_tag?post=4983"}],"curies":[{"name":"wp","href":"https:\/\/api.w.org\/{rel}","templated":true}]}}