{"id":4984,"date":"2025-06-02T13:12:07","date_gmt":"2025-06-02T13:12:07","guid":{"rendered":"https:\/\/opticallensbuy.webgiantdemo.se\/?post_type=product&#038;p=4984"},"modified":"2025-06-23T08:21:43","modified_gmt":"2025-06-23T08:21:43","slug":"pld-d514-polaroid-glasses","status":"publish","type":"product","link":"https:\/\/opticallensbuy.com\/en\/product\/pld-d514-polaroid-glasses\/","title":{"rendered":"PLD D514 Polaroid Glasses"},"content":{"rendered":"<p>Experience the perfect combination of style and comfort with <strong>PLD D514 glasses<\/strong> from <strong>Polaroid<\/strong>, exklusivt hos Spex4Less. De slanka, rektangul\u00e4ra b\u00e5garna i h\u00f6gkvalitativ plast ger ett modernt och m\u00e5ngsidigt uttryck som enkelt matchar varje outfit. Designen full\u00e4ndas av en distinkt tv\u00e5tonad detalj vid tinningarna som tillf\u00f6r en livfull touch.<\/p>\n<p>Perfekta f\u00f6r b\u00e5de aff\u00e4rsm\u00f6ten och avslappnade tillf\u00e4llen erbjuder de l\u00e4tta b\u00e5garna komfort hela dagen utan att kompromissa med h\u00e5llbarhet. Den ergonomiska utformningen med mjukt b\u00f6jda skalmar ger en s\u00e4ker passform och g\u00f6r modellen l\u00e4mplig f\u00f6r b\u00e5de kvinnor och m\u00e4n. Den diskret etsade Polaroid-logotypen p\u00e5 skalmarna vittnar om varum\u00e4rkets kvalitet och l\u00e5nga tradition inom eyewear.<\/p>\n<p>With <strong>PLD D514<\/strong> Feel confident and sophisticated, knowing you&#039;ve chosen eyewear that prioritizes both fashion and function. Elevate your eyewear wardrobe with this unique design that combines understated elegance with a contemporary twist - a lasting impression where Polaroid&#039;s groundbreaking design meets practicality.<\/p>","protected":false},"excerpt":{"rendered":"<p>Upplev den perfekta kombinationen av stil och komfort med PLD D514-glas\u00f6gon fr\u00e5n Polaroid, exklusivt hos Spex4Less. De slanka, rektangul\u00e4ra b\u00e5garna i h\u00f6gkvalitativ plast ger ett modernt och m\u00e5ngsidigt uttryck som enkelt matchar varje outfit. Designen full\u00e4ndas av en distinkt tv\u00e5tonad detalj vid tinningarna som tillf\u00f6r en livfull touch. Perfekta f\u00f6r b\u00e5de aff\u00e4rsm\u00f6ten och avslappnade tillf\u00e4llen [&hellip;]<\/p>","protected":false},"featured_media":5002,"comment_status":"open","ping_status":"closed","template":"","meta":{"_acf_changed":false},"product_brand":[],"product_cat":[153],"product_tag":[],"class_list":{"0":"post-4984","1":"product","2":"type-product","3":"status-publish","4":"has-post-thumbnail","6":"product_cat-polaroid","8":"first","9":"instock","10":"taxable","11":"shipping-taxable","12":"purchasable","13":"product-type-variable"},"acf":[],"wcpa_form_fields":null,"_links":{"self":[{"href":"https:\/\/opticallensbuy.com\/en\/wp-json\/wp\/v2\/product\/4984","targetHints":{"allow":["GET"]}}],"collection":[{"href":"https:\/\/opticallensbuy.com\/en\/wp-json\/wp\/v2\/product"}],"about":[{"href":"https:\/\/opticallensbuy.com\/en\/wp-json\/wp\/v2\/types\/product"}],"replies":[{"embeddable":true,"href":"https:\/\/opticallensbuy.com\/en\/wp-json\/wp\/v2\/comments?post=4984"}],"wp:featuredmedia":[{"embeddable":true,"href":"https:\/\/opticallensbuy.com\/en\/wp-json\/wp\/v2\/media\/5002"}],"wp:attachment":[{"href":"https:\/\/opticallensbuy.com\/en\/wp-json\/wp\/v2\/media?parent=4984"}],"wp:term":[{"taxonomy":"product_brand","embeddable":true,"href":"https:\/\/opticallensbuy.com\/en\/wp-json\/wp\/v2\/product_brand?post=4984"},{"taxonomy":"product_cat","embeddable":true,"href":"https:\/\/opticallensbuy.com\/en\/wp-json\/wp\/v2\/product_cat?post=4984"},{"taxonomy":"product_tag","embeddable":true,"href":"https:\/\/opticallensbuy.com\/en\/wp-json\/wp\/v2\/product_tag?post=4984"}],"curies":[{"name":"wp","href":"https:\/\/api.w.org\/{rel}","templated":true}]}}