{"id":4985,"date":"2025-06-02T13:12:07","date_gmt":"2025-06-02T13:12:07","guid":{"rendered":"https:\/\/opticallensbuy.webgiantdemo.se\/?post_type=product&#038;p=4985"},"modified":"2025-06-23T08:22:06","modified_gmt":"2025-06-23T08:22:06","slug":"pld-d484-polaroid-glasses","status":"publish","type":"product","link":"https:\/\/opticallensbuy.com\/en\/product\/pld-d484-polaroid-glasses\/","title":{"rendered":"PLD D484 Polaroid Glasses"},"content":{"rendered":"<p><strong>PLD D484-glas\u00f6gon<\/strong> from <strong>Polaroid<\/strong> \u2013 tidl\u00f6s elegans f\u00f6r dig som v\u00e4rdes\u00e4tter b\u00e5de stil och komfort. De sofistikerade, rektangul\u00e4ra b\u00e5garna \u00e4r tillverkade av slitstark plast av h\u00f6g kvalitet, vilket garanterar l\u00e5ngvarig h\u00e5llbarhet och en l\u00e4tt, bekv\u00e4m k\u00e4nsla hela dagen.<\/p>\n<p>Polaroids v\u00e4lrenommerade hantverk m\u00e4rks i de rena linjerna och den perfekta finishen. Den l\u00e4tta konstruktionen fungerar lika bra p\u00e5 kontoret som under lediga dagar och adderar en diskret touch av klass till varje outfit.<\/p>\n<p><strong>PLD D484<\/strong> f\u00f6renar mode och funktion i en m\u00e5ngsidig design som lyfter din personliga stil med sj\u00e4lvklar finess.<\/p>","protected":false},"excerpt":{"rendered":"<p>PLD D484-glas\u00f6gon fr\u00e5n Polaroid \u2013 tidl\u00f6s elegans f\u00f6r dig som v\u00e4rdes\u00e4tter b\u00e5de stil och komfort. De sofistikerade, rektangul\u00e4ra b\u00e5garna \u00e4r tillverkade av slitstark plast av h\u00f6g kvalitet, vilket garanterar l\u00e5ngvarig h\u00e5llbarhet och en l\u00e4tt, bekv\u00e4m k\u00e4nsla hela dagen. Polaroids v\u00e4lrenommerade hantverk m\u00e4rks i de rena linjerna och den perfekta finishen. Den l\u00e4tta konstruktionen fungerar lika [&hellip;]<\/p>","protected":false},"featured_media":5009,"comment_status":"open","ping_status":"closed","template":"","meta":{"_acf_changed":false},"product_brand":[],"product_cat":[153],"product_tag":[],"class_list":{"0":"post-4985","1":"product","2":"type-product","3":"status-publish","4":"has-post-thumbnail","6":"product_cat-polaroid","8":"first","9":"instock","10":"taxable","11":"shipping-taxable","12":"purchasable","13":"product-type-variable"},"acf":[],"wcpa_form_fields":null,"_links":{"self":[{"href":"https:\/\/opticallensbuy.com\/en\/wp-json\/wp\/v2\/product\/4985","targetHints":{"allow":["GET"]}}],"collection":[{"href":"https:\/\/opticallensbuy.com\/en\/wp-json\/wp\/v2\/product"}],"about":[{"href":"https:\/\/opticallensbuy.com\/en\/wp-json\/wp\/v2\/types\/product"}],"replies":[{"embeddable":true,"href":"https:\/\/opticallensbuy.com\/en\/wp-json\/wp\/v2\/comments?post=4985"}],"wp:featuredmedia":[{"embeddable":true,"href":"https:\/\/opticallensbuy.com\/en\/wp-json\/wp\/v2\/media\/5009"}],"wp:attachment":[{"href":"https:\/\/opticallensbuy.com\/en\/wp-json\/wp\/v2\/media?parent=4985"}],"wp:term":[{"taxonomy":"product_brand","embeddable":true,"href":"https:\/\/opticallensbuy.com\/en\/wp-json\/wp\/v2\/product_brand?post=4985"},{"taxonomy":"product_cat","embeddable":true,"href":"https:\/\/opticallensbuy.com\/en\/wp-json\/wp\/v2\/product_cat?post=4985"},{"taxonomy":"product_tag","embeddable":true,"href":"https:\/\/opticallensbuy.com\/en\/wp-json\/wp\/v2\/product_tag?post=4985"}],"curies":[{"name":"wp","href":"https:\/\/api.w.org\/{rel}","templated":true}]}}