{"id":4986,"date":"2025-06-02T13:12:07","date_gmt":"2025-06-02T13:12:07","guid":{"rendered":"https:\/\/opticallensbuy.webgiantdemo.se\/?post_type=product&#038;p=4986"},"modified":"2025-06-23T08:22:58","modified_gmt":"2025-06-23T08:22:58","slug":"tf-5294-tom-ford-glasses","status":"publish","type":"product","link":"https:\/\/opticallensbuy.com\/en\/product\/tf-5294-tom-ford-glasses\/","title":{"rendered":"TF 5294 Tom Ford Glasses"},"content":{"rendered":"<p><strong>FT 5294 Tom Ford<\/strong>. Var dj\u00e4rv och nostalgisk med dessa retroinspirerade \u201cgeek\u201d-glas\u00f6gon fr\u00e5n Tom Ford. Den klassiska runda designen garanterar att du g\u00f6r ett statement och sticker ut fr\u00e5n m\u00e4ngden \u2013 perfekt f\u00f6r dig som vill skapa en ikonisk vardagsstil.<\/p>\n<p>Alla Tom Ford-glas\u00f6gon fr\u00e5n Spex4less levereras med etui, reng\u00f6ringsduk, 12 m\u00e5naders b\u00e5ggaranti samt v\u00e5r sedvanliga 100 % n\u00f6jdhetsgaranti.<\/p>","protected":false},"excerpt":{"rendered":"<p>FT 5294 Tom Ford. Var dj\u00e4rv och nostalgisk med dessa retroinspirerade \u201cgeek\u201d-glas\u00f6gon fr\u00e5n Tom Ford. Den klassiska runda designen garanterar att du g\u00f6r ett statement och sticker ut fr\u00e5n m\u00e4ngden \u2013 perfekt f\u00f6r dig som vill skapa en ikonisk vardagsstil. Alla Tom Ford-glas\u00f6gon fr\u00e5n Spex4less levereras med etui, reng\u00f6ringsduk, 12 m\u00e5naders b\u00e5ggaranti samt v\u00e5r sedvanliga [&hellip;]<\/p>","protected":false},"featured_media":5020,"comment_status":"open","ping_status":"closed","template":"","meta":{"_acf_changed":false},"product_brand":[],"product_cat":[154],"product_tag":[],"class_list":{"0":"post-4986","1":"product","2":"type-product","3":"status-publish","4":"has-post-thumbnail","6":"product_cat-tom-ford","8":"first","9":"instock","10":"taxable","11":"shipping-taxable","12":"purchasable","13":"product-type-variable"},"acf":[],"wcpa_form_fields":null,"_links":{"self":[{"href":"https:\/\/opticallensbuy.com\/en\/wp-json\/wp\/v2\/product\/4986","targetHints":{"allow":["GET"]}}],"collection":[{"href":"https:\/\/opticallensbuy.com\/en\/wp-json\/wp\/v2\/product"}],"about":[{"href":"https:\/\/opticallensbuy.com\/en\/wp-json\/wp\/v2\/types\/product"}],"replies":[{"embeddable":true,"href":"https:\/\/opticallensbuy.com\/en\/wp-json\/wp\/v2\/comments?post=4986"}],"wp:featuredmedia":[{"embeddable":true,"href":"https:\/\/opticallensbuy.com\/en\/wp-json\/wp\/v2\/media\/5020"}],"wp:attachment":[{"href":"https:\/\/opticallensbuy.com\/en\/wp-json\/wp\/v2\/media?parent=4986"}],"wp:term":[{"taxonomy":"product_brand","embeddable":true,"href":"https:\/\/opticallensbuy.com\/en\/wp-json\/wp\/v2\/product_brand?post=4986"},{"taxonomy":"product_cat","embeddable":true,"href":"https:\/\/opticallensbuy.com\/en\/wp-json\/wp\/v2\/product_cat?post=4986"},{"taxonomy":"product_tag","embeddable":true,"href":"https:\/\/opticallensbuy.com\/en\/wp-json\/wp\/v2\/product_tag?post=4986"}],"curies":[{"name":"wp","href":"https:\/\/api.w.org\/{rel}","templated":true}]}}