{"id":5045,"date":"2025-06-02T13:12:20","date_gmt":"2025-06-02T13:12:20","guid":{"rendered":"https:\/\/opticallensbuy.webgiantdemo.se\/?post_type=product&#038;p=5045"},"modified":"2025-06-23T08:18:08","modified_gmt":"2025-06-23T08:18:08","slug":"ft5557-b-tom-ford-glasses","status":"publish","type":"product","link":"https:\/\/opticallensbuy.com\/en\/product\/ft5557-b-tom-ford-glasses\/","title":{"rendered":"FT5557-B Tom Ford Glasses"},"content":{"rendered":"<div data-content-type=\"html\" data-appearance=\"default\" data-element=\"main\">\n<p>S\u00e4tt tonen f\u00f6r tidl\u00f6s sofistikation med <strong>Tom Ford FT5557-glas\u00f6gonen<\/strong> \u2013 ett statement f\u00f6r dig som uppskattar raffinerad elegans. Den klassiska runda formen i elegant acetat f\u00f6renar vintageinspiration med modern lyx.<\/p>\n<\/div>","protected":false},"excerpt":{"rendered":"<p>S\u00e4tt tonen f\u00f6r tidl\u00f6s sofistikation med Tom Ford FT5557-glas\u00f6gonen \u2013 ett statement f\u00f6r dig som uppskattar raffinerad elegans. Den klassiska runda formen i elegant acetat f\u00f6renar vintageinspiration med modern lyx.<\/p>","protected":false},"featured_media":5070,"comment_status":"open","ping_status":"closed","template":"","meta":{"_acf_changed":false},"product_brand":[],"product_cat":[154],"product_tag":[],"class_list":{"0":"post-5045","1":"product","2":"type-product","3":"status-publish","4":"has-post-thumbnail","6":"product_cat-tom-ford","8":"first","9":"instock","10":"taxable","11":"shipping-taxable","12":"purchasable","13":"product-type-variable"},"acf":[],"wcpa_form_fields":null,"_links":{"self":[{"href":"https:\/\/opticallensbuy.com\/en\/wp-json\/wp\/v2\/product\/5045","targetHints":{"allow":["GET"]}}],"collection":[{"href":"https:\/\/opticallensbuy.com\/en\/wp-json\/wp\/v2\/product"}],"about":[{"href":"https:\/\/opticallensbuy.com\/en\/wp-json\/wp\/v2\/types\/product"}],"replies":[{"embeddable":true,"href":"https:\/\/opticallensbuy.com\/en\/wp-json\/wp\/v2\/comments?post=5045"}],"wp:featuredmedia":[{"embeddable":true,"href":"https:\/\/opticallensbuy.com\/en\/wp-json\/wp\/v2\/media\/5070"}],"wp:attachment":[{"href":"https:\/\/opticallensbuy.com\/en\/wp-json\/wp\/v2\/media?parent=5045"}],"wp:term":[{"taxonomy":"product_brand","embeddable":true,"href":"https:\/\/opticallensbuy.com\/en\/wp-json\/wp\/v2\/product_brand?post=5045"},{"taxonomy":"product_cat","embeddable":true,"href":"https:\/\/opticallensbuy.com\/en\/wp-json\/wp\/v2\/product_cat?post=5045"},{"taxonomy":"product_tag","embeddable":true,"href":"https:\/\/opticallensbuy.com\/en\/wp-json\/wp\/v2\/product_tag?post=5045"}],"curies":[{"name":"wp","href":"https:\/\/api.w.org\/{rel}","templated":true}]}}