{"id":5046,"date":"2025-06-02T13:12:20","date_gmt":"2025-06-02T13:12:20","guid":{"rendered":"https:\/\/opticallensbuy.webgiantdemo.se\/?post_type=product&#038;p=5046"},"modified":"2025-06-23T08:18:50","modified_gmt":"2025-06-23T08:18:50","slug":"ft5949-b-tom-ford-glasses","status":"publish","type":"product","link":"https:\/\/opticallensbuy.com\/en\/product\/ft5949-b-tom-ford-glasses\/","title":{"rendered":"FT5949-B Tom Ford Glasses"},"content":{"rendered":"<div data-content-type=\"html\" data-appearance=\"default\" data-element=\"main\">\n<p>Elevate your everyday style with <strong>Tom Ford FT5949-B<\/strong> \u2013 en sofistikerad cat-eye-b\u00e5ge som f\u00f6renar modern elegans med tidl\u00f6s charm. B\u00e5gen \u00e4r tillverkad av f\u00f6rstklassig acetat, och den ikoniska Tom Ford-\u201dT\u201d-detaljen p\u00e5 g\u00e5ngj\u00e4rnen ger en lyxig touch. Den l\u00e4tta designen garanterar dessutom bekv\u00e4m anv\u00e4ndning hela dagen.<\/p>\n<\/div>","protected":false},"excerpt":{"rendered":"<p>H\u00f6j din vardagsstil med Tom Ford FT5949-B \u2013 en sofistikerad cat-eye-b\u00e5ge som f\u00f6renar modern elegans med tidl\u00f6s charm. B\u00e5gen \u00e4r tillverkad av f\u00f6rstklassig acetat, och den ikoniska Tom Ford-\u201dT\u201d-detaljen p\u00e5 g\u00e5ngj\u00e4rnen ger en lyxig touch. Den l\u00e4tta designen garanterar dessutom bekv\u00e4m anv\u00e4ndning hela dagen.<\/p>","protected":false},"featured_media":5079,"comment_status":"open","ping_status":"closed","template":"","meta":{"_acf_changed":false},"product_brand":[],"product_cat":[154],"product_tag":[],"class_list":{"0":"post-5046","1":"product","2":"type-product","3":"status-publish","4":"has-post-thumbnail","6":"product_cat-tom-ford","8":"first","9":"instock","10":"taxable","11":"shipping-taxable","12":"purchasable","13":"product-type-variable"},"acf":[],"wcpa_form_fields":null,"_links":{"self":[{"href":"https:\/\/opticallensbuy.com\/en\/wp-json\/wp\/v2\/product\/5046","targetHints":{"allow":["GET"]}}],"collection":[{"href":"https:\/\/opticallensbuy.com\/en\/wp-json\/wp\/v2\/product"}],"about":[{"href":"https:\/\/opticallensbuy.com\/en\/wp-json\/wp\/v2\/types\/product"}],"replies":[{"embeddable":true,"href":"https:\/\/opticallensbuy.com\/en\/wp-json\/wp\/v2\/comments?post=5046"}],"wp:featuredmedia":[{"embeddable":true,"href":"https:\/\/opticallensbuy.com\/en\/wp-json\/wp\/v2\/media\/5079"}],"wp:attachment":[{"href":"https:\/\/opticallensbuy.com\/en\/wp-json\/wp\/v2\/media?parent=5046"}],"wp:term":[{"taxonomy":"product_brand","embeddable":true,"href":"https:\/\/opticallensbuy.com\/en\/wp-json\/wp\/v2\/product_brand?post=5046"},{"taxonomy":"product_cat","embeddable":true,"href":"https:\/\/opticallensbuy.com\/en\/wp-json\/wp\/v2\/product_cat?post=5046"},{"taxonomy":"product_tag","embeddable":true,"href":"https:\/\/opticallensbuy.com\/en\/wp-json\/wp\/v2\/product_tag?post=5046"}],"curies":[{"name":"wp","href":"https:\/\/api.w.org\/{rel}","templated":true}]}}