{"id":5103,"date":"2025-06-02T13:12:32","date_gmt":"2025-06-02T13:12:32","guid":{"rendered":"https:\/\/opticallensbuy.webgiantdemo.se\/?post_type=product&#038;p=5103"},"modified":"2025-06-23T08:08:46","modified_gmt":"2025-06-23T08:08:46","slug":"ft5634-b-tom-ford","status":"publish","type":"product","link":"https:\/\/opticallensbuy.com\/en\/product\/ft5634-b-tom-ford\/","title":{"rendered":"FT5634-B Tom Ford"},"content":{"rendered":"<p><strong>FT5634-B Tom Ford<\/strong>. Create a classic look with these stylish glasses from Tom Ford. All Tom Ford glasses from Spex4less come with a case, cleaning cloth, 12 month frame warranty and our usual 100% satisfaction guarantee.<\/p>","protected":false},"excerpt":{"rendered":"<p>FT5634-B Tom Ford. Skapa en klassisk look med dessa stilfulla glas\u00f6gon fr\u00e5n Tom Ford. Alla Tom Ford-glas\u00f6gon fr\u00e5n Spex4less levereras med etui, reng\u00f6ringsduk, 12 m\u00e5naders b\u00e5ggaranti samt v\u00e5r sedvanliga 100 % n\u00f6jdhetsgaranti.<\/p>","protected":false},"featured_media":5107,"comment_status":"open","ping_status":"closed","template":"","meta":{"_acf_changed":false},"product_brand":[],"product_cat":[154],"product_tag":[],"class_list":{"0":"post-5103","1":"product","2":"type-product","3":"status-publish","4":"has-post-thumbnail","6":"product_cat-tom-ford","8":"first","9":"instock","10":"taxable","11":"shipping-taxable","12":"purchasable","13":"product-type-variable"},"acf":[],"wcpa_form_fields":null,"_links":{"self":[{"href":"https:\/\/opticallensbuy.com\/en\/wp-json\/wp\/v2\/product\/5103","targetHints":{"allow":["GET"]}}],"collection":[{"href":"https:\/\/opticallensbuy.com\/en\/wp-json\/wp\/v2\/product"}],"about":[{"href":"https:\/\/opticallensbuy.com\/en\/wp-json\/wp\/v2\/types\/product"}],"replies":[{"embeddable":true,"href":"https:\/\/opticallensbuy.com\/en\/wp-json\/wp\/v2\/comments?post=5103"}],"wp:featuredmedia":[{"embeddable":true,"href":"https:\/\/opticallensbuy.com\/en\/wp-json\/wp\/v2\/media\/5107"}],"wp:attachment":[{"href":"https:\/\/opticallensbuy.com\/en\/wp-json\/wp\/v2\/media?parent=5103"}],"wp:term":[{"taxonomy":"product_brand","embeddable":true,"href":"https:\/\/opticallensbuy.com\/en\/wp-json\/wp\/v2\/product_brand?post=5103"},{"taxonomy":"product_cat","embeddable":true,"href":"https:\/\/opticallensbuy.com\/en\/wp-json\/wp\/v2\/product_cat?post=5103"},{"taxonomy":"product_tag","embeddable":true,"href":"https:\/\/opticallensbuy.com\/en\/wp-json\/wp\/v2\/product_tag?post=5103"}],"curies":[{"name":"wp","href":"https:\/\/api.w.org\/{rel}","templated":true}]}}