{"id":5104,"date":"2025-06-02T13:12:32","date_gmt":"2025-06-02T13:12:32","guid":{"rendered":"https:\/\/opticallensbuy.webgiantdemo.se\/?post_type=product&#038;p=5104"},"modified":"2025-06-23T08:09:19","modified_gmt":"2025-06-23T08:09:19","slug":"tf-5629-tom-ford-glasses","status":"publish","type":"product","link":"https:\/\/opticallensbuy.com\/en\/product\/tf-5629-tom-ford-glasses\/","title":{"rendered":"TF 5629 Tom Ford Glasses"},"content":{"rendered":"<p><strong>TF 5629 Tom Ford<\/strong>. Stick ut fr\u00e5n m\u00e4ngden med dessa eleganta, smarta och skarpt designade glas\u00f6gon fr\u00e5n Tom Ford. Skapade f\u00f6r att g\u00f6ra varje vardagslook tidl\u00f6s och enkel, garanterar de att du s\u00e4tter ett dj\u00e4rvt avtryck.<\/p>\n<p>Alla Tom Ford-glas\u00f6gon fr\u00e5n Spex4less levereras med etui, reng\u00f6ringsduk, 12 m\u00e5naders b\u00e5ggaranti och v\u00e5r sedvanliga 100 % n\u00f6jdhetsgaranti.<\/p>","protected":false},"excerpt":{"rendered":"<p>TF 5629 Tom Ford. Stick ut fr\u00e5n m\u00e4ngden med dessa eleganta, smarta och skarpt designade glas\u00f6gon fr\u00e5n Tom Ford. Skapade f\u00f6r att g\u00f6ra varje vardagslook tidl\u00f6s och enkel, garanterar de att du s\u00e4tter ett dj\u00e4rvt avtryck. Alla Tom Ford-glas\u00f6gon fr\u00e5n Spex4less levereras med etui, reng\u00f6ringsduk, 12 m\u00e5naders b\u00e5ggaranti och v\u00e5r sedvanliga 100 % n\u00f6jdhetsgaranti.<\/p>","protected":false},"featured_media":5112,"comment_status":"open","ping_status":"closed","template":"","meta":{"_acf_changed":false},"product_brand":[],"product_cat":[154],"product_tag":[],"class_list":{"0":"post-5104","1":"product","2":"type-product","3":"status-publish","4":"has-post-thumbnail","6":"product_cat-tom-ford","8":"first","9":"instock","10":"taxable","11":"shipping-taxable","12":"purchasable","13":"product-type-variable"},"acf":[],"wcpa_form_fields":null,"_links":{"self":[{"href":"https:\/\/opticallensbuy.com\/en\/wp-json\/wp\/v2\/product\/5104","targetHints":{"allow":["GET"]}}],"collection":[{"href":"https:\/\/opticallensbuy.com\/en\/wp-json\/wp\/v2\/product"}],"about":[{"href":"https:\/\/opticallensbuy.com\/en\/wp-json\/wp\/v2\/types\/product"}],"replies":[{"embeddable":true,"href":"https:\/\/opticallensbuy.com\/en\/wp-json\/wp\/v2\/comments?post=5104"}],"wp:featuredmedia":[{"embeddable":true,"href":"https:\/\/opticallensbuy.com\/en\/wp-json\/wp\/v2\/media\/5112"}],"wp:attachment":[{"href":"https:\/\/opticallensbuy.com\/en\/wp-json\/wp\/v2\/media?parent=5104"}],"wp:term":[{"taxonomy":"product_brand","embeddable":true,"href":"https:\/\/opticallensbuy.com\/en\/wp-json\/wp\/v2\/product_brand?post=5104"},{"taxonomy":"product_cat","embeddable":true,"href":"https:\/\/opticallensbuy.com\/en\/wp-json\/wp\/v2\/product_cat?post=5104"},{"taxonomy":"product_tag","embeddable":true,"href":"https:\/\/opticallensbuy.com\/en\/wp-json\/wp\/v2\/product_tag?post=5104"}],"curies":[{"name":"wp","href":"https:\/\/api.w.org\/{rel}","templated":true}]}}