{"id":5179,"date":"2025-06-03T10:19:07","date_gmt":"2025-06-03T10:19:07","guid":{"rendered":"https:\/\/opticallensbuy.webgiantdemo.se\/product\/rb2198\/"},"modified":"2025-06-23T08:01:22","modified_gmt":"2025-06-23T08:01:22","slug":"rb2198","status":"publish","type":"product","link":"https:\/\/opticallensbuy.com\/en\/product\/rb2198\/","title":{"rendered":"RB2198"},"content":{"rendered":"<p><strong>RB 2198 sunglasses<\/strong> from <strong>Ray-Ban<\/strong> \u2013 ett exklusivt val f\u00f6r den stilmedvetne. De \u00e4r tillverkade av f\u00f6rstklassig acetat som f\u00f6renar elegant finish med h\u00f6g slitstyrka, vilket g\u00f6r dem bekv\u00e4ma att b\u00e4ra under l\u00e5nga perioder. Den djupa och distinkta formen ger en modern twist p\u00e5 den klassiska designen och skapar en dj\u00e4rv silhuett som smickrar m\u00e5nga ansiktsformer.<\/p>\n<p>Solglas\u00f6gonen kombinerar samtida stil med vintagecharm genom intrikata detaljer som f\u00e5r dem att sticka ut. Den dubbla bryggan tillf\u00f6r en sofistikerad touch, medan de m\u00f6nstrade accenterna p\u00e5 fronten och skalmarna sk\u00e4nker tidl\u00f6s elegans. Perfekta f\u00f6r allt fr\u00e5n avslappnade dagar till glamour\u00f6sa tillst\u00e4llningar levererar de kompromissl\u00f6s komfort och stil.<\/p>\n<p>S\u00e4tt p\u00e5 dig dessa ikoniska Ray-Ban-b\u00e5gar och upplev den perfekta balansen mellan funktion och mode. Du skyddar inte bara \u00f6gonen utan g\u00f6r ocks\u00e5 ett starkt stilstatement. <strong>RB 2198<\/strong> is the ultimate accessory for both women and men who want to stand out with confident elegance.<\/p>","protected":false},"excerpt":{"rendered":"<p>RB 2198-solglas\u00f6gon fr\u00e5n Ray-Ban \u2013 ett exklusivt val f\u00f6r den stilmedvetne. De \u00e4r tillverkade av f\u00f6rstklassig acetat som f\u00f6renar elegant finish med h\u00f6g slitstyrka, vilket g\u00f6r dem bekv\u00e4ma att b\u00e4ra under l\u00e5nga perioder. Den djupa och distinkta formen ger en modern twist p\u00e5 den klassiska designen och skapar en dj\u00e4rv silhuett som smickrar m\u00e5nga ansiktsformer. [&hellip;]<\/p>","protected":false},"featured_media":5178,"comment_status":"open","ping_status":"closed","template":"","meta":{"_acf_changed":false},"product_brand":[],"product_cat":[149],"product_tag":[],"class_list":{"0":"post-5179","1":"product","2":"type-product","3":"status-publish","4":"has-post-thumbnail","6":"product_cat-ray-ban","8":"first","9":"instock","10":"taxable","11":"shipping-taxable","12":"purchasable","13":"product-type-variable"},"acf":[],"wcpa_form_fields":null,"_links":{"self":[{"href":"https:\/\/opticallensbuy.com\/en\/wp-json\/wp\/v2\/product\/5179","targetHints":{"allow":["GET"]}}],"collection":[{"href":"https:\/\/opticallensbuy.com\/en\/wp-json\/wp\/v2\/product"}],"about":[{"href":"https:\/\/opticallensbuy.com\/en\/wp-json\/wp\/v2\/types\/product"}],"replies":[{"embeddable":true,"href":"https:\/\/opticallensbuy.com\/en\/wp-json\/wp\/v2\/comments?post=5179"}],"wp:featuredmedia":[{"embeddable":true,"href":"https:\/\/opticallensbuy.com\/en\/wp-json\/wp\/v2\/media\/5178"}],"wp:attachment":[{"href":"https:\/\/opticallensbuy.com\/en\/wp-json\/wp\/v2\/media?parent=5179"}],"wp:term":[{"taxonomy":"product_brand","embeddable":true,"href":"https:\/\/opticallensbuy.com\/en\/wp-json\/wp\/v2\/product_brand?post=5179"},{"taxonomy":"product_cat","embeddable":true,"href":"https:\/\/opticallensbuy.com\/en\/wp-json\/wp\/v2\/product_cat?post=5179"},{"taxonomy":"product_tag","embeddable":true,"href":"https:\/\/opticallensbuy.com\/en\/wp-json\/wp\/v2\/product_tag?post=5179"}],"curies":[{"name":"wp","href":"https:\/\/api.w.org\/{rel}","templated":true}]}}