{"id":5226,"date":"2025-06-03T10:19:16","date_gmt":"2025-06-03T10:19:16","guid":{"rendered":"https:\/\/opticallensbuy.webgiantdemo.se\/?post_type=product&#038;p=5226"},"modified":"2025-06-23T07:52:38","modified_gmt":"2025-06-23T07:52:38","slug":"rb-3720-ray-ban-sunglasses","status":"publish","type":"product","link":"https:\/\/opticallensbuy.com\/en\/product\/rb-3720-ray-ban-sunglasses\/","title":{"rendered":"Ray-Ban RB 3720 Sunglasses"},"content":{"rendered":"<p><strong>RB 3720 sunglasses<\/strong> from <strong>Ray-Ban<\/strong> \u2013 en uts\u00f6kt fusion av stil och funktionalitet. De h\u00f6gkvalitativa metallb\u00e5garna utstr\u00e5lar sofistikerad elegans samtidigt som de \u00e4r l\u00e4tta och slitstarka, vilket ger en bekv\u00e4m k\u00e4nsla som h\u00e5ller hela dagen. Den djupa, dj\u00e4rva linsformen ger en modern twist p\u00e5 den klassiska Ray-Ban-estetiken och passar lika bra till sommarfestivaler som till mer formella tillst\u00e4llningar.<\/p>\n<p>Den fint formade designen ger en s\u00e4ker passform, medan justerbara n\u00e4skuddar \u00f6kar komforten ytterligare. Den diskreta Ray-Ban-logotypen pryder skalmen och markerar b\u00e5de kvalitet och stil. Med <strong>RB 3720<\/strong> You not only get superior eye protection but also an obvious style statement \u2013 where contemporary design meets timeless appeal.<\/p>","protected":false},"excerpt":{"rendered":"<p>RB 3720-solglas\u00f6gon fr\u00e5n Ray-Ban \u2013 en uts\u00f6kt fusion av stil och funktionalitet. De h\u00f6gkvalitativa metallb\u00e5garna utstr\u00e5lar sofistikerad elegans samtidigt som de \u00e4r l\u00e4tta och slitstarka, vilket ger en bekv\u00e4m k\u00e4nsla som h\u00e5ller hela dagen. Den djupa, dj\u00e4rva linsformen ger en modern twist p\u00e5 den klassiska Ray-Ban-estetiken och passar lika bra till sommarfestivaler som till mer [&hellip;]<\/p>","protected":false},"featured_media":5261,"comment_status":"open","ping_status":"closed","template":"","meta":{"_acf_changed":false},"product_brand":[],"product_cat":[149],"product_tag":[],"class_list":{"0":"post-5226","1":"product","2":"type-product","3":"status-publish","4":"has-post-thumbnail","6":"product_cat-ray-ban","8":"first","9":"instock","10":"taxable","11":"shipping-taxable","12":"purchasable","13":"product-type-variable"},"acf":[],"wcpa_form_fields":null,"_links":{"self":[{"href":"https:\/\/opticallensbuy.com\/en\/wp-json\/wp\/v2\/product\/5226","targetHints":{"allow":["GET"]}}],"collection":[{"href":"https:\/\/opticallensbuy.com\/en\/wp-json\/wp\/v2\/product"}],"about":[{"href":"https:\/\/opticallensbuy.com\/en\/wp-json\/wp\/v2\/types\/product"}],"replies":[{"embeddable":true,"href":"https:\/\/opticallensbuy.com\/en\/wp-json\/wp\/v2\/comments?post=5226"}],"wp:featuredmedia":[{"embeddable":true,"href":"https:\/\/opticallensbuy.com\/en\/wp-json\/wp\/v2\/media\/5261"}],"wp:attachment":[{"href":"https:\/\/opticallensbuy.com\/en\/wp-json\/wp\/v2\/media?parent=5226"}],"wp:term":[{"taxonomy":"product_brand","embeddable":true,"href":"https:\/\/opticallensbuy.com\/en\/wp-json\/wp\/v2\/product_brand?post=5226"},{"taxonomy":"product_cat","embeddable":true,"href":"https:\/\/opticallensbuy.com\/en\/wp-json\/wp\/v2\/product_cat?post=5226"},{"taxonomy":"product_tag","embeddable":true,"href":"https:\/\/opticallensbuy.com\/en\/wp-json\/wp\/v2\/product_tag?post=5226"}],"curies":[{"name":"wp","href":"https:\/\/api.w.org\/{rel}","templated":true}]}}