{"id":5595,"date":"2025-06-03T10:20:28","date_gmt":"2025-06-03T10:20:28","guid":{"rendered":"https:\/\/opticallensbuy.webgiantdemo.se\/?post_type=product&#038;p=5595"},"modified":"2025-06-23T07:19:11","modified_gmt":"2025-06-23T07:19:11","slug":"rb-3025jm-ray-ban-sunglasses","status":"publish","type":"product","link":"https:\/\/opticallensbuy.com\/en\/product\/rb-3025jm-ray-ban-sunglasses\/","title":{"rendered":"Ray-Ban RB 3025JM Sunglasses"},"content":{"rendered":"<p><strong>RB 3025JM sunglasses<\/strong> from <strong>Ray-Ban<\/strong> \u2013 sinnebilden av tidl\u00f6s elegans med en modern twist. Den klassiska pilotmodellen \u00e4r tillverkad i h\u00f6gkvalitativ metall som kombinerar slitstyrka med en slank, l\u00e4tt konstruktion. Den djupa, ikoniska linsformen ger gener\u00f6s t\u00e4ckning och ett sofistikerat skimmer av mystik.<\/p>\n<p>Ray-Bans omsorg f\u00f6r detaljer m\u00e4rks i den dubbla bryggan och de tunna, sm\u00e4ckert b\u00f6jda skalmarna som tillsammans skapar en bekv\u00e4m passform f\u00f6r heldagsanv\u00e4ndning. Justerbara n\u00e4skuddar g\u00f6r det enkelt att anpassa b\u00e5garna efter din ansiktsform f\u00f6r maximalt grepp och komfort, vare sig du \u00e4r p\u00e5 stranden eller ute p\u00e5 stadens gator.<\/p>\n<p>Perfekta f\u00f6r alla tillf\u00e4llen lyfter <strong>RB 3025JM<\/strong> every outfit with confidence and style. Here, classic Ray-Ban character is combined with contemporary finesse \u2013 a must-have in every fashion-conscious sunglass wardrobe where form and function go hand in hand.<\/p>","protected":false},"excerpt":{"rendered":"<p>RB 3025JM-solglas\u00f6gon fr\u00e5n Ray-Ban \u2013 sinnebilden av tidl\u00f6s elegans med en modern twist. Den klassiska pilotmodellen \u00e4r tillverkad i h\u00f6gkvalitativ metall som kombinerar slitstyrka med en slank, l\u00e4tt konstruktion. Den djupa, ikoniska linsformen ger gener\u00f6s t\u00e4ckning och ett sofistikerat skimmer av mystik. Ray-Bans omsorg f\u00f6r detaljer m\u00e4rks i den dubbla bryggan och de tunna, sm\u00e4ckert [&hellip;]<\/p>","protected":false},"featured_media":5605,"comment_status":"open","ping_status":"closed","template":"","meta":{"_acf_changed":false},"product_brand":[],"product_cat":[149],"product_tag":[],"class_list":{"0":"post-5595","1":"product","2":"type-product","3":"status-publish","4":"has-post-thumbnail","6":"product_cat-ray-ban","8":"first","9":"instock","10":"taxable","11":"shipping-taxable","12":"purchasable","13":"product-type-variable"},"acf":[],"wcpa_form_fields":null,"_links":{"self":[{"href":"https:\/\/opticallensbuy.com\/en\/wp-json\/wp\/v2\/product\/5595","targetHints":{"allow":["GET"]}}],"collection":[{"href":"https:\/\/opticallensbuy.com\/en\/wp-json\/wp\/v2\/product"}],"about":[{"href":"https:\/\/opticallensbuy.com\/en\/wp-json\/wp\/v2\/types\/product"}],"replies":[{"embeddable":true,"href":"https:\/\/opticallensbuy.com\/en\/wp-json\/wp\/v2\/comments?post=5595"}],"wp:featuredmedia":[{"embeddable":true,"href":"https:\/\/opticallensbuy.com\/en\/wp-json\/wp\/v2\/media\/5605"}],"wp:attachment":[{"href":"https:\/\/opticallensbuy.com\/en\/wp-json\/wp\/v2\/media?parent=5595"}],"wp:term":[{"taxonomy":"product_brand","embeddable":true,"href":"https:\/\/opticallensbuy.com\/en\/wp-json\/wp\/v2\/product_brand?post=5595"},{"taxonomy":"product_cat","embeddable":true,"href":"https:\/\/opticallensbuy.com\/en\/wp-json\/wp\/v2\/product_cat?post=5595"},{"taxonomy":"product_tag","embeddable":true,"href":"https:\/\/opticallensbuy.com\/en\/wp-json\/wp\/v2\/product_tag?post=5595"}],"curies":[{"name":"wp","href":"https:\/\/api.w.org\/{rel}","templated":true}]}}