{"id":5596,"date":"2025-06-03T10:20:28","date_gmt":"2025-06-03T10:20:28","guid":{"rendered":"https:\/\/opticallensbuy.webgiantdemo.se\/?post_type=product&#038;p=5596"},"modified":"2025-06-23T07:19:51","modified_gmt":"2025-06-23T07:19:51","slug":"rb3025","status":"publish","type":"product","link":"https:\/\/opticallensbuy.com\/en\/product\/rb3025\/","title":{"rendered":"RB3025"},"content":{"rendered":"<p><strong>RB 3025 sunglasses<\/strong> from <strong>Ray-Ban<\/strong> \u2013 sinnebilden av tidl\u00f6s stil och modern sofistikation. De \u00e4r omsorgsfullt tillverkade i robust metall som ger en l\u00e4tt men h\u00e5llbar b\u00e5ge f\u00f6r l\u00e5ngvarig komfort och slitstyrka.<\/p>\n<p>Den djupa linsformen f\u00f6ljer ansiktskonturerna p\u00e5 ett smickrande s\u00e4tt och framh\u00e4ver dina naturliga drag. Den eleganta designen och de genomt\u00e4nkta detaljerna f\u00f6renar klassisk charm med samtida elegans, vilket g\u00f6r solglas\u00f6gonen perfekta f\u00f6r b\u00e5de festliga tillst\u00e4llningar och avslappnade dagar.<\/p>\n<p>With <strong>RB 3025<\/strong> you get a perfect combination of style, comfort and premium quality \u2013 an indispensable accessory that elevates every outfit and makes you feel confident and extraordinary with every use.<\/p>","protected":false},"excerpt":{"rendered":"<p>RB 3025-solglas\u00f6gon fr\u00e5n Ray-Ban \u2013 sinnebilden av tidl\u00f6s stil och modern sofistikation. De \u00e4r omsorgsfullt tillverkade i robust metall som ger en l\u00e4tt men h\u00e5llbar b\u00e5ge f\u00f6r l\u00e5ngvarig komfort och slitstyrka. Den djupa linsformen f\u00f6ljer ansiktskonturerna p\u00e5 ett smickrande s\u00e4tt och framh\u00e4ver dina naturliga drag. Den eleganta designen och de genomt\u00e4nkta detaljerna f\u00f6renar klassisk charm [&hellip;]<\/p>","protected":false},"featured_media":5614,"comment_status":"open","ping_status":"closed","template":"","meta":{"_acf_changed":false},"product_brand":[],"product_cat":[149],"product_tag":[],"class_list":{"0":"post-5596","1":"product","2":"type-product","3":"status-publish","4":"has-post-thumbnail","6":"product_cat-ray-ban","8":"first","9":"instock","10":"taxable","11":"shipping-taxable","12":"purchasable","13":"product-type-variable"},"acf":[],"wcpa_form_fields":null,"_links":{"self":[{"href":"https:\/\/opticallensbuy.com\/en\/wp-json\/wp\/v2\/product\/5596","targetHints":{"allow":["GET"]}}],"collection":[{"href":"https:\/\/opticallensbuy.com\/en\/wp-json\/wp\/v2\/product"}],"about":[{"href":"https:\/\/opticallensbuy.com\/en\/wp-json\/wp\/v2\/types\/product"}],"replies":[{"embeddable":true,"href":"https:\/\/opticallensbuy.com\/en\/wp-json\/wp\/v2\/comments?post=5596"}],"wp:featuredmedia":[{"embeddable":true,"href":"https:\/\/opticallensbuy.com\/en\/wp-json\/wp\/v2\/media\/5614"}],"wp:attachment":[{"href":"https:\/\/opticallensbuy.com\/en\/wp-json\/wp\/v2\/media?parent=5596"}],"wp:term":[{"taxonomy":"product_brand","embeddable":true,"href":"https:\/\/opticallensbuy.com\/en\/wp-json\/wp\/v2\/product_brand?post=5596"},{"taxonomy":"product_cat","embeddable":true,"href":"https:\/\/opticallensbuy.com\/en\/wp-json\/wp\/v2\/product_cat?post=5596"},{"taxonomy":"product_tag","embeddable":true,"href":"https:\/\/opticallensbuy.com\/en\/wp-json\/wp\/v2\/product_tag?post=5596"}],"curies":[{"name":"wp","href":"https:\/\/api.w.org\/{rel}","templated":true}]}}