{"id":5646,"date":"2025-06-03T10:20:39","date_gmt":"2025-06-03T10:20:39","guid":{"rendered":"https:\/\/opticallensbuy.webgiantdemo.se\/?post_type=product&#038;p=5646"},"modified":"2025-07-04T19:36:51","modified_gmt":"2025-07-04T18:36:51","slug":"oo-9238-oakley-sunglasses","status":"publish","type":"product","link":"https:\/\/opticallensbuy.com\/en\/product\/oo-9238-oakley-sunglasses\/","title":{"rendered":"OO 9238 Oakley Sunglasses"},"content":{"rendered":"<p><strong>OO 9238 sunglasses<\/strong> from <strong>Oakley<\/strong> \u2013 sinnebilden av stil och prestanda. Tillverkade i slitstark plast med en omslutande (wraparound) design som ger ett sm\u00e4ckert, modernt uttryck och perfekt t\u00e4ckning oavsett om du \u00e4r ute i naturen eller g\u00f6r ett fashion statement i stan.<\/p>\n<p>Den omslutande formen erbjuder utm\u00e4rkt skydd och s\u00e4ker passform hela dagen, medan den robusta men l\u00e4ttviktiga konstruktionen \u00e4r idealisk f\u00f6r en aktiv livsstil \u2013 perfekt f\u00f6r sport och andra utomhusaktiviteter. Den distinkta Oakley-emblemet p\u00e5 skalmarna tillf\u00f6r en sofistikerad touch som h\u00f6jer den dj\u00e4rva designen.<\/p>\n<p>With <strong>OO 9238<\/strong> You get superior craftsmanship, innovative design and a confident look, making these sunglasses an indispensable choice for anyone seeking both style and functionality in their eyewear.<\/p>","protected":false},"excerpt":{"rendered":"<p>OO 9238-solglas\u00f6gon fr\u00e5n Oakley \u2013 sinnebilden av stil och prestanda. Tillverkade i slitstark plast med en omslutande (wraparound) design som ger ett sm\u00e4ckert, modernt uttryck och perfekt t\u00e4ckning oavsett om du \u00e4r ute i naturen eller g\u00f6r ett fashion statement i stan. Den omslutande formen erbjuder utm\u00e4rkt skydd och s\u00e4ker passform hela dagen, medan den [&hellip;]<\/p>","protected":false},"featured_media":5696,"comment_status":"open","ping_status":"closed","template":"","meta":{"_acf_changed":false},"product_brand":[],"product_cat":[55],"product_tag":[],"class_list":{"0":"post-5646","1":"product","2":"type-product","3":"status-publish","4":"has-post-thumbnail","6":"product_cat-solglasogon","8":"first","9":"instock","10":"taxable","11":"shipping-taxable","12":"purchasable","13":"product-type-variable"},"acf":[],"wcpa_form_fields":null,"_links":{"self":[{"href":"https:\/\/opticallensbuy.com\/en\/wp-json\/wp\/v2\/product\/5646","targetHints":{"allow":["GET"]}}],"collection":[{"href":"https:\/\/opticallensbuy.com\/en\/wp-json\/wp\/v2\/product"}],"about":[{"href":"https:\/\/opticallensbuy.com\/en\/wp-json\/wp\/v2\/types\/product"}],"replies":[{"embeddable":true,"href":"https:\/\/opticallensbuy.com\/en\/wp-json\/wp\/v2\/comments?post=5646"}],"wp:featuredmedia":[{"embeddable":true,"href":"https:\/\/opticallensbuy.com\/en\/wp-json\/wp\/v2\/media\/5696"}],"wp:attachment":[{"href":"https:\/\/opticallensbuy.com\/en\/wp-json\/wp\/v2\/media?parent=5646"}],"wp:term":[{"taxonomy":"product_brand","embeddable":true,"href":"https:\/\/opticallensbuy.com\/en\/wp-json\/wp\/v2\/product_brand?post=5646"},{"taxonomy":"product_cat","embeddable":true,"href":"https:\/\/opticallensbuy.com\/en\/wp-json\/wp\/v2\/product_cat?post=5646"},{"taxonomy":"product_tag","embeddable":true,"href":"https:\/\/opticallensbuy.com\/en\/wp-json\/wp\/v2\/product_tag?post=5646"}],"curies":[{"name":"wp","href":"https:\/\/api.w.org\/{rel}","templated":true}]}}