{"id":5701,"date":"2025-06-03T10:20:53","date_gmt":"2025-06-03T10:20:53","guid":{"rendered":"https:\/\/opticallensbuy.webgiantdemo.se\/?post_type=product&#038;p=5701"},"modified":"2025-07-04T19:37:48","modified_gmt":"2025-07-04T18:37:48","slug":"oo9265","status":"publish","type":"product","link":"https:\/\/opticallensbuy.com\/en\/product\/oo9265\/","title":{"rendered":"OO9265"},"content":{"rendered":"<p><strong>OO 9265 sunglasses<\/strong> from <strong>Oakley<\/strong> \u2013 d\u00e4r samtida stil m\u00f6ter o\u00f6vertr\u00e4ffad komfort. Tillverkade i h\u00f6gkvalitativ plast som ger en l\u00e4tt och h\u00e5llbar b\u00e5ge, har de en djup, sofistikerad form som f\u00f6renar moderna trender med tidl\u00f6s elegans. Den diskreta men tydliga Oakley-logotypen p\u00e5 skalmarna understryker varum\u00e4rkets v\u00e4lk\u00e4nda expertis inom glas\u00f6gondesign.<\/p>\n<p>Dessa solglas\u00f6gon \u00e4r mer \u00e4n en accessoar \u2013 de f\u00f6rkroppsligar b\u00e5de stil och funktionalitet. Det l\u00e4tta materialet s\u00e4kerst\u00e4ller komfort hela dagen, vilket g\u00f6r dem perfekta f\u00f6r allt fr\u00e5n avslappnade utflykter till mer formella tillf\u00e4llen. Du kommer att uppskatta den slitstarka konstruktionen och den s\u00e4kra passformen som kombinerar p\u00e5litlighet med enkel anv\u00e4ndning.<\/p>\n<p>Den djupa b\u00e5gformen ger ett distinkt uttryck och gener\u00f6s t\u00e4ckning mot solen. Rena linjer och mjuka konturer bidrar till en elegant estetik som lyfter vilken outfit som helst. S\u00e4tt p\u00e5 dig <strong>OO 9265<\/strong> from Oakley to add an unbeatable mix of style and comfort - an ace up your sleeve for those who want to combine simple elegance with practical function.<\/p>","protected":false},"excerpt":{"rendered":"<p>OO 9265-solglas\u00f6gon fr\u00e5n Oakley \u2013 d\u00e4r samtida stil m\u00f6ter o\u00f6vertr\u00e4ffad komfort. Tillverkade i h\u00f6gkvalitativ plast som ger en l\u00e4tt och h\u00e5llbar b\u00e5ge, har de en djup, sofistikerad form som f\u00f6renar moderna trender med tidl\u00f6s elegans. Den diskreta men tydliga Oakley-logotypen p\u00e5 skalmarna understryker varum\u00e4rkets v\u00e4lk\u00e4nda expertis inom glas\u00f6gondesign. Dessa solglas\u00f6gon \u00e4r mer \u00e4n en accessoar [&hellip;]<\/p>","protected":false},"featured_media":5708,"comment_status":"open","ping_status":"closed","template":"","meta":{"_acf_changed":false},"product_brand":[],"product_cat":[55],"product_tag":[],"class_list":{"0":"post-5701","1":"product","2":"type-product","3":"status-publish","4":"has-post-thumbnail","6":"product_cat-solglasogon","8":"first","9":"instock","10":"taxable","11":"shipping-taxable","12":"purchasable","13":"product-type-variable"},"acf":[],"wcpa_form_fields":null,"_links":{"self":[{"href":"https:\/\/opticallensbuy.com\/en\/wp-json\/wp\/v2\/product\/5701","targetHints":{"allow":["GET"]}}],"collection":[{"href":"https:\/\/opticallensbuy.com\/en\/wp-json\/wp\/v2\/product"}],"about":[{"href":"https:\/\/opticallensbuy.com\/en\/wp-json\/wp\/v2\/types\/product"}],"replies":[{"embeddable":true,"href":"https:\/\/opticallensbuy.com\/en\/wp-json\/wp\/v2\/comments?post=5701"}],"wp:featuredmedia":[{"embeddable":true,"href":"https:\/\/opticallensbuy.com\/en\/wp-json\/wp\/v2\/media\/5708"}],"wp:attachment":[{"href":"https:\/\/opticallensbuy.com\/en\/wp-json\/wp\/v2\/media?parent=5701"}],"wp:term":[{"taxonomy":"product_brand","embeddable":true,"href":"https:\/\/opticallensbuy.com\/en\/wp-json\/wp\/v2\/product_brand?post=5701"},{"taxonomy":"product_cat","embeddable":true,"href":"https:\/\/opticallensbuy.com\/en\/wp-json\/wp\/v2\/product_cat?post=5701"},{"taxonomy":"product_tag","embeddable":true,"href":"https:\/\/opticallensbuy.com\/en\/wp-json\/wp\/v2\/product_tag?post=5701"}],"curies":[{"name":"wp","href":"https:\/\/api.w.org\/{rel}","templated":true}]}}