{"id":5757,"date":"2025-06-03T10:21:07","date_gmt":"2025-06-03T10:21:07","guid":{"rendered":"https:\/\/opticallensbuy.webgiantdemo.se\/?post_type=product&#038;p=5757"},"modified":"2025-07-04T19:38:05","modified_gmt":"2025-07-04T18:38:05","slug":"oo9508","status":"publish","type":"product","link":"https:\/\/opticallensbuy.com\/en\/product\/oo9508\/","title":{"rendered":"OO9508"},"content":{"rendered":"<p data-start=\"0\" data-end=\"405\">Experience iconic Oakley style in a sleeker format with Frogskins\u2122 S (OO9508). Designed for slimmer faces, this smaller version of the classic &#039;80s frame is crafted from lightweight, impact-resistant O Matter\u2122 for all-day comfort. The matte tortoiseshell frame is complemented by wide temples with an embossed Oakley logo for a timeless sporty look.<\/p>\n<p data-start=\"407\" data-end=\"832\">Prizm Tungsten lenses optimize color and contrast to bring out sharper details, while filtering out 100 % of all harmful UV rays. With a 14 % light transmission, they are perfect in bright sunlight, and the bronze base provides a warm, natural look. The lens proportions are the same as the original Frogskins\u2122, but the overall width is scaled down to 126mm for a more streamlined fit.<\/p>","protected":false},"excerpt":{"rendered":"<p>Upplev ikonisk Oakley-stil i ett smidigare format med Frogskins\u2122 S (OO9508). Denna mindre version av den klassiska 80-talsb\u00e5gen \u00e4r utformad f\u00f6r smalare ansikten och tillverkad i l\u00e4tt, slagt\u00e5lig O Matter\u2122, vilket ger h\u00f6g komfort under hela dagen. Den matta sk\u00f6ldpaddsf\u00e4rgade ramen kompletteras av breda skalmar med pr\u00e4glad Oakley-logotyp f\u00f6r en tidl\u00f6st sportig look. Prizm Tungsten-linserna [&hellip;]<\/p>","protected":false},"featured_media":5788,"comment_status":"open","ping_status":"closed","template":"","meta":{"_acf_changed":false},"product_brand":[],"product_cat":[55],"product_tag":[],"class_list":{"0":"post-5757","1":"product","2":"type-product","3":"status-publish","4":"has-post-thumbnail","6":"product_cat-solglasogon","8":"first","9":"instock","10":"taxable","11":"shipping-taxable","12":"purchasable","13":"product-type-variable"},"acf":[],"wcpa_form_fields":null,"_links":{"self":[{"href":"https:\/\/opticallensbuy.com\/en\/wp-json\/wp\/v2\/product\/5757","targetHints":{"allow":["GET"]}}],"collection":[{"href":"https:\/\/opticallensbuy.com\/en\/wp-json\/wp\/v2\/product"}],"about":[{"href":"https:\/\/opticallensbuy.com\/en\/wp-json\/wp\/v2\/types\/product"}],"replies":[{"embeddable":true,"href":"https:\/\/opticallensbuy.com\/en\/wp-json\/wp\/v2\/comments?post=5757"}],"wp:featuredmedia":[{"embeddable":true,"href":"https:\/\/opticallensbuy.com\/en\/wp-json\/wp\/v2\/media\/5788"}],"wp:attachment":[{"href":"https:\/\/opticallensbuy.com\/en\/wp-json\/wp\/v2\/media?parent=5757"}],"wp:term":[{"taxonomy":"product_brand","embeddable":true,"href":"https:\/\/opticallensbuy.com\/en\/wp-json\/wp\/v2\/product_brand?post=5757"},{"taxonomy":"product_cat","embeddable":true,"href":"https:\/\/opticallensbuy.com\/en\/wp-json\/wp\/v2\/product_cat?post=5757"},{"taxonomy":"product_tag","embeddable":true,"href":"https:\/\/opticallensbuy.com\/en\/wp-json\/wp\/v2\/product_tag?post=5757"}],"curies":[{"name":"wp","href":"https:\/\/api.w.org\/{rel}","templated":true}]}}