{"id":5927,"date":"2025-06-03T10:21:50","date_gmt":"2025-06-03T10:21:50","guid":{"rendered":"https:\/\/opticallensbuy.webgiantdemo.se\/?post_type=product&#038;p=5927"},"modified":"2025-06-23T05:55:14","modified_gmt":"2025-06-23T05:55:14","slug":"ua-assist2-under-armour-sunglasses","status":"publish","type":"product","link":"https:\/\/opticallensbuy.com\/en\/product\/ua-assist2-under-armour-sunglasses\/","title":{"rendered":"UA ASSIST2 Under Armor Sunglasses"},"content":{"rendered":"<p>We present <strong>UA ASSIST2<\/strong> from <strong>Under Armour<\/strong> \u2013 d\u00e4r banbrytande design m\u00f6ter o\u00f6vertr\u00e4ffad komfort. De \u00e4r tillverkade i h\u00f6gkvalitativ plast och har en elegant, rektangul\u00e4r form som ger ett samtida och sportigt uttryck i sann Under Armour-anda.<\/p>\n<p>Den robusta men \u00e4nd\u00e5 l\u00e4tta konstruktionen g\u00f6r att b\u00e5garna sitter bekv\u00e4mt, oavsett om du b\u00e4r dem till vardags eller under intensiva aktiviteter. Den diskreta Under Armour-logotypen p\u00e5 skalmarna ger en touch av prestige, medan den f\u00f6ljsamma passformen smiter \u00e5t runt ansiktet f\u00f6r utm\u00e4rkt komfort och h\u00e5llbarhet.<\/p>\n<p>Oavsett om du \u00e4r p\u00e5 v\u00e4g till en avslappnad brunch, ett h\u00e5rt tr\u00e4ningspass eller en ledig dag p\u00e5 stan f\u00f6rh\u00f6jer <strong>UA ASSIST2<\/strong> your style while providing reliable eye protection. These sunglasses are more than just an accessory \u2013 they are a statement of dynamism and sophistication.<\/p>","protected":false},"excerpt":{"rendered":"<p>Vi presenterar UA ASSIST2 fr\u00e5n Under Armour \u2013 d\u00e4r banbrytande design m\u00f6ter o\u00f6vertr\u00e4ffad komfort. De \u00e4r tillverkade i h\u00f6gkvalitativ plast och har en elegant, rektangul\u00e4r form som ger ett samtida och sportigt uttryck i sann Under Armour-anda. Den robusta men \u00e4nd\u00e5 l\u00e4tta konstruktionen g\u00f6r att b\u00e5garna sitter bekv\u00e4mt, oavsett om du b\u00e4r dem till vardags [&hellip;]<\/p>","protected":false},"featured_media":5936,"comment_status":"open","ping_status":"closed","template":"","meta":{"_acf_changed":false},"product_brand":[],"product_cat":[305],"product_tag":[],"class_list":{"0":"post-5927","1":"product","2":"type-product","3":"status-publish","4":"has-post-thumbnail","6":"product_cat-under-armour","8":"first","9":"instock","10":"taxable","11":"shipping-taxable","12":"purchasable","13":"product-type-variable"},"acf":[],"wcpa_form_fields":null,"_links":{"self":[{"href":"https:\/\/opticallensbuy.com\/en\/wp-json\/wp\/v2\/product\/5927","targetHints":{"allow":["GET"]}}],"collection":[{"href":"https:\/\/opticallensbuy.com\/en\/wp-json\/wp\/v2\/product"}],"about":[{"href":"https:\/\/opticallensbuy.com\/en\/wp-json\/wp\/v2\/types\/product"}],"replies":[{"embeddable":true,"href":"https:\/\/opticallensbuy.com\/en\/wp-json\/wp\/v2\/comments?post=5927"}],"wp:featuredmedia":[{"embeddable":true,"href":"https:\/\/opticallensbuy.com\/en\/wp-json\/wp\/v2\/media\/5936"}],"wp:attachment":[{"href":"https:\/\/opticallensbuy.com\/en\/wp-json\/wp\/v2\/media?parent=5927"}],"wp:term":[{"taxonomy":"product_brand","embeddable":true,"href":"https:\/\/opticallensbuy.com\/en\/wp-json\/wp\/v2\/product_brand?post=5927"},{"taxonomy":"product_cat","embeddable":true,"href":"https:\/\/opticallensbuy.com\/en\/wp-json\/wp\/v2\/product_cat?post=5927"},{"taxonomy":"product_tag","embeddable":true,"href":"https:\/\/opticallensbuy.com\/en\/wp-json\/wp\/v2\/product_tag?post=5927"}],"curies":[{"name":"wp","href":"https:\/\/api.w.org\/{rel}","templated":true}]}}