{"id":6039,"date":"2025-06-03T10:22:17","date_gmt":"2025-06-03T10:22:17","guid":{"rendered":"https:\/\/opticallensbuy.webgiantdemo.se\/?post_type=product&#038;p=6039"},"modified":"2025-06-23T03:36:07","modified_gmt":"2025-06-23T03:36:07","slug":"ea2161","status":"publish","type":"product","link":"https:\/\/opticallensbuy.com\/en\/product\/ea2161\/","title":{"rendered":"EA2161"},"content":{"rendered":"<div class=\"flex max-w-full flex-col grow\">\n<div class=\"min-h-8 text-message relative flex w-full flex-col items-end gap-2 text-start break-words whitespace-normal [.text-message+&amp;]:mt-5\" dir=\"auto\" data-message-author-role=\"assistant\" data-message-id=\"21728b99-5418-4bbe-bd62-498d870626ca\" data-message-model-slug=\"o3\">\n<div class=\"flex w-full flex-col gap-1 empty:hidden first:pt-[3px]\">\n<div class=\"markdown prose dark:prose-invert w-full break-words light\">\n<p data-start=\"0\" data-end=\"434\"><strong data-start=\"0\" data-end=\"71\">Emporio Armani EA 2161 \u2013 sunglasses with a modern, geometric attitude<\/strong><br data-start=\"71\" data-end=\"74\" \/>Discover how Emporio Armani interprets the classic aviator look in a soft-edged, full-rim design in matte metal. The lightweight frame creates a sophisticated silhouette, while adjustable nose pads and thin temples ensure a comfortable fit all day long. Gradient lenses in impact-resistant polycarbonate filter 100% of harmful UV rays, completing the luxurious feel.<\/p>\n<p data-start=\"436\" data-end=\"466\"><strong data-start=\"436\" data-end=\"464\">Technical specifications<\/strong><\/p>\n<ul data-start=\"467\" data-end=\"783\">\n<li data-start=\"467\" data-end=\"511\">\n<p data-start=\"469\" data-end=\"511\"><strong data-start=\"469\" data-end=\"478\">Form:<\/strong> Geometric\/irregular, full rim<\/p>\n<\/li>\n<li data-start=\"512\" data-end=\"559\">\n<p data-start=\"514\" data-end=\"559\"><strong data-start=\"514\" data-end=\"527\">Material:<\/strong> Metal frame, polycarbonate lenses<\/p>\n<\/li>\n<li data-start=\"560\" data-end=\"584\">\n<p data-start=\"562\" data-end=\"584\"><strong data-start=\"562\" data-end=\"576\">Lens width:<\/strong> 55mm<\/p>\n<\/li>\n<li data-start=\"585\" data-end=\"610\">\n<p data-start=\"587\" data-end=\"610\"><strong data-start=\"587\" data-end=\"602\">Bridge width:<\/strong> 18 mm<\/p>\n<\/li>\n<li data-start=\"611\" data-end=\"637\">\n<p data-start=\"613\" data-end=\"637\"><strong data-start=\"613\" data-end=\"628\">Temple length:<\/strong> 140mm<\/p>\n<\/li>\n<li data-start=\"638\" data-end=\"661\">\n<p data-start=\"640\" data-end=\"661\"><strong data-start=\"640\" data-end=\"653\">Lens height:<\/strong> 49mm<\/p>\n<\/li>\n<li data-start=\"662\" data-end=\"678\">\n<p data-start=\"664\" data-end=\"678\"><strong data-start=\"664\" data-end=\"672\">Sex:<\/strong> Ladies<\/p>\n<\/li>\n<li data-start=\"679\" data-end=\"725\">\n<p data-start=\"681\" data-end=\"725\"><strong data-start=\"681\" data-end=\"694\">UV protection:<\/strong> 100 % (category 3, gradient)<\/p>\n<\/li>\n<li data-start=\"726\" data-end=\"783\">\n<p data-start=\"728\" data-end=\"783\"><strong data-start=\"728\" data-end=\"749\">Recipe adaptation:<\/strong> Possible (progressive compatible)<\/p>\n<\/li>\n<\/ul>\n<p data-start=\"785\" data-end=\"810\"><strong data-start=\"785\" data-end=\"808\">Available colors<\/strong><\/p>\n<ul data-start=\"811\" data-end=\"951\">\n<li data-start=\"811\" data-end=\"842\">\n<p data-start=\"813\" data-end=\"842\">Matte Black \/ Grey Gradient<\/p>\n<\/li>\n<li data-start=\"843\" data-end=\"876\">\n<p data-start=\"845\" data-end=\"876\">Matte Tundra \/ Brown Gradient<\/p>\n<\/li>\n<li data-start=\"877\" data-end=\"918\">\n<p data-start=\"879\" data-end=\"918\">Matte Bordeaux \/ Pink Gradient Violet<\/p>\n<\/li>\n<li data-start=\"919\" data-end=\"951\">\n<p data-start=\"921\" data-end=\"951\">Matte Agave \/ Green Gradient<\/p>\n<\/li>\n<\/ul>\n<p data-start=\"953\" data-end=\"1031\" data-is-last-node=\"\" data-is-only-node=\"\"><em data-start=\"953\" data-end=\"1031\" data-is-last-node=\"\">Comes with original case, cleaning cloth and manufacturer&#039;s authenticity\/warranty card.<\/em><\/p>\n<\/div>\n<\/div>\n<\/div>\n<\/div>","protected":false},"excerpt":{"rendered":"<p>Emporio Armani EA 2161 \u2013 solglas\u00f6gon med modern, geometrisk attitydUppt\u00e4ck hur Emporio Armani tolkar den klassiska pilotlooken i en mjukt kantig, full\u00adrim\u00addesign i matt metall. Den l\u00e4tta ramen ger en sofistikerad silhuett medan justerbara n\u00e4skuddar och tunna skalmar s\u00e4kerst\u00e4ller en bekv\u00e4m passform hela dagen. Gradientlinser i slagt\u00e5lig polykarbonat filtrerar 100 % av skadlig UV-str\u00e5lning och [&hellip;]<\/p>","protected":false},"featured_media":6052,"comment_status":"open","ping_status":"closed","template":"","meta":{"_acf_changed":false},"product_brand":[],"product_cat":[152],"product_tag":[],"class_list":{"0":"post-6039","1":"product","2":"type-product","3":"status-publish","4":"has-post-thumbnail","6":"product_cat-emporio-armani","8":"first","9":"instock","10":"taxable","11":"shipping-taxable","12":"purchasable","13":"product-type-variable"},"acf":[],"wcpa_form_fields":null,"_links":{"self":[{"href":"https:\/\/opticallensbuy.com\/en\/wp-json\/wp\/v2\/product\/6039","targetHints":{"allow":["GET"]}}],"collection":[{"href":"https:\/\/opticallensbuy.com\/en\/wp-json\/wp\/v2\/product"}],"about":[{"href":"https:\/\/opticallensbuy.com\/en\/wp-json\/wp\/v2\/types\/product"}],"replies":[{"embeddable":true,"href":"https:\/\/opticallensbuy.com\/en\/wp-json\/wp\/v2\/comments?post=6039"}],"wp:featuredmedia":[{"embeddable":true,"href":"https:\/\/opticallensbuy.com\/en\/wp-json\/wp\/v2\/media\/6052"}],"wp:attachment":[{"href":"https:\/\/opticallensbuy.com\/en\/wp-json\/wp\/v2\/media?parent=6039"}],"wp:term":[{"taxonomy":"product_brand","embeddable":true,"href":"https:\/\/opticallensbuy.com\/en\/wp-json\/wp\/v2\/product_brand?post=6039"},{"taxonomy":"product_cat","embeddable":true,"href":"https:\/\/opticallensbuy.com\/en\/wp-json\/wp\/v2\/product_cat?post=6039"},{"taxonomy":"product_tag","embeddable":true,"href":"https:\/\/opticallensbuy.com\/en\/wp-json\/wp\/v2\/product_tag?post=6039"}],"curies":[{"name":"wp","href":"https:\/\/api.w.org\/{rel}","templated":true}]}}