{"id":6086,"date":"2025-06-22T11:19:00","date_gmt":"2025-06-22T10:19:00","guid":{"rendered":"https:\/\/opticallensbuy.webgiantdemo.se\/?post_type=product&#038;p=6086"},"modified":"2025-08-03T18:21:39","modified_gmt":"2025-08-03T17:21:39","slug":"dailies-total-1-for-astigmatism-30-pack","status":"publish","type":"product","link":"https:\/\/opticallensbuy.com\/en\/product\/dailies-total-1-for-astigmatism-30-pack\/","title":{"rendered":"DAILIES TOTAL 1\u00ae for Astigmatism\u2122 30-pack"},"content":{"rendered":"<div class=\"coh-column auto-height auto-height-coh-style-a-image-size-full-cover ssa-instance-8da6a82eee33d6c7dd5e60feb3bb24a7 coh-ce-cpt_a_hero_text_and_image-5dbb71c4 coh-visible-xs coh-col-xs-12 coh-visible-ps coh-col-ps-12 coh-visible-xl coh-col-xl-6\">\n<div class=\"coh-container content-text ssa-instance-8da6a82eee33d6c7dd5e60feb3bb24a7 coh-ce-cpt_a_hero_text_and_image-a9cc906\">\n<div class=\"coh-container coh-style-a-padding-left-large\">\n<div class=\"coh-wysiwyg\">\n<div>\n<p><span class=\"coh-color-alcon-gray-medium\"><strong>Upplev exceptionell komfort<\/strong><\/span><br \/>\n<span class=\"coh-color-alcon-gray-medium\">Den f\u00f6rsta och enda endagslinsen med vattengradient f\u00f6r astigmatism. Det enda som vidr\u00f6r \u00f6gat \u00e4r en mjuk kudde av fukt.<\/span><\/p>\n<\/div>\n<\/div>\n<\/div>\n<\/div>\n<\/div>\n<div class=\"coh-column None coh-ce-cpt_a_hero_text_and_image-4a2cd918 coh-visible-xs coh-col-xs-12 coh-visible-ps coh-col-ps-12 coh-visible-xl coh-col-xl-6\">\n<div class=\"coh-container content-image auto-height ssa-instance-8da6a82eee33d6c7dd5e60feb3bb24a7 coh-ce-cpt_a_hero_text_and_image-75c704f4\">\n<div class=\"coh-container\"><picture><source srcset=\"\/se\/sites\/g\/files\/rbvwei2651\/files\/2023-11\/DTfA.png\" type=\"image\/png\" media=\"(min-width: 1600px)\" \/><source srcset=\"\/se\/sites\/g\/files\/rbvwei2651\/files\/2023-11\/DTfA.png\" type=\"image\/png\" media=\"(min-width: 1170px) and (max-width: 1599px)\" \/><source srcset=\"\/se\/sites\/g\/files\/rbvwei2651\/files\/2023-11\/DTfA.png\" type=\"image\/png\" media=\"(min-width: 1024px) and (max-width: 1169px)\" \/><source srcset=\"\/se\/sites\/g\/files\/rbvwei2651\/files\/2023-11\/DTfA.png\" type=\"image\/png\" media=\"(min-width: 768px) and (max-width: 1023px)\" \/><source srcset=\"\/se\/sites\/g\/files\/rbvwei2651\/files\/2023-11\/DTfA.png\" type=\"image\/png\" media=\"(min-width: 565px) and (max-width: 767px)\" \/><source srcset=\"\/se\/sites\/g\/files\/rbvwei2651\/files\/2023-11\/DTfA.png\" type=\"image\/png\" media=\"(min-width: 0px) and (max-width: 564px)\" \/><\/picture><\/div>\n<\/div>\n<div>\n<div>\n<h2>F\u00f6rdelar med DAILIES TOTAL1\u2122 for Astigmatism<\/h2>\n<\/div>\n<ul class=\"coh-style-a-bullet-tick-blue\">\n<li><span class=\"coh-color-alcon-gray-medium\"><strong>KLAR SYN P\u00c5 N\u00c5GRA SEKUNDER<\/strong><\/span><br \/>\n<span class=\"coh-color-alcon-gray-medium\">Linsen sitter bra och ger klar syn redan efter n\u00e5gra sekunder tack vare PRECISION BALANCE 8|4\u2122 Lens Design.<\/span><\/li>\n<li><span class=\"coh-color-alcon-gray-medium\"><strong>DET ENDA SOM VIDR\u00d6R \u00d6GAT \u00c4R EN MJUK KUDDE AV FUKT<\/strong><\/span><br \/>\n<span class=\"coh-color-alcon-gray-medium\">N\u00e4stan 100% vatten vid linsens yta tack vare det unika materialet med vattengradient. Det enda som vidr\u00f6r \u00f6gat \u00e4r en mjuk kudde av fukt.<\/span><\/li>\n<li><span class=\"coh-color-alcon-gray-medium\"><strong>F\u00d6R \u00d6GON SOM M\u00c5R OCH SER BRA UT<\/strong><\/span><br \/>\n<span class=\"coh-color-alcon-gray-medium\">DAILIES TOTAL1\u2122 for Astigmatism har ocks\u00e5 h\u00f6gst andningsf\u00f6rm\u00e5ga<sup>4\u2020<\/sup>\u00a0av alla endagslinser f\u00f6r astigmatism, vilket resulterar i \u00f6gon som m\u00e5r och ser bra ut.<\/span><\/li>\n<li><span class=\"coh-color-alcon-gray-medium\"><strong>NATURLIGA INGREDIENSER F\u00d6R MINSKAD TORRHET<\/strong><\/span><br \/>\n<span class=\"coh-color-alcon-gray-medium\">Minimerar kontaktlinsrelaterad torrhet genom att den patenterade SmarTears\u2122-teknologin frig\u00f6r ingredienser som finns naturligt i t\u00e5rv\u00e4tska.<\/span><\/li>\n<\/ul>\n<\/div>\n<\/div>","protected":false},"excerpt":{"rendered":"<p>Upplev exceptionell komfort Den f\u00f6rsta och enda endagslinsen med vattengradient f\u00f6r astigmatism. Det enda som vidr\u00f6r \u00f6gat \u00e4r en mjuk kudde av fukt. F\u00f6rdelar med DAILIES TOTAL1\u2122 for Astigmatism KLAR SYN P\u00c5 N\u00c5GRA SEKUNDER Linsen sitter bra och ger klar syn redan efter n\u00e5gra sekunder tack vare PRECISION BALANCE 8|4\u2122 Lens Design. DET ENDA SOM [&hellip;]<\/p>","protected":false},"featured_media":6114,"comment_status":"open","ping_status":"closed","template":"","meta":{"_acf_changed":false},"product_brand":[],"product_cat":[318,339],"product_tag":[317],"class_list":{"0":"post-6086","1":"product","2":"type-product","3":"status-publish","4":"has-post-thumbnail","6":"product_cat-linser","7":"product_cat-toric-daily-astigmatism","8":"product_tag-contact-lenses","9":"wcpa_has_options","11":"first","12":"instock","13":"taxable","14":"shipping-taxable","15":"purchasable","16":"product-type-simple"},"acf":[],"wcpa_form_fields":{"wcpaData":{"product":{"product_price":540,"price_html":"<span class=\"woocommerce-Price-amount amount\"><bdi>540,00<span class=\"woocommerce-Price-currencySymbol\">&#107;&#114;<\/span><\/bdi><\/span>","original_product_price":540,"price_including_tax":540,"price_excluding_tax":432,"product_id":{"parent":6086,"variation":false},"is_variable":false,"stock_status":"instock","stock_quantity":null,"parent_sku":"DAILIESTOTAL1ASTIGM30PK","product_attributes":[],"custom_fields":[],"is_taxable":true,"product_name":"DAILIES TOTAL 1\u00ae for Astigmatism\u2122 30-pack"},"fields":{"sec_868754dece721f":{"extra":{"key":"sec_868754dece721f","section_id":"sec_868754dece721f","name":"Default","status":1,"cl_rule":"show","enableCl":false,"relations":[],"toggle":true,"title_tag":"h3","show_title":false,"showPrice":"default","form_id":6394,"form_rules":{"exclude_from_discount":false,"fee_label":"Fee","disp_hide_options_price":false,"disp_show_section_price":false,"disp_show_field_price":false,"layout_option":"standard","pric_use_as_fee":false,"process_fee_as":"woo_fee"},"layout_option":"standard"},"fields":[[{"active":true,"col":2,"relations":false,"cl_rule":"show","enableCl":false,"price":"","enablePrice":false,"className":"","label_position":"default","desc_position":"default","type":"header","required":false,"elementId":"header_8328677159","label":"","subtype":"h6","error":false,"gt_translate_keys":["label"],"price_dependency":false,"cl_dependency":false,"value":""},{"label":"H\u00f6ger","active":true,"elementId":"header-8350416196","className":"uk-text-center","subtype":"h5","enableCl":false,"relations":false,"cl_rule":"show","col":2,"type":"header","error":false,"gt_translate_keys":["label"],"price_dependency":false,"cl_dependency":false,"value":""},{"label":"V\u00e4nster","active":true,"elementId":"header-8351502201","className":"uk-text-center","subtype":"h5","enableCl":false,"relations":false,"cl_rule":"show","col":2,"type":"header","error":false,"gt_translate_keys":["label"],"price_dependency":false,"cl_dependency":false,"value":""}],[{"active":true,"col":2,"relations":false,"cl_rule":"show","enableCl":false,"price":"","enablePrice":false,"className":"","label_position":"default","desc_position":"default","type":"header","required":false,"elementId":"header_8392044342","label":"Baskurva","subtype":"h4","error":false,"gt_translate_keys":["label"],"price_dependency":false,"cl_dependency":false,"value":""},{"active":true,"col":2,"relations":false,"cl_rule":"show","enableCl":false,"price":"","enablePrice":false,"className":"uk-text-center","label_position":"default","desc_position":"default","type":"content","required":false,"elementId":"content_8468171403","label":"8.6","name":"content_8468171403","contentType":"plain","value":"","error":false,"inline":false,"gt_translate_keys":["label","value"],"price_dependency":false,"cl_dependency":false},{"contentType":"plain","active":true,"label":"8.6","elementId":"content-8537473534","value":"","inline":false,"name":"content-8537473534","enablePrice":false,"className":"uk-text-center","enableCl":false,"relations":false,"price":"","cl_rule":"show","col":2,"type":"content","error":false,"gt_translate_keys":["label","value"],"price_dependency":false,"cl_dependency":false}],[{"label":"Diameter","active":true,"elementId":"header-8519206519","className":"","subtype":"h4","enableCl":false,"relations":false,"cl_rule":"show","col":2,"type":"header","error":false,"gt_translate_keys":["label"],"price_dependency":false,"cl_dependency":false,"value":""},{"contentType":"plain","active":true,"label":"14.5","elementId":"content-8508774511","value":"","inline":false,"name":"content-8508774511","enablePrice":false,"className":"uk-text-center","enableCl":false,"relations":false,"price":"","cl_rule":"show","col":2,"type":"content","error":false,"gt_translate_keys":["label","value"],"price_dependency":false,"cl_dependency":false},{"contentType":"plain","active":true,"label":"14.5","elementId":"content-8546264591","value":"","inline":false,"name":"content-8546264591","enablePrice":false,"className":"uk-text-center","enableCl":false,"relations":false,"price":"","cl_rule":"show","col":2,"type":"content","error":false,"gt_translate_keys":["label","value"],"price_dependency":false,"cl_dependency":false}],[{"label":"Sf\u00e4r","active":true,"elementId":"header-5192692181","className":"","subtype":"h4","enableCl":false,"relations":false,"cl_rule":"show","col":2,"type":"header","error":false,"gt_translate_keys":["label"],"price_dependency":false,"cl_dependency":false,"value":""},{"active":true,"col":2,"relations":false,"cl_rule":"show","enableCl":false,"price":"","enablePrice":false,"className":"","label_position":"default","desc_position":"default","type":"select","required":true,"elementId":"select_1932053352","label":"","name":"select_1932053352","values":[{"label":"+0.75","value":"+0.75","selected":false,"tempId":"aco_181","gt_translate_keys":["label"]},{"label":"+0.50","value":"+0.50","selected":false,"tempId":"aco_182","gt_translate_keys":["label"]},{"label":"+0.25","value":"+0.25","selected":false,"tempId":"aco_183","gt_translate_keys":["label"]},{"label":"0.00","value":"0.00","selected":false,"tempId":"aco_355","gt_translate_keys":["label"]},{"label":"-0.25","value":"-0.25","selected":false,"tempId":"aco_446","gt_translate_keys":["label"]},{"label":"-0.50","value":"-0.50","selected":false,"tempId":"aco_695","gt_translate_keys":["label"]},{"label":"-0.75","value":"-0.75","selected":false,"tempId":"aco_795","gt_translate_keys":["label"]}],"dropdown_type":"basic","error":false,"placeholder":"V\u00e4lj","cartLabel":"Sfar H\u00f6ger","gt_translate_keys":["label","placeholder"],"price_dependency":false,"cl_dependency":false,"value":""},{"label":"","cartLabel":"Sfar V\u00e4nster","active":true,"required":true,"elementId":"select-1985614255","dropdown_type":"basic","placeholder":"V\u00e4lj","name":"select-1985614255","label_position":"default","desc_position":"default","enablePrice":false,"className":"","enableCl":false,"relations":false,"values":[{"label":"+0.75","value":"+0.75","selected":false,"tempId":"aco_181","gt_translate_keys":["label"]},{"label":"+0.50","value":"+0.50","selected":false,"tempId":"aco_182","gt_translate_keys":["label"]},{"label":"+0.25","value":"+0.25","selected":false,"tempId":"aco_183","gt_translate_keys":["label"]},{"label":"0.00","value":"0.00","selected":false,"tempId":"aco_355","gt_translate_keys":["label"]},{"label":"-0.25","value":"-0.25","selected":false,"tempId":"aco_446","gt_translate_keys":["label"]},{"label":"-0.50","value":"-0.50","selected":false,"tempId":"aco_695","gt_translate_keys":["label"]},{"label":"-0.75","value":"-0.75","selected":false,"tempId":"aco_795","gt_translate_keys":["label"]}],"price":"","cl_rule":"show","col":2,"type":"select","gt_translate_keys":["label","placeholder"],"price_dependency":false,"cl_dependency":false,"value":""}],[{"label":"Cyl","active":true,"elementId":"header-1928024914","className":"","subtype":"h4","enableCl":false,"relations":false,"cl_rule":"show","col":2,"type":"header","error":false,"gt_translate_keys":["label"],"price_dependency":false,"cl_dependency":false,"value":""},{"label":"","cartLabel":"Cyl H\u00f6ger","active":true,"required":true,"elementId":"select-0008052665","dropdown_type":"basic","placeholder":"V\u00e4lj","name":"select-0008052665","label_position":"default","desc_position":"default","enablePrice":false,"className":"","enableCl":false,"relations":false,"values":[{"label":"-2.25","value":"-2.25","selected":false,"tempId":"aco_181","gt_translate_keys":["label"]},{"label":"-1.75","value":"-1.75","selected":false,"tempId":"aco_182","gt_translate_keys":["label"]},{"label":"-1.25","value":"-1.25","selected":false,"tempId":"aco_183","gt_translate_keys":["label"]},{"label":"-0.75","value":"-0.75","selected":false,"tempId":"aco_355","gt_translate_keys":["label"]}],"price":"","cl_rule":"show","col":2,"type":"select","gt_translate_keys":["label","placeholder"],"price_dependency":false,"cl_dependency":false,"value":""},{"label":"","cartLabel":"Cyl V\u00e4nster","active":true,"required":true,"elementId":"select-9977078596","dropdown_type":"basic","placeholder":"V\u00e4lj","name":"select-9977078596","label_position":"default","desc_position":"default","enablePrice":false,"className":"","enableCl":false,"relations":false,"values":[{"label":"-2.25","value":"-2.25","selected":false,"tempId":"aco_181","gt_translate_keys":["label"]},{"label":"-1.75","value":"-1.75","selected":false,"tempId":"aco_182","gt_translate_keys":["label"]},{"label":"-1.25","value":"-1.25","selected":false,"tempId":"aco_183","gt_translate_keys":["label"]},{"label":"-0.75","value":"-0.75","selected":false,"tempId":"aco_355","gt_translate_keys":["label"]}],"price":"","cl_rule":"show","col":2,"type":"select","gt_translate_keys":["label","placeholder"],"price_dependency":false,"cl_dependency":false,"value":""}],[{"label":"Axel","active":true,"elementId":"header-1928147819","className":"","subtype":"h4","enableCl":false,"relations":false,"cl_rule":"show","col":2,"type":"header","error":false,"gt_translate_keys":["label"],"price_dependency":false,"cl_dependency":false,"value":""},{"label":"","cartLabel":"Axel H\u00f6ger","active":true,"required":true,"elementId":"select-9522929895","dropdown_type":"basic","placeholder":"V\u00e4lj","name":"select-9522929895","label_position":"default","desc_position":"default","enablePrice":false,"className":"","enableCl":false,"relations":false,"values":[{"label":"10","value":"10","selected":false,"tempId":"aco_181","gt_translate_keys":["label"]},{"label":"20","value":"20","selected":false,"tempId":"aco_182","gt_translate_keys":["label"]},{"label":"30","value":"30","selected":false,"tempId":"aco_183","gt_translate_keys":["label"]},{"label":"40","value":"40","selected":false,"tempId":"aco_355","gt_translate_keys":["label"]},{"label":"50","value":"50","selected":false,"tempId":"aco_954","gt_translate_keys":["label"]},{"label":"60","value":"60","selected":false,"tempId":"aco_1000","gt_translate_keys":["label"]},{"label":"70","value":"70","selected":false,"tempId":"aco_1046","gt_translate_keys":["label"]},{"label":"80","value":"80","selected":false,"tempId":"aco_1092","gt_translate_keys":["label"]},{"label":"90","value":"90","selected":false,"tempId":"aco_1138","gt_translate_keys":["label"]},{"label":"100","value":"100","selected":false,"tempId":"aco_1184","gt_translate_keys":["label"]},{"label":"110","value":"110","selected":false,"tempId":"aco_1248","gt_translate_keys":["label"]},{"label":"120","value":"120","selected":false,"tempId":"aco_1348","gt_translate_keys":["label"]},{"label":"130","value":"130","selected":false,"tempId":"aco_1412","gt_translate_keys":["label"]},{"label":"140","value":"140","selected":false,"tempId":"aco_1476","gt_translate_keys":["label"]},{"label":"150","value":"150","selected":false,"tempId":"aco_1540","gt_translate_keys":["label"]},{"label":"160","value":"160","selected":false,"tempId":"aco_1604","gt_translate_keys":["label"]},{"label":"170","value":"170","selected":false,"tempId":"aco_1668","gt_translate_keys":["label"]},{"label":"180","value":"180","selected":false,"tempId":"aco_1732","gt_translate_keys":["label"]}],"price":"","cl_rule":"show","col":2,"type":"select","error":false,"gt_translate_keys":["label","placeholder"],"price_dependency":false,"cl_dependency":false,"value":""},{"label":"","cartLabel":"Axel V\u00e4nster","active":true,"required":true,"elementId":"select-1676531805","dropdown_type":"basic","placeholder":"V\u00e4lj","name":"select-1676531805","label_position":"default","desc_position":"default","enablePrice":false,"className":"","enableCl":false,"relations":false,"values":[{"label":"10","value":"10","selected":false,"tempId":"aco_181","gt_translate_keys":["label"]},{"label":"20","value":"20","selected":false,"tempId":"aco_182","gt_translate_keys":["label"]},{"label":"30","value":"30","selected":false,"tempId":"aco_183","gt_translate_keys":["label"]},{"label":"40","value":"40","selected":false,"tempId":"aco_355","gt_translate_keys":["label"]},{"label":"50","value":"50","selected":false,"tempId":"aco_954","gt_translate_keys":["label"]},{"label":"60","value":"60","selected":false,"tempId":"aco_1000","gt_translate_keys":["label"]},{"label":"70","value":"70","selected":false,"tempId":"aco_1046","gt_translate_keys":["label"]},{"label":"80","value":"80","selected":false,"tempId":"aco_1092","gt_translate_keys":["label"]},{"label":"90","value":"90","selected":false,"tempId":"aco_1138","gt_translate_keys":["label"]},{"label":"100","value":"100","selected":false,"tempId":"aco_1184","gt_translate_keys":["label"]},{"label":"110","value":"110","selected":false,"tempId":"aco_1248","gt_translate_keys":["label"]},{"label":"120","value":"120","selected":false,"tempId":"aco_1348","gt_translate_keys":["label"]},{"label":"130","value":"130","selected":false,"tempId":"aco_1412","gt_translate_keys":["label"]},{"label":"140","value":"140","selected":false,"tempId":"aco_1476","gt_translate_keys":["label"]},{"label":"150","value":"150","selected":false,"tempId":"aco_1540","gt_translate_keys":["label"]},{"label":"160","value":"160","selected":false,"tempId":"aco_1604","gt_translate_keys":["label"]},{"label":"170","value":"170","selected":false,"tempId":"aco_1668","gt_translate_keys":["label"]},{"label":"180","value":"180","selected":false,"tempId":"aco_1732","gt_translate_keys":["label"]}],"price":"","cl_rule":"show","col":2,"type":"select","error":false,"gt_translate_keys":["label","placeholder"],"price_dependency":false,"cl_dependency":false,"value":""}]]}},"config":{"price_override":"","enable_recaptcha":false,"bind_quantity":false,"quantity_bind_formula":false,"disp_summ_show_option_price":false,"disp_summ_show_product_price":false,"disp_summ_show_total_price":false,"disp_summ_show_fee":false,"disp_summ_show_discount":false,"summary_title":"","options_total_label":"Options Price","total_label":"Total","options_product_label":"Product Price","fee_label":"Fee","discount_label":"Discount","has_price":true,"has_quantity_formula":false},"mc_unit":1,"tax_rate":1,"tax_rate_real":0.25,"discount":{"percentage":0,"fixed":0},"design":{"conf":{"LabelPosition":"above","DescPosition":"above","UploadField":"custom_1","QuantityFieldStyle":"default"},"css":{"LeftLabelWidth":"120px"}},"formulas":[],"clones":false,"cartKey":false}},"_links":{"self":[{"href":"https:\/\/opticallensbuy.com\/en\/wp-json\/wp\/v2\/product\/6086","targetHints":{"allow":["GET"]}}],"collection":[{"href":"https:\/\/opticallensbuy.com\/en\/wp-json\/wp\/v2\/product"}],"about":[{"href":"https:\/\/opticallensbuy.com\/en\/wp-json\/wp\/v2\/types\/product"}],"replies":[{"embeddable":true,"href":"https:\/\/opticallensbuy.com\/en\/wp-json\/wp\/v2\/comments?post=6086"}],"wp:featuredmedia":[{"embeddable":true,"href":"https:\/\/opticallensbuy.com\/en\/wp-json\/wp\/v2\/media\/6114"}],"wp:attachment":[{"href":"https:\/\/opticallensbuy.com\/en\/wp-json\/wp\/v2\/media?parent=6086"}],"wp:term":[{"taxonomy":"product_brand","embeddable":true,"href":"https:\/\/opticallensbuy.com\/en\/wp-json\/wp\/v2\/product_brand?post=6086"},{"taxonomy":"product_cat","embeddable":true,"href":"https:\/\/opticallensbuy.com\/en\/wp-json\/wp\/v2\/product_cat?post=6086"},{"taxonomy":"product_tag","embeddable":true,"href":"https:\/\/opticallensbuy.com\/en\/wp-json\/wp\/v2\/product_tag?post=6086"}],"curies":[{"name":"wp","href":"https:\/\/api.w.org\/{rel}","templated":true}]}}