{"id":6095,"date":"2025-06-22T11:25:00","date_gmt":"2025-06-22T10:25:00","guid":{"rendered":"https:\/\/opticallensbuy.webgiantdemo.se\/?post_type=product&#038;p=6095"},"modified":"2025-08-03T18:14:45","modified_gmt":"2025-08-03T17:14:45","slug":"dailies-aquacomfort-plus-spheric-180-pack","status":"publish","type":"product","link":"https:\/\/opticallensbuy.com\/en\/product\/dailies-aquacomfort-plus-spheric-180-pack\/","title":{"rendered":"DAILIES\u00ae AquaComfort Plus\u2122 Spheric 180 Pack"},"content":{"rendered":"<p><span class=\"coh-color-alcon-gray-medium\"><strong>Refreshing comfort all day long<\/strong><\/span><br \/>\n<span class=\"coh-color-alcon-gray-medium\">DAILIES\u2122 AquaComfort\u2122 PLUS contact lenses feature blink-activated hydration for refreshing comfort all day long.<\/span><\/p>\n<div>\n<h2>Benefits of DAILIES\u2122 AquaComfort\u2122 PLUS<\/h2>\n<\/div>\n<ul class=\"coh-style-a-bullet-tick-blue\">\n<li><span class=\"coh-color-alcon-gray-medium\">So affordable you can score big<\/span><\/li>\n<li><span class=\"coh-color-alcon-gray-medium\">Start every day with a new pair<\/span><\/li>\n<li><span class=\"coh-color-alcon-gray-medium\">Provides sharp and clear vision for those with nearsightedness (myopia) or farsightedness (hyperopia)<\/span><\/li>\n<li><span class=\"coh-color-alcon-gray-medium\">Also available for people with astigmatism or presbyopia<\/span><\/li>\n<li><span class=\"coh-color-alcon-gray-medium\">The plastic in the packaging is 100% recyclable.<\/span><\/li>\n<\/ul>","protected":false},"excerpt":{"rendered":"<p>Uppfriskande komfort hela dagen DAILIES\u2122 AquaComfort\u2122 PLUS kontaktlinser har blinkaktiverad \u00e5terfuktning f\u00f6r uppfriskande komfort hela dagen. F\u00f6rdelar med DAILIES\u2122 AquaComfort\u2122 PLUS S\u00e5 prisv\u00e4rda att du kan sl\u00e5 p\u00e5 stort B\u00f6rja varje dag med ett nytt par Ger skarp och klar syn f\u00f6r dig med n\u00e4rsynthet (myopi) eller \u00f6versynthet (hyperopi) Finns \u00e4ven f\u00f6r personer med astigmatism [&hellip;]<\/p>","protected":false},"featured_media":6129,"comment_status":"open","ping_status":"closed","template":"","meta":{"_acf_changed":false},"product_brand":[],"product_cat":[318,335],"product_tag":[317],"class_list":{"0":"post-6095","1":"product","2":"type-product","3":"status-publish","4":"has-post-thumbnail","6":"product_cat-linser","7":"product_cat-spherical-daily-standard","8":"product_tag-contact-lenses","9":"wcpa_has_options","11":"first","12":"instock","13":"taxable","14":"shipping-taxable","15":"purchasable","16":"product-type-simple"},"acf":[],"wcpa_form_fields":{"wcpaData":{"product":{"product_price":1100,"price_html":"<span class=\"woocommerce-Price-amount amount\"><bdi>1.100,00<span class=\"woocommerce-Price-currencySymbol\">&#107;&#114;<\/span><\/bdi><\/span>","original_product_price":1100,"price_including_tax":1100,"price_excluding_tax":880,"product_id":{"parent":6095,"variation":false},"is_variable":false,"stock_status":"instock","stock_quantity":null,"parent_sku":"DAILIESAQUACOMFORTSPHER180PK","product_attributes":[],"custom_fields":[],"is_taxable":true,"product_name":"DAILIES\u00ae AquaComfort Plus\u2122 Spheric 180-pack"},"fields":{"sec_06880a706e2fad":{"extra":{"key":"sec_06880a706e2fad","section_id":"sec_06880a706e2fad","name":"Default","status":1,"cl_rule":"show","enableCl":false,"relations":[],"toggle":true,"title_tag":"h3","show_title":false,"showPrice":"default","form_id":6407,"form_rules":{"exclude_from_discount":false,"fee_label":"Fee","disp_hide_options_price":false,"disp_show_section_price":false,"disp_show_field_price":false,"layout_option":"standard","pric_use_as_fee":false,"process_fee_as":"woo_fee"},"layout_option":"standard"},"fields":[[{"active":true,"col":2,"relations":false,"cl_rule":"show","enableCl":false,"price":"","enablePrice":false,"className":"","label_position":"default","desc_position":"default","type":"header","required":false,"elementId":"header_76880a706e2fce","label":"","subtype":"h6","error":false,"gt_translate_keys":["label"],"price_dependency":false,"cl_dependency":false,"value":""},{"label":"H\u00f6ger","active":true,"elementId":"header_36880a706e2fd9","className":"uk-text-center","subtype":"h5","enableCl":false,"relations":false,"cl_rule":"show","col":2,"type":"header","error":false,"gt_translate_keys":["label"],"price_dependency":false,"cl_dependency":false,"value":""},{"label":"V\u00e4nster","active":true,"elementId":"header_56880a706e2fe1","className":"uk-text-center","subtype":"h5","enableCl":false,"relations":false,"cl_rule":"show","col":2,"type":"header","error":false,"gt_translate_keys":["label"],"price_dependency":false,"cl_dependency":false,"value":""}],[{"label":"Styrka","active":true,"elementId":"header_46880a706e3012","className":"","subtype":"h4","enableCl":false,"relations":false,"cl_rule":"show","col":2,"type":"header","error":false,"gt_translate_keys":["label"],"price_dependency":false,"cl_dependency":false,"value":""},{"active":true,"col":2,"relations":false,"cl_rule":"show","enableCl":false,"price":"","enablePrice":false,"className":"","label_position":"default","desc_position":"default","type":"select","required":true,"elementId":"select_56880a706e3019","label":"","name":"select_56880a706e3019","values":[{"label":"-7.00","value":"-7.00","selected":false,"tempId":"aco_181","gt_translate_keys":["label"]},{"label":"-6.75","value":"-6.75","selected":false,"tempId":"aco_582","gt_translate_keys":["label"]},{"label":"-6.50","value":"-6.50","selected":false,"tempId":"aco_646","gt_translate_keys":["label"]},{"label":"-6.25","value":"-6.25","selected":false,"tempId":"aco_656","gt_translate_keys":["label"]},{"label":"-6.00","value":"-6.00","selected":false,"tempId":"aco_666","gt_translate_keys":["label"]},{"label":"-5.75","value":"-5.75","selected":false,"tempId":"aco_688","gt_translate_keys":["label"]},{"label":"-5.50","value":"-5.50","selected":false,"tempId":"aco_698","gt_translate_keys":["label"]},{"label":"-5.25","value":"-5.25","selected":false,"tempId":"aco_748","gt_translate_keys":["label"]},{"label":"-5.00","value":"-5.00","selected":false,"tempId":"aco_708","gt_translate_keys":["label"]},{"label":"-4.75","value":"-4.75","selected":false,"tempId":"aco_718","gt_translate_keys":["label"]},{"label":"-4.50","value":"-4.50","selected":false,"tempId":"aco_728","gt_translate_keys":["label"]},{"label":"-4.25","value":"-4.25","selected":false,"tempId":"aco_738","gt_translate_keys":["label"]},{"label":"-4.00","value":"-4.00","selected":false,"tempId":"aco_758","gt_translate_keys":["label"]},{"label":"-3.75","value":"-3.75","selected":false,"tempId":"aco_768","gt_translate_keys":["label"]},{"label":"-3.50","value":"-3.50","selected":false,"tempId":"aco_778","gt_translate_keys":["label"]},{"label":"-3.25","value":"-3.25","selected":false,"tempId":"aco_788","gt_translate_keys":["label"]},{"label":"-3.00","value":"-3.00","selected":false,"tempId":"aco_798","gt_translate_keys":["label"]},{"label":"-2.75","value":"-2.75","selected":false,"tempId":"aco_808","gt_translate_keys":["label"]},{"label":"-2.50","value":"-2.50","selected":false,"tempId":"aco_818","gt_translate_keys":["label"]},{"label":"-2.25","value":"-2.25","selected":false,"tempId":"aco_828","gt_translate_keys":["label"]},{"label":"-2.00","value":"-2.00","selected":false,"tempId":"aco_838","gt_translate_keys":["label"]},{"label":"-1.75","value":"-1.75","selected":false,"tempId":"aco_848","gt_translate_keys":["label"]},{"label":"-1.50","value":"-1.50","selected":false,"tempId":"aco_858","gt_translate_keys":["label"]},{"label":"-1.25","value":"-1.25","selected":false,"tempId":"aco_868","gt_translate_keys":["label"]},{"label":"-1.00","value":"-1.00","selected":false,"tempId":"aco_878","gt_translate_keys":["label"]},{"label":"-0.75","value":"-0.75","selected":false,"tempId":"aco_888","gt_translate_keys":["label"]},{"label":"-0.25","value":"-0.25","selected":false,"tempId":"aco_898","gt_translate_keys":["label"]},{"label":"0.00","value":"0.00","selected":false,"tempId":"aco_908","gt_translate_keys":["label"]},{"label":"0.25","value":"0.25","selected":false,"tempId":"aco_2403","gt_translate_keys":["label"]},{"label":"0.50","value":"0.50","selected":false,"tempId":"aco_2413","gt_translate_keys":["label"]},{"label":"0.75","value":"0.75","selected":false,"tempId":"aco_2423","gt_translate_keys":["label"]},{"label":"1.00","value":"1.00","selected":false,"tempId":"aco_2433","gt_translate_keys":["label"]},{"label":"1.25","value":"1.25","selected":false,"tempId":"aco_2443","gt_translate_keys":["label"]},{"label":"1.50","value":"1.50","selected":false,"tempId":"aco_2453","gt_translate_keys":["label"]},{"label":"1.75","value":"1.75","selected":false,"tempId":"aco_2463","gt_translate_keys":["label"]},{"label":"2.00","value":"2.00","selected":false,"tempId":"aco_2473","gt_translate_keys":["label"]},{"label":"2.25","value":"2.25","selected":false,"tempId":"aco_2483","gt_translate_keys":["label"]},{"label":"2.50","value":"2.50","selected":false,"tempId":"aco_2493","gt_translate_keys":["label"]},{"label":"2.75","value":"2.75","selected":false,"tempId":"aco_2503","gt_translate_keys":["label"]},{"label":"3.00","value":"3.00","selected":false,"tempId":"aco_2513","gt_translate_keys":["label"]},{"label":"3.25","value":"3.25","selected":false,"tempId":"aco_2523","gt_translate_keys":["label"]},{"label":"3.50","value":"3.50","selected":false,"tempId":"aco_2533","gt_translate_keys":["label"]},{"label":"3.75","value":"3.75","selected":false,"tempId":"aco_2543","gt_translate_keys":["label"]},{"label":"4.00","value":"4.00","selected":false,"tempId":"aco_2553","gt_translate_keys":["label"]},{"label":"4.25","value":"4.25","selected":false,"tempId":"aco_2563","gt_translate_keys":["label"]},{"label":"4.50","value":"4.50","selected":false,"tempId":"aco_2573","gt_translate_keys":["label"]},{"label":"4.75","value":"4.75","selected":false,"tempId":"aco_2583","gt_translate_keys":["label"]},{"label":"5.00","value":"5.00","selected":false,"tempId":"aco_2593","gt_translate_keys":["label"]},{"label":"5.25","value":"5.25","selected":false,"tempId":"aco_2603","gt_translate_keys":["label"]},{"label":"5.50","value":"5.50","selected":false,"tempId":"aco_2613","gt_translate_keys":["label"]},{"label":"5.75","value":"5.75","selected":false,"tempId":"aco_2623","gt_translate_keys":["label"]},{"label":"6.00","value":"6.00","selected":false,"tempId":"aco_2633","gt_translate_keys":["label"]},{"label":"6.25","value":"6.25","selected":false,"tempId":"aco_2643","gt_translate_keys":["label"]},{"label":"6.50","value":"6.50","selected":false,"tempId":"aco_2653","gt_translate_keys":["label"]},{"label":"6.75","value":"6.75","selected":false,"tempId":"aco_3842","gt_translate_keys":["label"]},{"label":"7.00","value":"7.00","selected":false,"tempId":"aco_3897","gt_translate_keys":["label"]}],"dropdown_type":"basic","error":false,"placeholder":"V\u00e4lj","cartLabel":"Styrka H\u00f6ger","gt_translate_keys":["label","placeholder"],"price_dependency":false,"cl_dependency":false,"value":""},{"label":"","cartLabel":"Styrka V\u00e4nster","active":true,"required":true,"elementId":"select-6681113997","dropdown_type":"basic","placeholder":"V\u00e4lj","name":"select-6681113997","label_position":"default","desc_position":"default","enablePrice":false,"className":"","enableCl":false,"relations":false,"values":[{"label":"-7.00","value":"-7.00","selected":false,"tempId":"aco_181","gt_translate_keys":["label"]},{"label":"-6.75","value":"-6.75","selected":false,"tempId":"aco_582","gt_translate_keys":["label"]},{"label":"-6.50","value":"-6.50","selected":false,"tempId":"aco_646","gt_translate_keys":["label"]},{"label":"-6.25","value":"-6.25","selected":false,"tempId":"aco_656","gt_translate_keys":["label"]},{"label":"-6.00","value":"-6.00","selected":false,"tempId":"aco_666","gt_translate_keys":["label"]},{"label":"-5.75","value":"-5.75","selected":false,"tempId":"aco_688","gt_translate_keys":["label"]},{"label":"-5.50","value":"-5.50","selected":false,"tempId":"aco_698","gt_translate_keys":["label"]},{"label":"-5.25","value":"-5.25","selected":false,"tempId":"aco_748","gt_translate_keys":["label"]},{"label":"-5.00","value":"-5.00","selected":false,"tempId":"aco_708","gt_translate_keys":["label"]},{"label":"-4.75","value":"-4.75","selected":false,"tempId":"aco_718","gt_translate_keys":["label"]},{"label":"-4.50","value":"-4.50","selected":false,"tempId":"aco_728","gt_translate_keys":["label"]},{"label":"-4.25","value":"-4.25","selected":false,"tempId":"aco_738","gt_translate_keys":["label"]},{"label":"-4.00","value":"-4.00","selected":false,"tempId":"aco_758","gt_translate_keys":["label"]},{"label":"-3.75","value":"-3.75","selected":false,"tempId":"aco_768","gt_translate_keys":["label"]},{"label":"-3.50","value":"-3.50","selected":false,"tempId":"aco_778","gt_translate_keys":["label"]},{"label":"-3.25","value":"-3.25","selected":false,"tempId":"aco_788","gt_translate_keys":["label"]},{"label":"-3.00","value":"-3.00","selected":false,"tempId":"aco_798","gt_translate_keys":["label"]},{"label":"-2.75","value":"-2.75","selected":false,"tempId":"aco_808","gt_translate_keys":["label"]},{"label":"-2.50","value":"-2.50","selected":false,"tempId":"aco_818","gt_translate_keys":["label"]},{"label":"-2.25","value":"-2.25","selected":false,"tempId":"aco_828","gt_translate_keys":["label"]},{"label":"-2.00","value":"-2.00","selected":false,"tempId":"aco_838","gt_translate_keys":["label"]},{"label":"-1.75","value":"-1.75","selected":false,"tempId":"aco_848","gt_translate_keys":["label"]},{"label":"-1.50","value":"-1.50","selected":false,"tempId":"aco_858","gt_translate_keys":["label"]},{"label":"-1.25","value":"-1.25","selected":false,"tempId":"aco_868","gt_translate_keys":["label"]},{"label":"-1.00","value":"-1.00","selected":false,"tempId":"aco_878","gt_translate_keys":["label"]},{"label":"-0.75","value":"-0.75","selected":false,"tempId":"aco_888","gt_translate_keys":["label"]},{"label":"-0.25","value":"-0.25","selected":false,"tempId":"aco_898","gt_translate_keys":["label"]},{"label":"0.00","value":"0.00","selected":false,"tempId":"aco_908","gt_translate_keys":["label"]},{"label":"0.25","value":"0.25","selected":false,"tempId":"aco_2403","gt_translate_keys":["label"]},{"label":"0.50","value":"0.50","selected":false,"tempId":"aco_2413","gt_translate_keys":["label"]},{"label":"0.75","value":"0.75","selected":false,"tempId":"aco_2423","gt_translate_keys":["label"]},{"label":"1.00","value":"1.00","selected":false,"tempId":"aco_2433","gt_translate_keys":["label"]},{"label":"1.25","value":"1.25","selected":false,"tempId":"aco_2443","gt_translate_keys":["label"]},{"label":"1.50","value":"1.50","selected":false,"tempId":"aco_2453","gt_translate_keys":["label"]},{"label":"1.75","value":"1.75","selected":false,"tempId":"aco_2463","gt_translate_keys":["label"]},{"label":"2.00","value":"2.00","selected":false,"tempId":"aco_2473","gt_translate_keys":["label"]},{"label":"2.25","value":"2.25","selected":false,"tempId":"aco_2483","gt_translate_keys":["label"]},{"label":"2.50","value":"2.50","selected":false,"tempId":"aco_2493","gt_translate_keys":["label"]},{"label":"2.75","value":"2.75","selected":false,"tempId":"aco_2503","gt_translate_keys":["label"]},{"label":"3.00","value":"3.00","selected":false,"tempId":"aco_2513","gt_translate_keys":["label"]},{"label":"3.25","value":"3.25","selected":false,"tempId":"aco_2523","gt_translate_keys":["label"]},{"label":"3.50","value":"3.50","selected":false,"tempId":"aco_2533","gt_translate_keys":["label"]},{"label":"3.75","value":"3.75","selected":false,"tempId":"aco_2543","gt_translate_keys":["label"]},{"label":"4.00","value":"4.00","selected":false,"tempId":"aco_2553","gt_translate_keys":["label"]},{"label":"4.25","value":"4.25","selected":false,"tempId":"aco_2563","gt_translate_keys":["label"]},{"label":"4.50","value":"4.50","selected":false,"tempId":"aco_2573","gt_translate_keys":["label"]},{"label":"4.75","value":"4.75","selected":false,"tempId":"aco_2583","gt_translate_keys":["label"]},{"label":"5.00","value":"5.00","selected":false,"tempId":"aco_2593","gt_translate_keys":["label"]},{"label":"5.25","value":"5.25","selected":false,"tempId":"aco_2603","gt_translate_keys":["label"]},{"label":"5.50","value":"5.50","selected":false,"tempId":"aco_2613","gt_translate_keys":["label"]},{"label":"5.75","value":"5.75","selected":false,"tempId":"aco_2623","gt_translate_keys":["label"]},{"label":"6.00","value":"6.00","selected":false,"tempId":"aco_2633","gt_translate_keys":["label"]},{"label":"6.25","value":"6.25","selected":false,"tempId":"aco_2643","gt_translate_keys":["label"]},{"label":"6.50","value":"6.50","selected":false,"tempId":"aco_2653","gt_translate_keys":["label"]},{"label":"6.75","value":"6.75","selected":false,"tempId":"aco_3842","gt_translate_keys":["label"]},{"label":"7.00","value":"7.00","selected":false,"tempId":"aco_3897","gt_translate_keys":["label"]}],"price":"","cl_rule":"show","col":2,"type":"select","error":false,"gt_translate_keys":["label","placeholder"],"price_dependency":false,"cl_dependency":false,"value":""}],[{"label":"Antal boxar","active":true,"elementId":"header_96880a706e3026","className":"","subtype":"h4","enableCl":false,"relations":false,"cl_rule":"show","col":2,"type":"header","error":false,"gt_translate_keys":["label"],"price_dependency":false,"cl_dependency":false,"value":""},{"label":"","cartLabel":"Antal Boxar H\u00f6ger","active":true,"required":true,"elementId":"select_106880a706e302c","dropdown_type":"basic","placeholder":"V\u00e4lj","name":"select_106880a706e302c","label_position":"default","desc_position":"default","enablePrice":false,"className":"","enableCl":false,"relations":false,"values":[{"label":"1","value":"1","selected":false,"tempId":"aco_181","gt_translate_keys":["label"]},{"label":"2","value":"2","selected":false,"tempId":"aco_182","gt_translate_keys":["label"]},{"label":"3","value":"3","selected":false,"tempId":"aco_183","gt_translate_keys":["label"]},{"label":"4","value":"4","selected":false,"tempId":"aco_355","gt_translate_keys":["label"]},{"label":"5","value":"5","selected":false,"tempId":"aco_391","gt_translate_keys":["label"]},{"label":"6","value":"6","selected":false,"tempId":"aco_419","gt_translate_keys":["label"]},{"label":"7","value":"7","selected":false,"tempId":"aco_447","gt_translate_keys":["label"]},{"label":"8","value":"8","selected":false,"tempId":"aco_475","gt_translate_keys":["label"]},{"label":"9","value":"9","selected":false,"tempId":"aco_503","gt_translate_keys":["label"]},{"label":"10","value":"10","selected":false,"tempId":"aco_531","gt_translate_keys":["label"]}],"price":"","cl_rule":"show","col":2,"type":"select","error":false,"gt_translate_keys":["label","placeholder"],"price_dependency":false,"cl_dependency":false,"value":""},{"label":"","cartLabel":"Antal Boxar V\u00e4nster","active":true,"required":true,"elementId":"select-2024354586","dropdown_type":"basic","placeholder":"V\u00e4lj","name":"select-2024354586","label_position":"default","desc_position":"default","enablePrice":false,"className":"","enableCl":false,"relations":false,"values":[{"label":"1","value":"1","selected":false,"tempId":"aco_181","gt_translate_keys":["label"]},{"label":"2","value":"2","selected":false,"tempId":"aco_182","gt_translate_keys":["label"]},{"label":"3","value":"3","selected":false,"tempId":"aco_183","gt_translate_keys":["label"]},{"label":"4","value":"4","selected":false,"tempId":"aco_355","gt_translate_keys":["label"]},{"label":"5","value":"5","selected":false,"tempId":"aco_391","gt_translate_keys":["label"]},{"label":"6","value":"6","selected":false,"tempId":"aco_419","gt_translate_keys":["label"]},{"label":"7","value":"7","selected":false,"tempId":"aco_447","gt_translate_keys":["label"]},{"label":"8","value":"8","selected":false,"tempId":"aco_475","gt_translate_keys":["label"]},{"label":"9","value":"9","selected":false,"tempId":"aco_503","gt_translate_keys":["label"]},{"label":"10","value":"10","selected":false,"tempId":"aco_531","gt_translate_keys":["label"]}],"price":"","cl_rule":"show","col":2,"type":"select","error":false,"gt_translate_keys":["label","placeholder"],"price_dependency":false,"cl_dependency":false,"value":""}]]}},"config":{"price_override":"","enable_recaptcha":false,"bind_quantity":false,"quantity_bind_formula":false,"disp_summ_show_option_price":false,"disp_summ_show_product_price":false,"disp_summ_show_total_price":false,"disp_summ_show_fee":false,"disp_summ_show_discount":false,"summary_title":"","options_total_label":"Options Price","total_label":"Total","options_product_label":"Product Price","fee_label":"Fee","discount_label":"Discount","has_price":true,"has_quantity_formula":false},"mc_unit":1,"tax_rate":1,"tax_rate_real":0.25,"discount":{"percentage":0,"fixed":0},"design":{"conf":{"LabelPosition":"above","DescPosition":"above","UploadField":"custom_1","QuantityFieldStyle":"default"},"css":{"LeftLabelWidth":"120px"}},"formulas":[],"clones":false,"cartKey":false}},"_links":{"self":[{"href":"https:\/\/opticallensbuy.com\/en\/wp-json\/wp\/v2\/product\/6095","targetHints":{"allow":["GET"]}}],"collection":[{"href":"https:\/\/opticallensbuy.com\/en\/wp-json\/wp\/v2\/product"}],"about":[{"href":"https:\/\/opticallensbuy.com\/en\/wp-json\/wp\/v2\/types\/product"}],"replies":[{"embeddable":true,"href":"https:\/\/opticallensbuy.com\/en\/wp-json\/wp\/v2\/comments?post=6095"}],"wp:featuredmedia":[{"embeddable":true,"href":"https:\/\/opticallensbuy.com\/en\/wp-json\/wp\/v2\/media\/6129"}],"wp:attachment":[{"href":"https:\/\/opticallensbuy.com\/en\/wp-json\/wp\/v2\/media?parent=6095"}],"wp:term":[{"taxonomy":"product_brand","embeddable":true,"href":"https:\/\/opticallensbuy.com\/en\/wp-json\/wp\/v2\/product_brand?post=6095"},{"taxonomy":"product_cat","embeddable":true,"href":"https:\/\/opticallensbuy.com\/en\/wp-json\/wp\/v2\/product_cat?post=6095"},{"taxonomy":"product_tag","embeddable":true,"href":"https:\/\/opticallensbuy.com\/en\/wp-json\/wp\/v2\/product_tag?post=6095"}],"curies":[{"name":"wp","href":"https:\/\/api.w.org\/{rel}","templated":true}]}}