{"id":6096,"date":"2025-06-22T11:25:00","date_gmt":"2025-06-22T10:25:00","guid":{"rendered":"https:\/\/opticallensbuy.webgiantdemo.se\/?post_type=product&#038;p=6096"},"modified":"2025-08-03T18:21:39","modified_gmt":"2025-08-03T17:21:39","slug":"dailies-aquacomfort-plus-toric-30-pack","status":"publish","type":"product","link":"https:\/\/opticallensbuy.com\/en\/product\/dailies-aquacomfort-plus-toric-30-pack\/","title":{"rendered":"DAILIES\u00ae AquaComfort Plus Toric\u2122 30-pack"},"content":{"rendered":"<p><span class=\"coh-color-alcon-gray-medium\"><strong>Refreshing all-day comfort and clear vision even for people with astigmatism<\/strong><\/span><br \/>\n<span class=\"coh-color-alcon-gray-medium\">DAILIES\u2122 AquaComfort PLUS\u2122 Toric contact lenses are specially designed to correct astigmatism and provide good vision and comfort all day long.<\/span><\/p>\n<div>\n<h2>Benefits of DAILIES\u2122 AquaComfort\u2122 PLUS<\/h2>\n<\/div>\n<ul class=\"coh-style-a-bullet-tick-blue\">\n<li><span class=\"coh-color-alcon-gray-medium\">Our most affordable toric daily disposable lens<\/span><\/li>\n<li><span class=\"coh-color-alcon-gray-medium\">Blink-activated hydration provides refreshing comfort all day long<\/span><\/li>\n<li><span class=\"coh-color-alcon-gray-medium\">Start every day with a new pair<\/span><\/li>\n<li><span class=\"coh-color-alcon-gray-medium\">Also available for people with nearsightedness, farsightedness and presbyopia<\/span><\/li>\n<li><span class=\"coh-color-alcon-gray-medium\">The plastic in the packaging is 100% recyclable.<\/span><\/li>\n<\/ul>","protected":false},"excerpt":{"rendered":"<p>Uppfriskande komfort hela dagen och klar syn \u00e4ven f\u00f6r personer med astigmatism DAILIES\u2122 AquaComfort PLUS\u2122 Toric kontaktlinser \u00e4r speciellt framtagna f\u00f6r att korrigera astigmatism och ge bra syn och komfort hela dagen. F\u00f6rdelar med DAILIES\u2122 AquaComfort\u2122 PLUS V\u00e5r mest prisv\u00e4rda toriska endagslins Blinkaktiverad \u00e5terfuktning ger uppfriskande komfort hela dagen B\u00f6rja varje dag med ett nytt [&hellip;]<\/p>","protected":false},"featured_media":6132,"comment_status":"open","ping_status":"closed","template":"","meta":{"_acf_changed":false},"product_brand":[],"product_cat":[318,339],"product_tag":[317],"class_list":{"0":"post-6096","1":"product","2":"type-product","3":"status-publish","4":"has-post-thumbnail","6":"product_cat-linser","7":"product_cat-toric-daily-astigmatism","8":"product_tag-contact-lenses","9":"wcpa_has_options","11":"first","12":"instock","13":"taxable","14":"shipping-taxable","15":"purchasable","16":"product-type-simple"},"acf":[],"wcpa_form_fields":{"wcpaData":{"product":{"product_price":245,"price_html":"<span class=\"woocommerce-Price-amount amount\"><bdi>245,00<span class=\"woocommerce-Price-currencySymbol\">&#107;&#114;<\/span><\/bdi><\/span>","original_product_price":245,"price_including_tax":245,"price_excluding_tax":196,"product_id":{"parent":6096,"variation":false},"is_variable":false,"stock_status":"instock","stock_quantity":null,"parent_sku":"DAILIESAQUACOMFORTTORIC30PK","product_attributes":[],"custom_fields":[],"is_taxable":true,"product_name":"DAILIES\u00ae AquaComfort Plus Toric\u2122 30-pack"},"fields":{"sec_868754dece721f":{"extra":{"key":"sec_868754dece721f","section_id":"sec_868754dece721f","name":"Default","status":1,"cl_rule":"show","enableCl":false,"relations":[],"toggle":true,"title_tag":"h3","show_title":false,"showPrice":"default","form_id":6394,"form_rules":{"exclude_from_discount":false,"fee_label":"Fee","disp_hide_options_price":false,"disp_show_section_price":false,"disp_show_field_price":false,"layout_option":"standard","pric_use_as_fee":false,"process_fee_as":"woo_fee"},"layout_option":"standard"},"fields":[[{"active":true,"col":2,"relations":false,"cl_rule":"show","enableCl":false,"price":"","enablePrice":false,"className":"","label_position":"default","desc_position":"default","type":"header","required":false,"elementId":"header_8328677159","label":"","subtype":"h6","error":false,"gt_translate_keys":["label"],"price_dependency":false,"cl_dependency":false,"value":""},{"label":"H\u00f6ger","active":true,"elementId":"header-8350416196","className":"uk-text-center","subtype":"h5","enableCl":false,"relations":false,"cl_rule":"show","col":2,"type":"header","error":false,"gt_translate_keys":["label"],"price_dependency":false,"cl_dependency":false,"value":""},{"label":"V\u00e4nster","active":true,"elementId":"header-8351502201","className":"uk-text-center","subtype":"h5","enableCl":false,"relations":false,"cl_rule":"show","col":2,"type":"header","error":false,"gt_translate_keys":["label"],"price_dependency":false,"cl_dependency":false,"value":""}],[{"active":true,"col":2,"relations":false,"cl_rule":"show","enableCl":false,"price":"","enablePrice":false,"className":"","label_position":"default","desc_position":"default","type":"header","required":false,"elementId":"header_8392044342","label":"Baskurva","subtype":"h4","error":false,"gt_translate_keys":["label"],"price_dependency":false,"cl_dependency":false,"value":""},{"active":true,"col":2,"relations":false,"cl_rule":"show","enableCl":false,"price":"","enablePrice":false,"className":"uk-text-center","label_position":"default","desc_position":"default","type":"content","required":false,"elementId":"content_8468171403","label":"8.6","name":"content_8468171403","contentType":"plain","value":"","error":false,"inline":false,"gt_translate_keys":["label","value"],"price_dependency":false,"cl_dependency":false},{"contentType":"plain","active":true,"label":"8.6","elementId":"content-8537473534","value":"","inline":false,"name":"content-8537473534","enablePrice":false,"className":"uk-text-center","enableCl":false,"relations":false,"price":"","cl_rule":"show","col":2,"type":"content","error":false,"gt_translate_keys":["label","value"],"price_dependency":false,"cl_dependency":false}],[{"label":"Diameter","active":true,"elementId":"header-8519206519","className":"","subtype":"h4","enableCl":false,"relations":false,"cl_rule":"show","col":2,"type":"header","error":false,"gt_translate_keys":["label"],"price_dependency":false,"cl_dependency":false,"value":""},{"contentType":"plain","active":true,"label":"14.5","elementId":"content-8508774511","value":"","inline":false,"name":"content-8508774511","enablePrice":false,"className":"uk-text-center","enableCl":false,"relations":false,"price":"","cl_rule":"show","col":2,"type":"content","error":false,"gt_translate_keys":["label","value"],"price_dependency":false,"cl_dependency":false},{"contentType":"plain","active":true,"label":"14.5","elementId":"content-8546264591","value":"","inline":false,"name":"content-8546264591","enablePrice":false,"className":"uk-text-center","enableCl":false,"relations":false,"price":"","cl_rule":"show","col":2,"type":"content","error":false,"gt_translate_keys":["label","value"],"price_dependency":false,"cl_dependency":false}],[{"label":"Sf\u00e4r","active":true,"elementId":"header-5192692181","className":"","subtype":"h4","enableCl":false,"relations":false,"cl_rule":"show","col":2,"type":"header","error":false,"gt_translate_keys":["label"],"price_dependency":false,"cl_dependency":false,"value":""},{"active":true,"col":2,"relations":false,"cl_rule":"show","enableCl":false,"price":"","enablePrice":false,"className":"","label_position":"default","desc_position":"default","type":"select","required":true,"elementId":"select_1932053352","label":"","name":"select_1932053352","values":[{"label":"+0.75","value":"+0.75","selected":false,"tempId":"aco_181","gt_translate_keys":["label"]},{"label":"+0.50","value":"+0.50","selected":false,"tempId":"aco_182","gt_translate_keys":["label"]},{"label":"+0.25","value":"+0.25","selected":false,"tempId":"aco_183","gt_translate_keys":["label"]},{"label":"0.00","value":"0.00","selected":false,"tempId":"aco_355","gt_translate_keys":["label"]},{"label":"-0.25","value":"-0.25","selected":false,"tempId":"aco_446","gt_translate_keys":["label"]},{"label":"-0.50","value":"-0.50","selected":false,"tempId":"aco_695","gt_translate_keys":["label"]},{"label":"-0.75","value":"-0.75","selected":false,"tempId":"aco_795","gt_translate_keys":["label"]}],"dropdown_type":"basic","error":false,"placeholder":"V\u00e4lj","cartLabel":"Sfar H\u00f6ger","gt_translate_keys":["label","placeholder"],"price_dependency":false,"cl_dependency":false,"value":""},{"label":"","cartLabel":"Sfar V\u00e4nster","active":true,"required":true,"elementId":"select-1985614255","dropdown_type":"basic","placeholder":"V\u00e4lj","name":"select-1985614255","label_position":"default","desc_position":"default","enablePrice":false,"className":"","enableCl":false,"relations":false,"values":[{"label":"+0.75","value":"+0.75","selected":false,"tempId":"aco_181","gt_translate_keys":["label"]},{"label":"+0.50","value":"+0.50","selected":false,"tempId":"aco_182","gt_translate_keys":["label"]},{"label":"+0.25","value":"+0.25","selected":false,"tempId":"aco_183","gt_translate_keys":["label"]},{"label":"0.00","value":"0.00","selected":false,"tempId":"aco_355","gt_translate_keys":["label"]},{"label":"-0.25","value":"-0.25","selected":false,"tempId":"aco_446","gt_translate_keys":["label"]},{"label":"-0.50","value":"-0.50","selected":false,"tempId":"aco_695","gt_translate_keys":["label"]},{"label":"-0.75","value":"-0.75","selected":false,"tempId":"aco_795","gt_translate_keys":["label"]}],"price":"","cl_rule":"show","col":2,"type":"select","gt_translate_keys":["label","placeholder"],"price_dependency":false,"cl_dependency":false,"value":""}],[{"label":"Cyl","active":true,"elementId":"header-1928024914","className":"","subtype":"h4","enableCl":false,"relations":false,"cl_rule":"show","col":2,"type":"header","error":false,"gt_translate_keys":["label"],"price_dependency":false,"cl_dependency":false,"value":""},{"label":"","cartLabel":"Cyl H\u00f6ger","active":true,"required":true,"elementId":"select-0008052665","dropdown_type":"basic","placeholder":"V\u00e4lj","name":"select-0008052665","label_position":"default","desc_position":"default","enablePrice":false,"className":"","enableCl":false,"relations":false,"values":[{"label":"-2.25","value":"-2.25","selected":false,"tempId":"aco_181","gt_translate_keys":["label"]},{"label":"-1.75","value":"-1.75","selected":false,"tempId":"aco_182","gt_translate_keys":["label"]},{"label":"-1.25","value":"-1.25","selected":false,"tempId":"aco_183","gt_translate_keys":["label"]},{"label":"-0.75","value":"-0.75","selected":false,"tempId":"aco_355","gt_translate_keys":["label"]}],"price":"","cl_rule":"show","col":2,"type":"select","gt_translate_keys":["label","placeholder"],"price_dependency":false,"cl_dependency":false,"value":""},{"label":"","cartLabel":"Cyl V\u00e4nster","active":true,"required":true,"elementId":"select-9977078596","dropdown_type":"basic","placeholder":"V\u00e4lj","name":"select-9977078596","label_position":"default","desc_position":"default","enablePrice":false,"className":"","enableCl":false,"relations":false,"values":[{"label":"-2.25","value":"-2.25","selected":false,"tempId":"aco_181","gt_translate_keys":["label"]},{"label":"-1.75","value":"-1.75","selected":false,"tempId":"aco_182","gt_translate_keys":["label"]},{"label":"-1.25","value":"-1.25","selected":false,"tempId":"aco_183","gt_translate_keys":["label"]},{"label":"-0.75","value":"-0.75","selected":false,"tempId":"aco_355","gt_translate_keys":["label"]}],"price":"","cl_rule":"show","col":2,"type":"select","gt_translate_keys":["label","placeholder"],"price_dependency":false,"cl_dependency":false,"value":""}],[{"label":"Axel","active":true,"elementId":"header-1928147819","className":"","subtype":"h4","enableCl":false,"relations":false,"cl_rule":"show","col":2,"type":"header","error":false,"gt_translate_keys":["label"],"price_dependency":false,"cl_dependency":false,"value":""},{"label":"","cartLabel":"Axel H\u00f6ger","active":true,"required":true,"elementId":"select-9522929895","dropdown_type":"basic","placeholder":"V\u00e4lj","name":"select-9522929895","label_position":"default","desc_position":"default","enablePrice":false,"className":"","enableCl":false,"relations":false,"values":[{"label":"10","value":"10","selected":false,"tempId":"aco_181","gt_translate_keys":["label"]},{"label":"20","value":"20","selected":false,"tempId":"aco_182","gt_translate_keys":["label"]},{"label":"30","value":"30","selected":false,"tempId":"aco_183","gt_translate_keys":["label"]},{"label":"40","value":"40","selected":false,"tempId":"aco_355","gt_translate_keys":["label"]},{"label":"50","value":"50","selected":false,"tempId":"aco_954","gt_translate_keys":["label"]},{"label":"60","value":"60","selected":false,"tempId":"aco_1000","gt_translate_keys":["label"]},{"label":"70","value":"70","selected":false,"tempId":"aco_1046","gt_translate_keys":["label"]},{"label":"80","value":"80","selected":false,"tempId":"aco_1092","gt_translate_keys":["label"]},{"label":"90","value":"90","selected":false,"tempId":"aco_1138","gt_translate_keys":["label"]},{"label":"100","value":"100","selected":false,"tempId":"aco_1184","gt_translate_keys":["label"]},{"label":"110","value":"110","selected":false,"tempId":"aco_1248","gt_translate_keys":["label"]},{"label":"120","value":"120","selected":false,"tempId":"aco_1348","gt_translate_keys":["label"]},{"label":"130","value":"130","selected":false,"tempId":"aco_1412","gt_translate_keys":["label"]},{"label":"140","value":"140","selected":false,"tempId":"aco_1476","gt_translate_keys":["label"]},{"label":"150","value":"150","selected":false,"tempId":"aco_1540","gt_translate_keys":["label"]},{"label":"160","value":"160","selected":false,"tempId":"aco_1604","gt_translate_keys":["label"]},{"label":"170","value":"170","selected":false,"tempId":"aco_1668","gt_translate_keys":["label"]},{"label":"180","value":"180","selected":false,"tempId":"aco_1732","gt_translate_keys":["label"]}],"price":"","cl_rule":"show","col":2,"type":"select","error":false,"gt_translate_keys":["label","placeholder"],"price_dependency":false,"cl_dependency":false,"value":""},{"label":"","cartLabel":"Axel V\u00e4nster","active":true,"required":true,"elementId":"select-1676531805","dropdown_type":"basic","placeholder":"V\u00e4lj","name":"select-1676531805","label_position":"default","desc_position":"default","enablePrice":false,"className":"","enableCl":false,"relations":false,"values":[{"label":"10","value":"10","selected":false,"tempId":"aco_181","gt_translate_keys":["label"]},{"label":"20","value":"20","selected":false,"tempId":"aco_182","gt_translate_keys":["label"]},{"label":"30","value":"30","selected":false,"tempId":"aco_183","gt_translate_keys":["label"]},{"label":"40","value":"40","selected":false,"tempId":"aco_355","gt_translate_keys":["label"]},{"label":"50","value":"50","selected":false,"tempId":"aco_954","gt_translate_keys":["label"]},{"label":"60","value":"60","selected":false,"tempId":"aco_1000","gt_translate_keys":["label"]},{"label":"70","value":"70","selected":false,"tempId":"aco_1046","gt_translate_keys":["label"]},{"label":"80","value":"80","selected":false,"tempId":"aco_1092","gt_translate_keys":["label"]},{"label":"90","value":"90","selected":false,"tempId":"aco_1138","gt_translate_keys":["label"]},{"label":"100","value":"100","selected":false,"tempId":"aco_1184","gt_translate_keys":["label"]},{"label":"110","value":"110","selected":false,"tempId":"aco_1248","gt_translate_keys":["label"]},{"label":"120","value":"120","selected":false,"tempId":"aco_1348","gt_translate_keys":["label"]},{"label":"130","value":"130","selected":false,"tempId":"aco_1412","gt_translate_keys":["label"]},{"label":"140","value":"140","selected":false,"tempId":"aco_1476","gt_translate_keys":["label"]},{"label":"150","value":"150","selected":false,"tempId":"aco_1540","gt_translate_keys":["label"]},{"label":"160","value":"160","selected":false,"tempId":"aco_1604","gt_translate_keys":["label"]},{"label":"170","value":"170","selected":false,"tempId":"aco_1668","gt_translate_keys":["label"]},{"label":"180","value":"180","selected":false,"tempId":"aco_1732","gt_translate_keys":["label"]}],"price":"","cl_rule":"show","col":2,"type":"select","error":false,"gt_translate_keys":["label","placeholder"],"price_dependency":false,"cl_dependency":false,"value":""}]]}},"config":{"price_override":"","enable_recaptcha":false,"bind_quantity":false,"quantity_bind_formula":false,"disp_summ_show_option_price":false,"disp_summ_show_product_price":false,"disp_summ_show_total_price":false,"disp_summ_show_fee":false,"disp_summ_show_discount":false,"summary_title":"","options_total_label":"Options Price","total_label":"Total","options_product_label":"Product Price","fee_label":"Fee","discount_label":"Discount","has_price":true,"has_quantity_formula":false},"mc_unit":1,"tax_rate":1,"tax_rate_real":0.25,"discount":{"percentage":0,"fixed":0},"design":{"conf":{"LabelPosition":"above","DescPosition":"above","UploadField":"custom_1","QuantityFieldStyle":"default"},"css":{"LeftLabelWidth":"120px"}},"formulas":[],"clones":false,"cartKey":false}},"_links":{"self":[{"href":"https:\/\/opticallensbuy.com\/en\/wp-json\/wp\/v2\/product\/6096","targetHints":{"allow":["GET"]}}],"collection":[{"href":"https:\/\/opticallensbuy.com\/en\/wp-json\/wp\/v2\/product"}],"about":[{"href":"https:\/\/opticallensbuy.com\/en\/wp-json\/wp\/v2\/types\/product"}],"replies":[{"embeddable":true,"href":"https:\/\/opticallensbuy.com\/en\/wp-json\/wp\/v2\/comments?post=6096"}],"wp:featuredmedia":[{"embeddable":true,"href":"https:\/\/opticallensbuy.com\/en\/wp-json\/wp\/v2\/media\/6132"}],"wp:attachment":[{"href":"https:\/\/opticallensbuy.com\/en\/wp-json\/wp\/v2\/media?parent=6096"}],"wp:term":[{"taxonomy":"product_brand","embeddable":true,"href":"https:\/\/opticallensbuy.com\/en\/wp-json\/wp\/v2\/product_brand?post=6096"},{"taxonomy":"product_cat","embeddable":true,"href":"https:\/\/opticallensbuy.com\/en\/wp-json\/wp\/v2\/product_cat?post=6096"},{"taxonomy":"product_tag","embeddable":true,"href":"https:\/\/opticallensbuy.com\/en\/wp-json\/wp\/v2\/product_tag?post=6096"}],"curies":[{"name":"wp","href":"https:\/\/api.w.org\/{rel}","templated":true}]}}