{"id":6145,"date":"2025-06-22T15:38:00","date_gmt":"2025-06-22T14:38:00","guid":{"rendered":"https:\/\/opticallensbuy.webgiantdemo.se\/?post_type=product&#038;p=6145"},"modified":"2025-08-03T18:25:50","modified_gmt":"2025-08-03T17:25:50","slug":"total-30-multifocal-6-pack","status":"publish","type":"product","link":"https:\/\/opticallensbuy.com\/en\/product\/total-30-multifocal-6-pack\/","title":{"rendered":"TOTAL 30\u00ae Multifocal 6-pack"},"content":{"rendered":"<p><span class=\"coh-color-alcon-gray-medium\"><strong>Enjoy feeling nothing at all with TOTAL30\u2122<\/strong><\/span><\/p>\n<p><span class=\"coh-color-alcon-gray-medium\">Enjoy the feeling of feeling nothing at all with the only monthly lenses with a water gradient.<\/span><\/p>\n<div>\n<h2>Benefits of TOTAL30\u2122<\/h2>\n<\/div>\n<ul class=\"coh-style-a-bullet-tick-blue\">\n<li><span class=\"coh-color-alcon-gray-medium\">The most important question when it comes to contact lenses is: Do you feel them? The future of lens technology is here. Using the latest innovation in water-gradient contact lens material, you can enjoy the sensation of feeling nothing at all with TOTAL30\u2122 monthly lenses.<\/span><\/li>\n<li><span class=\"coh-color-alcon-gray-medium\">TOTAL30\u2122 are the first and only monthly lenses with nearly 100 % of water on the surface. This creates a soft cushion of moisture that minimizes contact with the eye&#039;s delicate tissues.<\/span><\/li>\n<li><span class=\"coh-color-alcon-gray-medium\">The surface of TOTAL30\u2122 is as clean and durable on day 30 as it was on day 1, after a full month of use and care.<\/span><\/li>\n<\/ul>","protected":false},"excerpt":{"rendered":"<p>Njut av att inte k\u00e4nna n\u00e5got alls med TOTAL30\u2122 Njut av k\u00e4nslan av att inte k\u00e4nna n\u00e5got alls med de enda m\u00e5nadslinserna med vattengradient. F\u00f6rdelar med TOTAL30\u2122 Den viktigaste fr\u00e5gan n\u00e4r det g\u00e4ller kontaktlinser \u00e4r: K\u00e4nner du av dem? Framtidens linsteknik \u00e4r h\u00e4r. Med hj\u00e4lp av den senaste innovationen inom kontaktlinsmaterial med vattengradient kan du [&hellip;]<\/p>","protected":false},"featured_media":6148,"comment_status":"open","ping_status":"closed","template":"","meta":{"_acf_changed":false},"product_brand":[],"product_cat":[318,341],"product_tag":[317],"class_list":{"0":"post-6145","1":"product","2":"type-product","3":"status-publish","4":"has-post-thumbnail","6":"product_cat-linser","7":"product_cat-multifocal-monthly","8":"product_tag-contact-lenses","9":"wcpa_has_options","11":"first","12":"instock","13":"taxable","14":"shipping-taxable","15":"purchasable","16":"product-type-simple"},"acf":[],"wcpa_form_fields":{"wcpaData":{"product":{"product_price":900,"price_html":"<span class=\"woocommerce-Price-amount amount\"><bdi>900,00<span class=\"woocommerce-Price-currencySymbol\">&#107;&#114;<\/span><\/bdi><\/span>","original_product_price":900,"price_including_tax":900,"price_excluding_tax":720,"product_id":{"parent":6145,"variation":false},"is_variable":false,"stock_status":"instock","stock_quantity":null,"parent_sku":"TOTAL30MULTIF6PK","product_attributes":[],"custom_fields":[],"is_taxable":true,"product_name":"TOTAL 30\u00ae Multifocal 6-pack"},"fields":{"sec_06880a706e2fad":{"extra":{"key":"sec_06880a706e2fad","section_id":"sec_06880a706e2fad","name":"Default","status":1,"cl_rule":"show","enableCl":false,"relations":[],"toggle":true,"title_tag":"h3","show_title":false,"showPrice":"default","form_id":6407,"form_rules":{"exclude_from_discount":false,"fee_label":"Fee","disp_hide_options_price":false,"disp_show_section_price":false,"disp_show_field_price":false,"layout_option":"standard","pric_use_as_fee":false,"process_fee_as":"woo_fee"},"layout_option":"standard"},"fields":[[{"active":true,"col":2,"relations":false,"cl_rule":"show","enableCl":false,"price":"","enablePrice":false,"className":"","label_position":"default","desc_position":"default","type":"header","required":false,"elementId":"header_76880a706e2fce","label":"","subtype":"h6","error":false,"gt_translate_keys":["label"],"price_dependency":false,"cl_dependency":false,"value":""},{"label":"H\u00f6ger","active":true,"elementId":"header_36880a706e2fd9","className":"uk-text-center","subtype":"h5","enableCl":false,"relations":false,"cl_rule":"show","col":2,"type":"header","error":false,"gt_translate_keys":["label"],"price_dependency":false,"cl_dependency":false,"value":""},{"label":"V\u00e4nster","active":true,"elementId":"header_56880a706e2fe1","className":"uk-text-center","subtype":"h5","enableCl":false,"relations":false,"cl_rule":"show","col":2,"type":"header","error":false,"gt_translate_keys":["label"],"price_dependency":false,"cl_dependency":false,"value":""}],[{"label":"Styrka","active":true,"elementId":"header_46880a706e3012","className":"","subtype":"h4","enableCl":false,"relations":false,"cl_rule":"show","col":2,"type":"header","error":false,"gt_translate_keys":["label"],"price_dependency":false,"cl_dependency":false,"value":""},{"active":true,"col":2,"relations":false,"cl_rule":"show","enableCl":false,"price":"","enablePrice":false,"className":"","label_position":"default","desc_position":"default","type":"select","required":true,"elementId":"select_56880a706e3019","label":"","name":"select_56880a706e3019","values":[{"label":"-7.00","value":"-7.00","selected":false,"tempId":"aco_181","gt_translate_keys":["label"]},{"label":"-6.75","value":"-6.75","selected":false,"tempId":"aco_582","gt_translate_keys":["label"]},{"label":"-6.50","value":"-6.50","selected":false,"tempId":"aco_646","gt_translate_keys":["label"]},{"label":"-6.25","value":"-6.25","selected":false,"tempId":"aco_656","gt_translate_keys":["label"]},{"label":"-6.00","value":"-6.00","selected":false,"tempId":"aco_666","gt_translate_keys":["label"]},{"label":"-5.75","value":"-5.75","selected":false,"tempId":"aco_688","gt_translate_keys":["label"]},{"label":"-5.50","value":"-5.50","selected":false,"tempId":"aco_698","gt_translate_keys":["label"]},{"label":"-5.25","value":"-5.25","selected":false,"tempId":"aco_748","gt_translate_keys":["label"]},{"label":"-5.00","value":"-5.00","selected":false,"tempId":"aco_708","gt_translate_keys":["label"]},{"label":"-4.75","value":"-4.75","selected":false,"tempId":"aco_718","gt_translate_keys":["label"]},{"label":"-4.50","value":"-4.50","selected":false,"tempId":"aco_728","gt_translate_keys":["label"]},{"label":"-4.25","value":"-4.25","selected":false,"tempId":"aco_738","gt_translate_keys":["label"]},{"label":"-4.00","value":"-4.00","selected":false,"tempId":"aco_758","gt_translate_keys":["label"]},{"label":"-3.75","value":"-3.75","selected":false,"tempId":"aco_768","gt_translate_keys":["label"]},{"label":"-3.50","value":"-3.50","selected":false,"tempId":"aco_778","gt_translate_keys":["label"]},{"label":"-3.25","value":"-3.25","selected":false,"tempId":"aco_788","gt_translate_keys":["label"]},{"label":"-3.00","value":"-3.00","selected":false,"tempId":"aco_798","gt_translate_keys":["label"]},{"label":"-2.75","value":"-2.75","selected":false,"tempId":"aco_808","gt_translate_keys":["label"]},{"label":"-2.50","value":"-2.50","selected":false,"tempId":"aco_818","gt_translate_keys":["label"]},{"label":"-2.25","value":"-2.25","selected":false,"tempId":"aco_828","gt_translate_keys":["label"]},{"label":"-2.00","value":"-2.00","selected":false,"tempId":"aco_838","gt_translate_keys":["label"]},{"label":"-1.75","value":"-1.75","selected":false,"tempId":"aco_848","gt_translate_keys":["label"]},{"label":"-1.50","value":"-1.50","selected":false,"tempId":"aco_858","gt_translate_keys":["label"]},{"label":"-1.25","value":"-1.25","selected":false,"tempId":"aco_868","gt_translate_keys":["label"]},{"label":"-1.00","value":"-1.00","selected":false,"tempId":"aco_878","gt_translate_keys":["label"]},{"label":"-0.75","value":"-0.75","selected":false,"tempId":"aco_888","gt_translate_keys":["label"]},{"label":"-0.25","value":"-0.25","selected":false,"tempId":"aco_898","gt_translate_keys":["label"]},{"label":"0.00","value":"0.00","selected":false,"tempId":"aco_908","gt_translate_keys":["label"]},{"label":"0.25","value":"0.25","selected":false,"tempId":"aco_2403","gt_translate_keys":["label"]},{"label":"0.50","value":"0.50","selected":false,"tempId":"aco_2413","gt_translate_keys":["label"]},{"label":"0.75","value":"0.75","selected":false,"tempId":"aco_2423","gt_translate_keys":["label"]},{"label":"1.00","value":"1.00","selected":false,"tempId":"aco_2433","gt_translate_keys":["label"]},{"label":"1.25","value":"1.25","selected":false,"tempId":"aco_2443","gt_translate_keys":["label"]},{"label":"1.50","value":"1.50","selected":false,"tempId":"aco_2453","gt_translate_keys":["label"]},{"label":"1.75","value":"1.75","selected":false,"tempId":"aco_2463","gt_translate_keys":["label"]},{"label":"2.00","value":"2.00","selected":false,"tempId":"aco_2473","gt_translate_keys":["label"]},{"label":"2.25","value":"2.25","selected":false,"tempId":"aco_2483","gt_translate_keys":["label"]},{"label":"2.50","value":"2.50","selected":false,"tempId":"aco_2493","gt_translate_keys":["label"]},{"label":"2.75","value":"2.75","selected":false,"tempId":"aco_2503","gt_translate_keys":["label"]},{"label":"3.00","value":"3.00","selected":false,"tempId":"aco_2513","gt_translate_keys":["label"]},{"label":"3.25","value":"3.25","selected":false,"tempId":"aco_2523","gt_translate_keys":["label"]},{"label":"3.50","value":"3.50","selected":false,"tempId":"aco_2533","gt_translate_keys":["label"]},{"label":"3.75","value":"3.75","selected":false,"tempId":"aco_2543","gt_translate_keys":["label"]},{"label":"4.00","value":"4.00","selected":false,"tempId":"aco_2553","gt_translate_keys":["label"]},{"label":"4.25","value":"4.25","selected":false,"tempId":"aco_2563","gt_translate_keys":["label"]},{"label":"4.50","value":"4.50","selected":false,"tempId":"aco_2573","gt_translate_keys":["label"]},{"label":"4.75","value":"4.75","selected":false,"tempId":"aco_2583","gt_translate_keys":["label"]},{"label":"5.00","value":"5.00","selected":false,"tempId":"aco_2593","gt_translate_keys":["label"]},{"label":"5.25","value":"5.25","selected":false,"tempId":"aco_2603","gt_translate_keys":["label"]},{"label":"5.50","value":"5.50","selected":false,"tempId":"aco_2613","gt_translate_keys":["label"]},{"label":"5.75","value":"5.75","selected":false,"tempId":"aco_2623","gt_translate_keys":["label"]},{"label":"6.00","value":"6.00","selected":false,"tempId":"aco_2633","gt_translate_keys":["label"]},{"label":"6.25","value":"6.25","selected":false,"tempId":"aco_2643","gt_translate_keys":["label"]},{"label":"6.50","value":"6.50","selected":false,"tempId":"aco_2653","gt_translate_keys":["label"]},{"label":"6.75","value":"6.75","selected":false,"tempId":"aco_3842","gt_translate_keys":["label"]},{"label":"7.00","value":"7.00","selected":false,"tempId":"aco_3897","gt_translate_keys":["label"]}],"dropdown_type":"basic","error":false,"placeholder":"V\u00e4lj","cartLabel":"Styrka H\u00f6ger","gt_translate_keys":["label","placeholder"],"price_dependency":false,"cl_dependency":false,"value":""},{"label":"","cartLabel":"Styrka V\u00e4nster","active":true,"required":true,"elementId":"select-6681113997","dropdown_type":"basic","placeholder":"V\u00e4lj","name":"select-6681113997","label_position":"default","desc_position":"default","enablePrice":false,"className":"","enableCl":false,"relations":false,"values":[{"label":"-7.00","value":"-7.00","selected":false,"tempId":"aco_181","gt_translate_keys":["label"]},{"label":"-6.75","value":"-6.75","selected":false,"tempId":"aco_582","gt_translate_keys":["label"]},{"label":"-6.50","value":"-6.50","selected":false,"tempId":"aco_646","gt_translate_keys":["label"]},{"label":"-6.25","value":"-6.25","selected":false,"tempId":"aco_656","gt_translate_keys":["label"]},{"label":"-6.00","value":"-6.00","selected":false,"tempId":"aco_666","gt_translate_keys":["label"]},{"label":"-5.75","value":"-5.75","selected":false,"tempId":"aco_688","gt_translate_keys":["label"]},{"label":"-5.50","value":"-5.50","selected":false,"tempId":"aco_698","gt_translate_keys":["label"]},{"label":"-5.25","value":"-5.25","selected":false,"tempId":"aco_748","gt_translate_keys":["label"]},{"label":"-5.00","value":"-5.00","selected":false,"tempId":"aco_708","gt_translate_keys":["label"]},{"label":"-4.75","value":"-4.75","selected":false,"tempId":"aco_718","gt_translate_keys":["label"]},{"label":"-4.50","value":"-4.50","selected":false,"tempId":"aco_728","gt_translate_keys":["label"]},{"label":"-4.25","value":"-4.25","selected":false,"tempId":"aco_738","gt_translate_keys":["label"]},{"label":"-4.00","value":"-4.00","selected":false,"tempId":"aco_758","gt_translate_keys":["label"]},{"label":"-3.75","value":"-3.75","selected":false,"tempId":"aco_768","gt_translate_keys":["label"]},{"label":"-3.50","value":"-3.50","selected":false,"tempId":"aco_778","gt_translate_keys":["label"]},{"label":"-3.25","value":"-3.25","selected":false,"tempId":"aco_788","gt_translate_keys":["label"]},{"label":"-3.00","value":"-3.00","selected":false,"tempId":"aco_798","gt_translate_keys":["label"]},{"label":"-2.75","value":"-2.75","selected":false,"tempId":"aco_808","gt_translate_keys":["label"]},{"label":"-2.50","value":"-2.50","selected":false,"tempId":"aco_818","gt_translate_keys":["label"]},{"label":"-2.25","value":"-2.25","selected":false,"tempId":"aco_828","gt_translate_keys":["label"]},{"label":"-2.00","value":"-2.00","selected":false,"tempId":"aco_838","gt_translate_keys":["label"]},{"label":"-1.75","value":"-1.75","selected":false,"tempId":"aco_848","gt_translate_keys":["label"]},{"label":"-1.50","value":"-1.50","selected":false,"tempId":"aco_858","gt_translate_keys":["label"]},{"label":"-1.25","value":"-1.25","selected":false,"tempId":"aco_868","gt_translate_keys":["label"]},{"label":"-1.00","value":"-1.00","selected":false,"tempId":"aco_878","gt_translate_keys":["label"]},{"label":"-0.75","value":"-0.75","selected":false,"tempId":"aco_888","gt_translate_keys":["label"]},{"label":"-0.25","value":"-0.25","selected":false,"tempId":"aco_898","gt_translate_keys":["label"]},{"label":"0.00","value":"0.00","selected":false,"tempId":"aco_908","gt_translate_keys":["label"]},{"label":"0.25","value":"0.25","selected":false,"tempId":"aco_2403","gt_translate_keys":["label"]},{"label":"0.50","value":"0.50","selected":false,"tempId":"aco_2413","gt_translate_keys":["label"]},{"label":"0.75","value":"0.75","selected":false,"tempId":"aco_2423","gt_translate_keys":["label"]},{"label":"1.00","value":"1.00","selected":false,"tempId":"aco_2433","gt_translate_keys":["label"]},{"label":"1.25","value":"1.25","selected":false,"tempId":"aco_2443","gt_translate_keys":["label"]},{"label":"1.50","value":"1.50","selected":false,"tempId":"aco_2453","gt_translate_keys":["label"]},{"label":"1.75","value":"1.75","selected":false,"tempId":"aco_2463","gt_translate_keys":["label"]},{"label":"2.00","value":"2.00","selected":false,"tempId":"aco_2473","gt_translate_keys":["label"]},{"label":"2.25","value":"2.25","selected":false,"tempId":"aco_2483","gt_translate_keys":["label"]},{"label":"2.50","value":"2.50","selected":false,"tempId":"aco_2493","gt_translate_keys":["label"]},{"label":"2.75","value":"2.75","selected":false,"tempId":"aco_2503","gt_translate_keys":["label"]},{"label":"3.00","value":"3.00","selected":false,"tempId":"aco_2513","gt_translate_keys":["label"]},{"label":"3.25","value":"3.25","selected":false,"tempId":"aco_2523","gt_translate_keys":["label"]},{"label":"3.50","value":"3.50","selected":false,"tempId":"aco_2533","gt_translate_keys":["label"]},{"label":"3.75","value":"3.75","selected":false,"tempId":"aco_2543","gt_translate_keys":["label"]},{"label":"4.00","value":"4.00","selected":false,"tempId":"aco_2553","gt_translate_keys":["label"]},{"label":"4.25","value":"4.25","selected":false,"tempId":"aco_2563","gt_translate_keys":["label"]},{"label":"4.50","value":"4.50","selected":false,"tempId":"aco_2573","gt_translate_keys":["label"]},{"label":"4.75","value":"4.75","selected":false,"tempId":"aco_2583","gt_translate_keys":["label"]},{"label":"5.00","value":"5.00","selected":false,"tempId":"aco_2593","gt_translate_keys":["label"]},{"label":"5.25","value":"5.25","selected":false,"tempId":"aco_2603","gt_translate_keys":["label"]},{"label":"5.50","value":"5.50","selected":false,"tempId":"aco_2613","gt_translate_keys":["label"]},{"label":"5.75","value":"5.75","selected":false,"tempId":"aco_2623","gt_translate_keys":["label"]},{"label":"6.00","value":"6.00","selected":false,"tempId":"aco_2633","gt_translate_keys":["label"]},{"label":"6.25","value":"6.25","selected":false,"tempId":"aco_2643","gt_translate_keys":["label"]},{"label":"6.50","value":"6.50","selected":false,"tempId":"aco_2653","gt_translate_keys":["label"]},{"label":"6.75","value":"6.75","selected":false,"tempId":"aco_3842","gt_translate_keys":["label"]},{"label":"7.00","value":"7.00","selected":false,"tempId":"aco_3897","gt_translate_keys":["label"]}],"price":"","cl_rule":"show","col":2,"type":"select","error":false,"gt_translate_keys":["label","placeholder"],"price_dependency":false,"cl_dependency":false,"value":""}],[{"label":"Antal boxar","active":true,"elementId":"header_96880a706e3026","className":"","subtype":"h4","enableCl":false,"relations":false,"cl_rule":"show","col":2,"type":"header","error":false,"gt_translate_keys":["label"],"price_dependency":false,"cl_dependency":false,"value":""},{"label":"","cartLabel":"Antal Boxar H\u00f6ger","active":true,"required":true,"elementId":"select_106880a706e302c","dropdown_type":"basic","placeholder":"V\u00e4lj","name":"select_106880a706e302c","label_position":"default","desc_position":"default","enablePrice":false,"className":"","enableCl":false,"relations":false,"values":[{"label":"1","value":"1","selected":false,"tempId":"aco_181","gt_translate_keys":["label"]},{"label":"2","value":"2","selected":false,"tempId":"aco_182","gt_translate_keys":["label"]},{"label":"3","value":"3","selected":false,"tempId":"aco_183","gt_translate_keys":["label"]},{"label":"4","value":"4","selected":false,"tempId":"aco_355","gt_translate_keys":["label"]},{"label":"5","value":"5","selected":false,"tempId":"aco_391","gt_translate_keys":["label"]},{"label":"6","value":"6","selected":false,"tempId":"aco_419","gt_translate_keys":["label"]},{"label":"7","value":"7","selected":false,"tempId":"aco_447","gt_translate_keys":["label"]},{"label":"8","value":"8","selected":false,"tempId":"aco_475","gt_translate_keys":["label"]},{"label":"9","value":"9","selected":false,"tempId":"aco_503","gt_translate_keys":["label"]},{"label":"10","value":"10","selected":false,"tempId":"aco_531","gt_translate_keys":["label"]}],"price":"","cl_rule":"show","col":2,"type":"select","error":false,"gt_translate_keys":["label","placeholder"],"price_dependency":false,"cl_dependency":false,"value":""},{"label":"","cartLabel":"Antal Boxar V\u00e4nster","active":true,"required":true,"elementId":"select-2024354586","dropdown_type":"basic","placeholder":"V\u00e4lj","name":"select-2024354586","label_position":"default","desc_position":"default","enablePrice":false,"className":"","enableCl":false,"relations":false,"values":[{"label":"1","value":"1","selected":false,"tempId":"aco_181","gt_translate_keys":["label"]},{"label":"2","value":"2","selected":false,"tempId":"aco_182","gt_translate_keys":["label"]},{"label":"3","value":"3","selected":false,"tempId":"aco_183","gt_translate_keys":["label"]},{"label":"4","value":"4","selected":false,"tempId":"aco_355","gt_translate_keys":["label"]},{"label":"5","value":"5","selected":false,"tempId":"aco_391","gt_translate_keys":["label"]},{"label":"6","value":"6","selected":false,"tempId":"aco_419","gt_translate_keys":["label"]},{"label":"7","value":"7","selected":false,"tempId":"aco_447","gt_translate_keys":["label"]},{"label":"8","value":"8","selected":false,"tempId":"aco_475","gt_translate_keys":["label"]},{"label":"9","value":"9","selected":false,"tempId":"aco_503","gt_translate_keys":["label"]},{"label":"10","value":"10","selected":false,"tempId":"aco_531","gt_translate_keys":["label"]}],"price":"","cl_rule":"show","col":2,"type":"select","error":false,"gt_translate_keys":["label","placeholder"],"price_dependency":false,"cl_dependency":false,"value":""}]]}},"config":{"price_override":"","enable_recaptcha":false,"bind_quantity":false,"quantity_bind_formula":false,"disp_summ_show_option_price":false,"disp_summ_show_product_price":false,"disp_summ_show_total_price":false,"disp_summ_show_fee":false,"disp_summ_show_discount":false,"summary_title":"","options_total_label":"Options Price","total_label":"Total","options_product_label":"Product Price","fee_label":"Fee","discount_label":"Discount","has_price":true,"has_quantity_formula":false},"mc_unit":1,"tax_rate":1,"tax_rate_real":0.25,"discount":{"percentage":0,"fixed":0},"design":{"conf":{"LabelPosition":"above","DescPosition":"above","UploadField":"custom_1","QuantityFieldStyle":"default"},"css":{"LeftLabelWidth":"120px"}},"formulas":[],"clones":false,"cartKey":false}},"_links":{"self":[{"href":"https:\/\/opticallensbuy.com\/en\/wp-json\/wp\/v2\/product\/6145","targetHints":{"allow":["GET"]}}],"collection":[{"href":"https:\/\/opticallensbuy.com\/en\/wp-json\/wp\/v2\/product"}],"about":[{"href":"https:\/\/opticallensbuy.com\/en\/wp-json\/wp\/v2\/types\/product"}],"replies":[{"embeddable":true,"href":"https:\/\/opticallensbuy.com\/en\/wp-json\/wp\/v2\/comments?post=6145"}],"wp:featuredmedia":[{"embeddable":true,"href":"https:\/\/opticallensbuy.com\/en\/wp-json\/wp\/v2\/media\/6148"}],"wp:attachment":[{"href":"https:\/\/opticallensbuy.com\/en\/wp-json\/wp\/v2\/media?parent=6145"}],"wp:term":[{"taxonomy":"product_brand","embeddable":true,"href":"https:\/\/opticallensbuy.com\/en\/wp-json\/wp\/v2\/product_brand?post=6145"},{"taxonomy":"product_cat","embeddable":true,"href":"https:\/\/opticallensbuy.com\/en\/wp-json\/wp\/v2\/product_cat?post=6145"},{"taxonomy":"product_tag","embeddable":true,"href":"https:\/\/opticallensbuy.com\/en\/wp-json\/wp\/v2\/product_tag?post=6145"}],"curies":[{"name":"wp","href":"https:\/\/api.w.org\/{rel}","templated":true}]}}