{"id":6151,"date":"2025-06-22T15:47:00","date_gmt":"2025-06-22T14:47:00","guid":{"rendered":"https:\/\/opticallensbuy.webgiantdemo.se\/?post_type=product&#038;p=6151"},"modified":"2025-08-03T18:23:32","modified_gmt":"2025-08-03T17:23:32","slug":"air-optix-plus-hydraglyde-astigmatism-6-pack","status":"publish","type":"product","link":"https:\/\/opticallensbuy.com\/en\/product\/air-optix-plus-hydraglyde-astigmatism-6-pack\/","title":{"rendered":"AIR OPTIX\u00ae plus HydraGlyde Astigmatism 6-pack"},"content":{"rendered":"<div class=\"coh-column auto-height auto-height-coh-style-a-image-size-full-cover ssa-instance-d03cf916922ddad9f221c0748f0dd2e2 coh-ce-cpt_a_hero_text_and_image-5dbb71c4 coh-visible-xs coh-col-xs-12 coh-visible-ps coh-col-ps-12 coh-visible-xl coh-col-xl-6\">\n<div class=\"coh-container content-text ssa-instance-d03cf916922ddad9f221c0748f0dd2e2 coh-ce-cpt_a_hero_text_and_image-a9cc906\">\n<div class=\"coh-container coh-style-a-padding-left-large\">\n<div class=\"coh-wysiwyg\">\n<div>\n<p><span class=\"coh-color-alcon-gray-medium\"><strong>Outstanding comfort, clear vision, and affordable lenses even for those with astigmatism<\/strong><\/span><\/p>\n<p><span class=\"coh-color-alcon-gray-medium\">AIR OPTIX\u2122 plus HydraGlyde\u2122 for Astigmatism is a monthly contact lens with exceptional comfort. Unique SmartShield\u2122 technology provides an ultra-thin protective layer that shields the lenses from irritating deposits. Our HydraGlyde\u2122 Moisture Matrix also attracts and retains moisture on the lens surface, for a comfortable wearing experience from day 1 to day 30.<\/span><\/p>\n<\/div>\n<\/div>\n<\/div>\n<\/div>\n<\/div>\n<div class=\"coh-column None coh-ce-cpt_a_hero_text_and_image-4a2cd918 coh-visible-xs coh-col-xs-12 coh-visible-ps coh-col-ps-12 coh-visible-xl coh-col-xl-6\">\n<div class=\"coh-container content-image auto-height ssa-instance-d03cf916922ddad9f221c0748f0dd2e2 coh-ce-cpt_a_hero_text_and_image-75c704f4\">\n<div class=\"coh-container\"><picture><source srcset=\"\/se\/sites\/g\/files\/rbvwei2651\/files\/2022-02\/AIR%20OPTIX%20plus%20HydraGlyde%20Toric%20contact%20lens%20pack%20shot%20banner.png\" type=\"image\/png\" media=\"(min-width: 1600px)\" \/><source srcset=\"\/se\/sites\/g\/files\/rbvwei2651\/files\/2022-02\/AIR%20OPTIX%20plus%20HydraGlyde%20Toric%20contact%20lens%20pack%20shot%20banner.png\" type=\"image\/png\" media=\"(min-width: 1170px) and (max-width: 1599px)\" \/><source srcset=\"\/se\/sites\/g\/files\/rbvwei2651\/files\/2022-02\/AIR%20OPTIX%20plus%20HydraGlyde%20Toric%20contact%20lens%20pack%20shot%20banner.png\" type=\"image\/png\" media=\"(min-width: 1024px) and (max-width: 1169px)\" \/><source srcset=\"\/se\/sites\/g\/files\/rbvwei2651\/files\/2022-02\/AIR%20OPTIX%20plus%20HydraGlyde%20Toric%20contact%20lens%20pack%20shot%20banner.png\" type=\"image\/png\" media=\"(min-width: 768px) and (max-width: 1023px)\" \/><source srcset=\"\/se\/sites\/g\/files\/rbvwei2651\/files\/2023-11\/AIR-OPTIX-plus-HydraGlyde-Toric.png\" type=\"image\/png\" media=\"(min-width: 565px) and (max-width: 767px)\" \/><source srcset=\"\/se\/sites\/g\/files\/rbvwei2651\/files\/2023-11\/AIR-OPTIX-plus-HydraGlyde-Toric.png\" type=\"image\/png\" media=\"(min-width: 0px) and (max-width: 564px)\" \/><\/picture><\/div>\n<div>\n<div class=\"coh-column auto-height ssa-instance-b1f92014994774ef4d2df76c04069699 coh-ce-cpt_a_txt_img-6f3bdf24 coh-visible-xs coh-col-xs-12 coh-visible-ps coh-col-ps-12 coh-visible-xl coh-col-xl-6\">\n<div class=\"coh-container content-text ssa-instance-b1f92014994774ef4d2df76c04069699 coh-ce-cpt_a_txt_img-5bc4159c\">\n<div class=\"coh-container coh-style-a-padding-top-medium coh-style-a-padding-left-large coh-style-a-padding-right-small ssa-instance-b1f92014994774ef4d2df76c04069699 coh-ce-cpt_a_txt_img-cd58a0a9\">\n<div class=\"coh-wysiwyg\">\n<div>\n<h2>Benefits of AIR OPTIX\u2122 plus HydraGlyde\u2122 for Astigmatism<\/h2>\n<\/div>\n<ul class=\"coh-style-a-bullet-tick-blue\">\n<li><span class=\"coh-color-alcon-gray-medium\">AIR OPTIX\u2122 plus HydraGlyde\u2122 for Astigmatism is a monthly lens, which means a more cost-effective solution<\/span><\/li>\n<li><span class=\"coh-color-alcon-gray-medium\">Provides consistently clear vision even for those with astigmatism<\/span><\/li>\n<li><span class=\"coh-color-alcon-gray-medium\">PRECISION BALANCE 8|4\u2122 Lens Design keeps the lenses stable and helps you see clearly<\/span><\/li>\n<li><span class=\"coh-color-alcon-gray-medium\">Exclusive SmartShield\u2122 technology provides an ultra-thin protective layer that shields lenses from irritating deposits<\/span><\/li>\n<li><span class=\"coh-color-alcon-gray-medium\">HydraGlyde\u2122 Moisture Matrix attracts and retains moisture on the lens surface<\/span><\/li>\n<li><span class=\"coh-color-alcon-gray-medium\">It&#039;s easy to remember to change your lenses once a month<\/span><\/li>\n<\/ul>\n<\/div>\n<\/div>\n<\/div>\n<\/div>\n<div class=\"coh-column None coh-ce-cpt_a_txt_img-dfb74e96 coh-visible-xs coh-col-xs-12 coh-visible-ps coh-col-ps-12 coh-visible-xl coh-col-xl-6\">\n<div class=\"coh-container content-image coh-style-a-padding-top-medium coh-style-a-padding-bottom-medium coh-style-a-padding-right-medium coh-style-a-padding-left-medium auto-height ssa-instance-b1f92014994774ef4d2df76c04069699 coh-ce-cpt_a_txt_img-3a5c1c23\"><picture><source srcset=\"\/se\/sites\/g\/files\/rbvwei2651\/files\/2022-02\/Woman%20smiling%20with%20mobile%20phone%20hero%20aohga.png\" type=\"image\/png\" media=\"(min-width: 1600px)\" \/><source srcset=\"\/se\/sites\/g\/files\/rbvwei2651\/files\/2022-02\/Woman%20smiling%20with%20mobile%20phone%20hero%20aohga.png\" type=\"image\/png\" media=\"(min-width: 1170px) and (max-width: 1599px)\" \/><source srcset=\"\/se\/sites\/g\/files\/rbvwei2651\/files\/2022-02\/Woman%20smiling%20with%20mobile%20phone%20hero%20aohga.png\" type=\"image\/png\" media=\"(min-width: 1024px) and (max-width: 1169px)\" \/><source srcset=\"\/se\/sites\/g\/files\/rbvwei2651\/files\/2022-02\/Woman%20smiling%20with%20mobile%20phone%20hero%20aohga.png\" type=\"image\/png\" media=\"(min-width: 768px) and (max-width: 1023px)\" \/><source srcset=\"\/se\/sites\/g\/files\/rbvwei2651\/files\/2023-11\/Woman-smiling-with-mobile-phone-mobile.png\" type=\"image\/png\" media=\"(min-width: 565px) and (max-width: 767px)\" \/><source srcset=\"\/se\/sites\/g\/files\/rbvwei2651\/files\/2023-11\/Woman-smiling-with-mobile-phone-mobile.png\" type=\"image\/png\" media=\"(min-width: 0px) and (max-width: 564px)\" \/><\/picture><\/div>\n<\/div>\n<\/div>\n<\/div>\n<\/div>","protected":false},"excerpt":{"rendered":"<p>Enast\u00e5ende komfort, klar syn, och prisv\u00e4rda linser \u00e4ven f\u00f6r dig med astigmatism AIR OPTIX\u2122 plus HydraGlyde\u2122 for Astigmatism \u00e4r en m\u00e5nadslins med enast\u00e5ende komfort. Unik SmartShield\u2122-teknik ger ett ultratunt skyddande lager som skyddar linserna fr\u00e5n irriterande avlagringar. V\u00e5r HydraGlyde\u2122 Moisture Matrix drar dessutom till sig och h\u00e5ller kvar fukt p\u00e5 linsen yta, f\u00f6r en bekv\u00e4m [&hellip;]<\/p>","protected":false},"featured_media":6154,"comment_status":"open","ping_status":"closed","template":"","meta":{"_acf_changed":false},"product_brand":[],"product_cat":[318,338],"product_tag":[317],"class_list":{"0":"post-6151","1":"product","2":"type-product","3":"status-publish","4":"has-post-thumbnail","6":"product_cat-linser","7":"product_cat-toric-monthly-astigmatism","8":"product_tag-contact-lenses","9":"wcpa_has_options","11":"first","12":"instock","13":"taxable","14":"shipping-taxable","15":"purchasable","16":"product-type-simple"},"acf":[],"wcpa_form_fields":{"wcpaData":{"product":{"product_price":500,"price_html":"<span class=\"woocommerce-Price-amount amount\"><bdi>500,00<span class=\"woocommerce-Price-currencySymbol\">&#107;&#114;<\/span><\/bdi><\/span>","original_product_price":500,"price_including_tax":500,"price_excluding_tax":400,"product_id":{"parent":6151,"variation":false},"is_variable":false,"stock_status":"instock","stock_quantity":null,"parent_sku":"AIROPTIXHYDRAGLYDEASTIGM6PK","product_attributes":[],"custom_fields":[],"is_taxable":true,"product_name":"AIR OPTIX\u00ae plus HydraGlyde Astigmatism 6-pack"},"fields":{"sec_868754dece721f":{"extra":{"key":"sec_868754dece721f","section_id":"sec_868754dece721f","name":"Default","status":1,"cl_rule":"show","enableCl":false,"relations":[],"toggle":true,"title_tag":"h3","show_title":false,"showPrice":"default","form_id":6394,"form_rules":{"exclude_from_discount":false,"fee_label":"Fee","disp_hide_options_price":false,"disp_show_section_price":false,"disp_show_field_price":false,"layout_option":"standard","pric_use_as_fee":false,"process_fee_as":"woo_fee"},"layout_option":"standard"},"fields":[[{"active":true,"col":2,"relations":false,"cl_rule":"show","enableCl":false,"price":"","enablePrice":false,"className":"","label_position":"default","desc_position":"default","type":"header","required":false,"elementId":"header_8328677159","label":"","subtype":"h6","error":false,"gt_translate_keys":["label"],"price_dependency":false,"cl_dependency":false,"value":""},{"label":"H\u00f6ger","active":true,"elementId":"header-8350416196","className":"uk-text-center","subtype":"h5","enableCl":false,"relations":false,"cl_rule":"show","col":2,"type":"header","error":false,"gt_translate_keys":["label"],"price_dependency":false,"cl_dependency":false,"value":""},{"label":"V\u00e4nster","active":true,"elementId":"header-8351502201","className":"uk-text-center","subtype":"h5","enableCl":false,"relations":false,"cl_rule":"show","col":2,"type":"header","error":false,"gt_translate_keys":["label"],"price_dependency":false,"cl_dependency":false,"value":""}],[{"active":true,"col":2,"relations":false,"cl_rule":"show","enableCl":false,"price":"","enablePrice":false,"className":"","label_position":"default","desc_position":"default","type":"header","required":false,"elementId":"header_8392044342","label":"Baskurva","subtype":"h4","error":false,"gt_translate_keys":["label"],"price_dependency":false,"cl_dependency":false,"value":""},{"active":true,"col":2,"relations":false,"cl_rule":"show","enableCl":false,"price":"","enablePrice":false,"className":"uk-text-center","label_position":"default","desc_position":"default","type":"content","required":false,"elementId":"content_8468171403","label":"8.6","name":"content_8468171403","contentType":"plain","value":"","error":false,"inline":false,"gt_translate_keys":["label","value"],"price_dependency":false,"cl_dependency":false},{"contentType":"plain","active":true,"label":"8.6","elementId":"content-8537473534","value":"","inline":false,"name":"content-8537473534","enablePrice":false,"className":"uk-text-center","enableCl":false,"relations":false,"price":"","cl_rule":"show","col":2,"type":"content","error":false,"gt_translate_keys":["label","value"],"price_dependency":false,"cl_dependency":false}],[{"label":"Diameter","active":true,"elementId":"header-8519206519","className":"","subtype":"h4","enableCl":false,"relations":false,"cl_rule":"show","col":2,"type":"header","error":false,"gt_translate_keys":["label"],"price_dependency":false,"cl_dependency":false,"value":""},{"contentType":"plain","active":true,"label":"14.5","elementId":"content-8508774511","value":"","inline":false,"name":"content-8508774511","enablePrice":false,"className":"uk-text-center","enableCl":false,"relations":false,"price":"","cl_rule":"show","col":2,"type":"content","error":false,"gt_translate_keys":["label","value"],"price_dependency":false,"cl_dependency":false},{"contentType":"plain","active":true,"label":"14.5","elementId":"content-8546264591","value":"","inline":false,"name":"content-8546264591","enablePrice":false,"className":"uk-text-center","enableCl":false,"relations":false,"price":"","cl_rule":"show","col":2,"type":"content","error":false,"gt_translate_keys":["label","value"],"price_dependency":false,"cl_dependency":false}],[{"label":"Sf\u00e4r","active":true,"elementId":"header-5192692181","className":"","subtype":"h4","enableCl":false,"relations":false,"cl_rule":"show","col":2,"type":"header","error":false,"gt_translate_keys":["label"],"price_dependency":false,"cl_dependency":false,"value":""},{"active":true,"col":2,"relations":false,"cl_rule":"show","enableCl":false,"price":"","enablePrice":false,"className":"","label_position":"default","desc_position":"default","type":"select","required":true,"elementId":"select_1932053352","label":"","name":"select_1932053352","values":[{"label":"+0.75","value":"+0.75","selected":false,"tempId":"aco_181","gt_translate_keys":["label"]},{"label":"+0.50","value":"+0.50","selected":false,"tempId":"aco_182","gt_translate_keys":["label"]},{"label":"+0.25","value":"+0.25","selected":false,"tempId":"aco_183","gt_translate_keys":["label"]},{"label":"0.00","value":"0.00","selected":false,"tempId":"aco_355","gt_translate_keys":["label"]},{"label":"-0.25","value":"-0.25","selected":false,"tempId":"aco_446","gt_translate_keys":["label"]},{"label":"-0.50","value":"-0.50","selected":false,"tempId":"aco_695","gt_translate_keys":["label"]},{"label":"-0.75","value":"-0.75","selected":false,"tempId":"aco_795","gt_translate_keys":["label"]}],"dropdown_type":"basic","error":false,"placeholder":"V\u00e4lj","cartLabel":"Sfar H\u00f6ger","gt_translate_keys":["label","placeholder"],"price_dependency":false,"cl_dependency":false,"value":""},{"label":"","cartLabel":"Sfar V\u00e4nster","active":true,"required":true,"elementId":"select-1985614255","dropdown_type":"basic","placeholder":"V\u00e4lj","name":"select-1985614255","label_position":"default","desc_position":"default","enablePrice":false,"className":"","enableCl":false,"relations":false,"values":[{"label":"+0.75","value":"+0.75","selected":false,"tempId":"aco_181","gt_translate_keys":["label"]},{"label":"+0.50","value":"+0.50","selected":false,"tempId":"aco_182","gt_translate_keys":["label"]},{"label":"+0.25","value":"+0.25","selected":false,"tempId":"aco_183","gt_translate_keys":["label"]},{"label":"0.00","value":"0.00","selected":false,"tempId":"aco_355","gt_translate_keys":["label"]},{"label":"-0.25","value":"-0.25","selected":false,"tempId":"aco_446","gt_translate_keys":["label"]},{"label":"-0.50","value":"-0.50","selected":false,"tempId":"aco_695","gt_translate_keys":["label"]},{"label":"-0.75","value":"-0.75","selected":false,"tempId":"aco_795","gt_translate_keys":["label"]}],"price":"","cl_rule":"show","col":2,"type":"select","gt_translate_keys":["label","placeholder"],"price_dependency":false,"cl_dependency":false,"value":""}],[{"label":"Cyl","active":true,"elementId":"header-1928024914","className":"","subtype":"h4","enableCl":false,"relations":false,"cl_rule":"show","col":2,"type":"header","error":false,"gt_translate_keys":["label"],"price_dependency":false,"cl_dependency":false,"value":""},{"label":"","cartLabel":"Cyl H\u00f6ger","active":true,"required":true,"elementId":"select-0008052665","dropdown_type":"basic","placeholder":"V\u00e4lj","name":"select-0008052665","label_position":"default","desc_position":"default","enablePrice":false,"className":"","enableCl":false,"relations":false,"values":[{"label":"-2.25","value":"-2.25","selected":false,"tempId":"aco_181","gt_translate_keys":["label"]},{"label":"-1.75","value":"-1.75","selected":false,"tempId":"aco_182","gt_translate_keys":["label"]},{"label":"-1.25","value":"-1.25","selected":false,"tempId":"aco_183","gt_translate_keys":["label"]},{"label":"-0.75","value":"-0.75","selected":false,"tempId":"aco_355","gt_translate_keys":["label"]}],"price":"","cl_rule":"show","col":2,"type":"select","gt_translate_keys":["label","placeholder"],"price_dependency":false,"cl_dependency":false,"value":""},{"label":"","cartLabel":"Cyl V\u00e4nster","active":true,"required":true,"elementId":"select-9977078596","dropdown_type":"basic","placeholder":"V\u00e4lj","name":"select-9977078596","label_position":"default","desc_position":"default","enablePrice":false,"className":"","enableCl":false,"relations":false,"values":[{"label":"-2.25","value":"-2.25","selected":false,"tempId":"aco_181","gt_translate_keys":["label"]},{"label":"-1.75","value":"-1.75","selected":false,"tempId":"aco_182","gt_translate_keys":["label"]},{"label":"-1.25","value":"-1.25","selected":false,"tempId":"aco_183","gt_translate_keys":["label"]},{"label":"-0.75","value":"-0.75","selected":false,"tempId":"aco_355","gt_translate_keys":["label"]}],"price":"","cl_rule":"show","col":2,"type":"select","gt_translate_keys":["label","placeholder"],"price_dependency":false,"cl_dependency":false,"value":""}],[{"label":"Axel","active":true,"elementId":"header-1928147819","className":"","subtype":"h4","enableCl":false,"relations":false,"cl_rule":"show","col":2,"type":"header","error":false,"gt_translate_keys":["label"],"price_dependency":false,"cl_dependency":false,"value":""},{"label":"","cartLabel":"Axel H\u00f6ger","active":true,"required":true,"elementId":"select-9522929895","dropdown_type":"basic","placeholder":"V\u00e4lj","name":"select-9522929895","label_position":"default","desc_position":"default","enablePrice":false,"className":"","enableCl":false,"relations":false,"values":[{"label":"10","value":"10","selected":false,"tempId":"aco_181","gt_translate_keys":["label"]},{"label":"20","value":"20","selected":false,"tempId":"aco_182","gt_translate_keys":["label"]},{"label":"30","value":"30","selected":false,"tempId":"aco_183","gt_translate_keys":["label"]},{"label":"40","value":"40","selected":false,"tempId":"aco_355","gt_translate_keys":["label"]},{"label":"50","value":"50","selected":false,"tempId":"aco_954","gt_translate_keys":["label"]},{"label":"60","value":"60","selected":false,"tempId":"aco_1000","gt_translate_keys":["label"]},{"label":"70","value":"70","selected":false,"tempId":"aco_1046","gt_translate_keys":["label"]},{"label":"80","value":"80","selected":false,"tempId":"aco_1092","gt_translate_keys":["label"]},{"label":"90","value":"90","selected":false,"tempId":"aco_1138","gt_translate_keys":["label"]},{"label":"100","value":"100","selected":false,"tempId":"aco_1184","gt_translate_keys":["label"]},{"label":"110","value":"110","selected":false,"tempId":"aco_1248","gt_translate_keys":["label"]},{"label":"120","value":"120","selected":false,"tempId":"aco_1348","gt_translate_keys":["label"]},{"label":"130","value":"130","selected":false,"tempId":"aco_1412","gt_translate_keys":["label"]},{"label":"140","value":"140","selected":false,"tempId":"aco_1476","gt_translate_keys":["label"]},{"label":"150","value":"150","selected":false,"tempId":"aco_1540","gt_translate_keys":["label"]},{"label":"160","value":"160","selected":false,"tempId":"aco_1604","gt_translate_keys":["label"]},{"label":"170","value":"170","selected":false,"tempId":"aco_1668","gt_translate_keys":["label"]},{"label":"180","value":"180","selected":false,"tempId":"aco_1732","gt_translate_keys":["label"]}],"price":"","cl_rule":"show","col":2,"type":"select","error":false,"gt_translate_keys":["label","placeholder"],"price_dependency":false,"cl_dependency":false,"value":""},{"label":"","cartLabel":"Axel V\u00e4nster","active":true,"required":true,"elementId":"select-1676531805","dropdown_type":"basic","placeholder":"V\u00e4lj","name":"select-1676531805","label_position":"default","desc_position":"default","enablePrice":false,"className":"","enableCl":false,"relations":false,"values":[{"label":"10","value":"10","selected":false,"tempId":"aco_181","gt_translate_keys":["label"]},{"label":"20","value":"20","selected":false,"tempId":"aco_182","gt_translate_keys":["label"]},{"label":"30","value":"30","selected":false,"tempId":"aco_183","gt_translate_keys":["label"]},{"label":"40","value":"40","selected":false,"tempId":"aco_355","gt_translate_keys":["label"]},{"label":"50","value":"50","selected":false,"tempId":"aco_954","gt_translate_keys":["label"]},{"label":"60","value":"60","selected":false,"tempId":"aco_1000","gt_translate_keys":["label"]},{"label":"70","value":"70","selected":false,"tempId":"aco_1046","gt_translate_keys":["label"]},{"label":"80","value":"80","selected":false,"tempId":"aco_1092","gt_translate_keys":["label"]},{"label":"90","value":"90","selected":false,"tempId":"aco_1138","gt_translate_keys":["label"]},{"label":"100","value":"100","selected":false,"tempId":"aco_1184","gt_translate_keys":["label"]},{"label":"110","value":"110","selected":false,"tempId":"aco_1248","gt_translate_keys":["label"]},{"label":"120","value":"120","selected":false,"tempId":"aco_1348","gt_translate_keys":["label"]},{"label":"130","value":"130","selected":false,"tempId":"aco_1412","gt_translate_keys":["label"]},{"label":"140","value":"140","selected":false,"tempId":"aco_1476","gt_translate_keys":["label"]},{"label":"150","value":"150","selected":false,"tempId":"aco_1540","gt_translate_keys":["label"]},{"label":"160","value":"160","selected":false,"tempId":"aco_1604","gt_translate_keys":["label"]},{"label":"170","value":"170","selected":false,"tempId":"aco_1668","gt_translate_keys":["label"]},{"label":"180","value":"180","selected":false,"tempId":"aco_1732","gt_translate_keys":["label"]}],"price":"","cl_rule":"show","col":2,"type":"select","error":false,"gt_translate_keys":["label","placeholder"],"price_dependency":false,"cl_dependency":false,"value":""}]]}},"config":{"price_override":"","enable_recaptcha":false,"bind_quantity":false,"quantity_bind_formula":false,"disp_summ_show_option_price":false,"disp_summ_show_product_price":false,"disp_summ_show_total_price":false,"disp_summ_show_fee":false,"disp_summ_show_discount":false,"summary_title":"","options_total_label":"Options Price","total_label":"Total","options_product_label":"Product Price","fee_label":"Fee","discount_label":"Discount","has_price":true,"has_quantity_formula":false},"mc_unit":1,"tax_rate":1,"tax_rate_real":0.25,"discount":{"percentage":0,"fixed":0},"design":{"conf":{"LabelPosition":"above","DescPosition":"above","UploadField":"custom_1","QuantityFieldStyle":"default"},"css":{"LeftLabelWidth":"120px"}},"formulas":[],"clones":false,"cartKey":false}},"_links":{"self":[{"href":"https:\/\/opticallensbuy.com\/en\/wp-json\/wp\/v2\/product\/6151","targetHints":{"allow":["GET"]}}],"collection":[{"href":"https:\/\/opticallensbuy.com\/en\/wp-json\/wp\/v2\/product"}],"about":[{"href":"https:\/\/opticallensbuy.com\/en\/wp-json\/wp\/v2\/types\/product"}],"replies":[{"embeddable":true,"href":"https:\/\/opticallensbuy.com\/en\/wp-json\/wp\/v2\/comments?post=6151"}],"wp:featuredmedia":[{"embeddable":true,"href":"https:\/\/opticallensbuy.com\/en\/wp-json\/wp\/v2\/media\/6154"}],"wp:attachment":[{"href":"https:\/\/opticallensbuy.com\/en\/wp-json\/wp\/v2\/media?parent=6151"}],"wp:term":[{"taxonomy":"product_brand","embeddable":true,"href":"https:\/\/opticallensbuy.com\/en\/wp-json\/wp\/v2\/product_brand?post=6151"},{"taxonomy":"product_cat","embeddable":true,"href":"https:\/\/opticallensbuy.com\/en\/wp-json\/wp\/v2\/product_cat?post=6151"},{"taxonomy":"product_tag","embeddable":true,"href":"https:\/\/opticallensbuy.com\/en\/wp-json\/wp\/v2\/product_tag?post=6151"}],"curies":[{"name":"wp","href":"https:\/\/api.w.org\/{rel}","templated":true}]}}