{"id":6155,"date":"2025-06-22T15:57:00","date_gmt":"2025-06-22T14:57:00","guid":{"rendered":"https:\/\/opticallensbuy.webgiantdemo.se\/?post_type=product&#038;p=6155"},"modified":"2025-08-03T18:19:17","modified_gmt":"2025-08-03T17:19:17","slug":"air-optix-aqua-6-pack","status":"publish","type":"product","link":"https:\/\/opticallensbuy.com\/en\/product\/air-optix-aqua-6-pack\/","title":{"rendered":"AIR OPTIX\u00ae AQUA 6-pack"},"content":{"rendered":"<p data-start=\"0\" data-end=\"319\">Air Optix Aqua monthly lenses from Alcon are designed for those with a busy and active lifestyle who want convenient daily use without compromising on quality. The soft lenses, available in 6-packs or 3-packs, are made from the latest silicone hydrogel material and combine crystal clear vision with high comfort.<\/p>\n<p data-start=\"321\" data-end=\"718\">The monthly disposable material preserves the lens\u2019 moisture and allows up to five times more oxygen to the eye, while the surface resists protein deposits and other coatings that can otherwise cause discomfort and dry eyes. These three properties are summarized in Alcon\u2019s TriComfort\u2122 technology \u2013 developed for longer wear, better eye health and a naturally fresh, \u201cbreathable\u201d feel all day long.<\/p>\n<p data-start=\"720\" data-end=\"925\">In consultation with your optician and after an eye examination, the lenses can be worn for up to 30 days. Proper lens care is essential: monthly lenses should be cleaned and stored in multifunctional lens solution every night.<\/p>\n<p data-start=\"927\" data-end=\"969\"><strong data-start=\"927\" data-end=\"967\">Benefits of Air Optix Aqua (6-pack)<\/strong><\/p>\n<ul data-start=\"970\" data-end=\"1236\" data-is-last-node=\"\" data-is-only-node=\"\">\n<li data-start=\"970\" data-end=\"1018\">\n<p data-start=\"972\" data-end=\"1018\">Monthly lenses \u2013 can be worn for up to 30 days<\/p>\n<\/li>\n<li data-start=\"1019\" data-end=\"1066\">\n<p data-start=\"1021\" data-end=\"1066\">Perfect for an active and busy lifestyle<\/p>\n<\/li>\n<li data-start=\"1067\" data-end=\"1129\">\n<p data-start=\"1069\" data-end=\"1129\">Comfortable silicone hydrogel lenses that retain moisture<\/p>\n<\/li>\n<li data-start=\"1130\" data-end=\"1188\">\n<p data-start=\"1132\" data-end=\"1188\">Breathable lenses that keep eyes healthy and clear<\/p>\n<\/li>\n<li data-start=\"1189\" data-end=\"1236\" data-is-last-node=\"\">\n<p data-start=\"1191\" data-end=\"1236\" data-is-last-node=\"\">Clear handling tint makes insertion easy<\/p>\n<\/li>\n<\/ul>","protected":false},"excerpt":{"rendered":"<p>Air Optix Aqua m\u00e5nadslinser fr\u00e5n Alcon \u00e4r framtagna f\u00f6r dig med en hektisk och aktiv livsstil som vill ha smidig daglig anv\u00e4ndning utan att tumma p\u00e5 kvaliteten. De mjuka linserna, tillg\u00e4ngliga i 6-pack eller 3-pack, \u00e4r tillverkade av den senaste silikonhydrogel\u00admaterialet och f\u00f6renar kristallklar syn med h\u00f6g komfort. Det m\u00e5natliga eng\u00e5ngsmaterialet bevarar linsens fuktighet och [&hellip;]<\/p>","protected":false},"featured_media":6157,"comment_status":"open","ping_status":"closed","template":"","meta":{"_acf_changed":false},"product_brand":[],"product_cat":[318,336],"product_tag":[317],"class_list":{"0":"post-6155","1":"product","2":"type-product","3":"status-publish","4":"has-post-thumbnail","6":"product_cat-linser","7":"product_cat-spherical-monthly-standard","8":"product_tag-contact-lenses","9":"wcpa_has_options","11":"first","12":"instock","13":"taxable","14":"shipping-taxable","15":"purchasable","16":"product-type-simple"},"acf":[],"wcpa_form_fields":{"wcpaData":{"product":{"product_price":399,"price_html":"<span class=\"woocommerce-Price-amount amount\"><bdi>399,00<span class=\"woocommerce-Price-currencySymbol\">&#107;&#114;<\/span><\/bdi><\/span>","original_product_price":399,"price_including_tax":399,"price_excluding_tax":319.2,"product_id":{"parent":6155,"variation":false},"is_variable":false,"stock_status":"instock","stock_quantity":null,"parent_sku":"AIROPTIXAQUA6PK","product_attributes":[],"custom_fields":[],"is_taxable":true,"product_name":"AIR OPTIX\u00ae AQUA 6-pack"},"fields":{"sec_06880a706e2fad":{"extra":{"key":"sec_06880a706e2fad","section_id":"sec_06880a706e2fad","name":"Default","status":1,"cl_rule":"show","enableCl":false,"relations":[],"toggle":true,"title_tag":"h3","show_title":false,"showPrice":"default","form_id":6407,"form_rules":{"exclude_from_discount":false,"fee_label":"Fee","disp_hide_options_price":false,"disp_show_section_price":false,"disp_show_field_price":false,"layout_option":"standard","pric_use_as_fee":false,"process_fee_as":"woo_fee"},"layout_option":"standard"},"fields":[[{"active":true,"col":2,"relations":false,"cl_rule":"show","enableCl":false,"price":"","enablePrice":false,"className":"","label_position":"default","desc_position":"default","type":"header","required":false,"elementId":"header_76880a706e2fce","label":"","subtype":"h6","error":false,"gt_translate_keys":["label"],"price_dependency":false,"cl_dependency":false,"value":""},{"label":"H\u00f6ger","active":true,"elementId":"header_36880a706e2fd9","className":"uk-text-center","subtype":"h5","enableCl":false,"relations":false,"cl_rule":"show","col":2,"type":"header","error":false,"gt_translate_keys":["label"],"price_dependency":false,"cl_dependency":false,"value":""},{"label":"V\u00e4nster","active":true,"elementId":"header_56880a706e2fe1","className":"uk-text-center","subtype":"h5","enableCl":false,"relations":false,"cl_rule":"show","col":2,"type":"header","error":false,"gt_translate_keys":["label"],"price_dependency":false,"cl_dependency":false,"value":""}],[{"label":"Styrka","active":true,"elementId":"header_46880a706e3012","className":"","subtype":"h4","enableCl":false,"relations":false,"cl_rule":"show","col":2,"type":"header","error":false,"gt_translate_keys":["label"],"price_dependency":false,"cl_dependency":false,"value":""},{"active":true,"col":2,"relations":false,"cl_rule":"show","enableCl":false,"price":"","enablePrice":false,"className":"","label_position":"default","desc_position":"default","type":"select","required":true,"elementId":"select_56880a706e3019","label":"","name":"select_56880a706e3019","values":[{"label":"-7.00","value":"-7.00","selected":false,"tempId":"aco_181","gt_translate_keys":["label"]},{"label":"-6.75","value":"-6.75","selected":false,"tempId":"aco_582","gt_translate_keys":["label"]},{"label":"-6.50","value":"-6.50","selected":false,"tempId":"aco_646","gt_translate_keys":["label"]},{"label":"-6.25","value":"-6.25","selected":false,"tempId":"aco_656","gt_translate_keys":["label"]},{"label":"-6.00","value":"-6.00","selected":false,"tempId":"aco_666","gt_translate_keys":["label"]},{"label":"-5.75","value":"-5.75","selected":false,"tempId":"aco_688","gt_translate_keys":["label"]},{"label":"-5.50","value":"-5.50","selected":false,"tempId":"aco_698","gt_translate_keys":["label"]},{"label":"-5.25","value":"-5.25","selected":false,"tempId":"aco_748","gt_translate_keys":["label"]},{"label":"-5.00","value":"-5.00","selected":false,"tempId":"aco_708","gt_translate_keys":["label"]},{"label":"-4.75","value":"-4.75","selected":false,"tempId":"aco_718","gt_translate_keys":["label"]},{"label":"-4.50","value":"-4.50","selected":false,"tempId":"aco_728","gt_translate_keys":["label"]},{"label":"-4.25","value":"-4.25","selected":false,"tempId":"aco_738","gt_translate_keys":["label"]},{"label":"-4.00","value":"-4.00","selected":false,"tempId":"aco_758","gt_translate_keys":["label"]},{"label":"-3.75","value":"-3.75","selected":false,"tempId":"aco_768","gt_translate_keys":["label"]},{"label":"-3.50","value":"-3.50","selected":false,"tempId":"aco_778","gt_translate_keys":["label"]},{"label":"-3.25","value":"-3.25","selected":false,"tempId":"aco_788","gt_translate_keys":["label"]},{"label":"-3.00","value":"-3.00","selected":false,"tempId":"aco_798","gt_translate_keys":["label"]},{"label":"-2.75","value":"-2.75","selected":false,"tempId":"aco_808","gt_translate_keys":["label"]},{"label":"-2.50","value":"-2.50","selected":false,"tempId":"aco_818","gt_translate_keys":["label"]},{"label":"-2.25","value":"-2.25","selected":false,"tempId":"aco_828","gt_translate_keys":["label"]},{"label":"-2.00","value":"-2.00","selected":false,"tempId":"aco_838","gt_translate_keys":["label"]},{"label":"-1.75","value":"-1.75","selected":false,"tempId":"aco_848","gt_translate_keys":["label"]},{"label":"-1.50","value":"-1.50","selected":false,"tempId":"aco_858","gt_translate_keys":["label"]},{"label":"-1.25","value":"-1.25","selected":false,"tempId":"aco_868","gt_translate_keys":["label"]},{"label":"-1.00","value":"-1.00","selected":false,"tempId":"aco_878","gt_translate_keys":["label"]},{"label":"-0.75","value":"-0.75","selected":false,"tempId":"aco_888","gt_translate_keys":["label"]},{"label":"-0.25","value":"-0.25","selected":false,"tempId":"aco_898","gt_translate_keys":["label"]},{"label":"0.00","value":"0.00","selected":false,"tempId":"aco_908","gt_translate_keys":["label"]},{"label":"0.25","value":"0.25","selected":false,"tempId":"aco_2403","gt_translate_keys":["label"]},{"label":"0.50","value":"0.50","selected":false,"tempId":"aco_2413","gt_translate_keys":["label"]},{"label":"0.75","value":"0.75","selected":false,"tempId":"aco_2423","gt_translate_keys":["label"]},{"label":"1.00","value":"1.00","selected":false,"tempId":"aco_2433","gt_translate_keys":["label"]},{"label":"1.25","value":"1.25","selected":false,"tempId":"aco_2443","gt_translate_keys":["label"]},{"label":"1.50","value":"1.50","selected":false,"tempId":"aco_2453","gt_translate_keys":["label"]},{"label":"1.75","value":"1.75","selected":false,"tempId":"aco_2463","gt_translate_keys":["label"]},{"label":"2.00","value":"2.00","selected":false,"tempId":"aco_2473","gt_translate_keys":["label"]},{"label":"2.25","value":"2.25","selected":false,"tempId":"aco_2483","gt_translate_keys":["label"]},{"label":"2.50","value":"2.50","selected":false,"tempId":"aco_2493","gt_translate_keys":["label"]},{"label":"2.75","value":"2.75","selected":false,"tempId":"aco_2503","gt_translate_keys":["label"]},{"label":"3.00","value":"3.00","selected":false,"tempId":"aco_2513","gt_translate_keys":["label"]},{"label":"3.25","value":"3.25","selected":false,"tempId":"aco_2523","gt_translate_keys":["label"]},{"label":"3.50","value":"3.50","selected":false,"tempId":"aco_2533","gt_translate_keys":["label"]},{"label":"3.75","value":"3.75","selected":false,"tempId":"aco_2543","gt_translate_keys":["label"]},{"label":"4.00","value":"4.00","selected":false,"tempId":"aco_2553","gt_translate_keys":["label"]},{"label":"4.25","value":"4.25","selected":false,"tempId":"aco_2563","gt_translate_keys":["label"]},{"label":"4.50","value":"4.50","selected":false,"tempId":"aco_2573","gt_translate_keys":["label"]},{"label":"4.75","value":"4.75","selected":false,"tempId":"aco_2583","gt_translate_keys":["label"]},{"label":"5.00","value":"5.00","selected":false,"tempId":"aco_2593","gt_translate_keys":["label"]},{"label":"5.25","value":"5.25","selected":false,"tempId":"aco_2603","gt_translate_keys":["label"]},{"label":"5.50","value":"5.50","selected":false,"tempId":"aco_2613","gt_translate_keys":["label"]},{"label":"5.75","value":"5.75","selected":false,"tempId":"aco_2623","gt_translate_keys":["label"]},{"label":"6.00","value":"6.00","selected":false,"tempId":"aco_2633","gt_translate_keys":["label"]},{"label":"6.25","value":"6.25","selected":false,"tempId":"aco_2643","gt_translate_keys":["label"]},{"label":"6.50","value":"6.50","selected":false,"tempId":"aco_2653","gt_translate_keys":["label"]},{"label":"6.75","value":"6.75","selected":false,"tempId":"aco_3842","gt_translate_keys":["label"]},{"label":"7.00","value":"7.00","selected":false,"tempId":"aco_3897","gt_translate_keys":["label"]}],"dropdown_type":"basic","error":false,"placeholder":"V\u00e4lj","cartLabel":"Styrka H\u00f6ger","gt_translate_keys":["label","placeholder"],"price_dependency":false,"cl_dependency":false,"value":""},{"label":"","cartLabel":"Styrka V\u00e4nster","active":true,"required":true,"elementId":"select-6681113997","dropdown_type":"basic","placeholder":"V\u00e4lj","name":"select-6681113997","label_position":"default","desc_position":"default","enablePrice":false,"className":"","enableCl":false,"relations":false,"values":[{"label":"-7.00","value":"-7.00","selected":false,"tempId":"aco_181","gt_translate_keys":["label"]},{"label":"-6.75","value":"-6.75","selected":false,"tempId":"aco_582","gt_translate_keys":["label"]},{"label":"-6.50","value":"-6.50","selected":false,"tempId":"aco_646","gt_translate_keys":["label"]},{"label":"-6.25","value":"-6.25","selected":false,"tempId":"aco_656","gt_translate_keys":["label"]},{"label":"-6.00","value":"-6.00","selected":false,"tempId":"aco_666","gt_translate_keys":["label"]},{"label":"-5.75","value":"-5.75","selected":false,"tempId":"aco_688","gt_translate_keys":["label"]},{"label":"-5.50","value":"-5.50","selected":false,"tempId":"aco_698","gt_translate_keys":["label"]},{"label":"-5.25","value":"-5.25","selected":false,"tempId":"aco_748","gt_translate_keys":["label"]},{"label":"-5.00","value":"-5.00","selected":false,"tempId":"aco_708","gt_translate_keys":["label"]},{"label":"-4.75","value":"-4.75","selected":false,"tempId":"aco_718","gt_translate_keys":["label"]},{"label":"-4.50","value":"-4.50","selected":false,"tempId":"aco_728","gt_translate_keys":["label"]},{"label":"-4.25","value":"-4.25","selected":false,"tempId":"aco_738","gt_translate_keys":["label"]},{"label":"-4.00","value":"-4.00","selected":false,"tempId":"aco_758","gt_translate_keys":["label"]},{"label":"-3.75","value":"-3.75","selected":false,"tempId":"aco_768","gt_translate_keys":["label"]},{"label":"-3.50","value":"-3.50","selected":false,"tempId":"aco_778","gt_translate_keys":["label"]},{"label":"-3.25","value":"-3.25","selected":false,"tempId":"aco_788","gt_translate_keys":["label"]},{"label":"-3.00","value":"-3.00","selected":false,"tempId":"aco_798","gt_translate_keys":["label"]},{"label":"-2.75","value":"-2.75","selected":false,"tempId":"aco_808","gt_translate_keys":["label"]},{"label":"-2.50","value":"-2.50","selected":false,"tempId":"aco_818","gt_translate_keys":["label"]},{"label":"-2.25","value":"-2.25","selected":false,"tempId":"aco_828","gt_translate_keys":["label"]},{"label":"-2.00","value":"-2.00","selected":false,"tempId":"aco_838","gt_translate_keys":["label"]},{"label":"-1.75","value":"-1.75","selected":false,"tempId":"aco_848","gt_translate_keys":["label"]},{"label":"-1.50","value":"-1.50","selected":false,"tempId":"aco_858","gt_translate_keys":["label"]},{"label":"-1.25","value":"-1.25","selected":false,"tempId":"aco_868","gt_translate_keys":["label"]},{"label":"-1.00","value":"-1.00","selected":false,"tempId":"aco_878","gt_translate_keys":["label"]},{"label":"-0.75","value":"-0.75","selected":false,"tempId":"aco_888","gt_translate_keys":["label"]},{"label":"-0.25","value":"-0.25","selected":false,"tempId":"aco_898","gt_translate_keys":["label"]},{"label":"0.00","value":"0.00","selected":false,"tempId":"aco_908","gt_translate_keys":["label"]},{"label":"0.25","value":"0.25","selected":false,"tempId":"aco_2403","gt_translate_keys":["label"]},{"label":"0.50","value":"0.50","selected":false,"tempId":"aco_2413","gt_translate_keys":["label"]},{"label":"0.75","value":"0.75","selected":false,"tempId":"aco_2423","gt_translate_keys":["label"]},{"label":"1.00","value":"1.00","selected":false,"tempId":"aco_2433","gt_translate_keys":["label"]},{"label":"1.25","value":"1.25","selected":false,"tempId":"aco_2443","gt_translate_keys":["label"]},{"label":"1.50","value":"1.50","selected":false,"tempId":"aco_2453","gt_translate_keys":["label"]},{"label":"1.75","value":"1.75","selected":false,"tempId":"aco_2463","gt_translate_keys":["label"]},{"label":"2.00","value":"2.00","selected":false,"tempId":"aco_2473","gt_translate_keys":["label"]},{"label":"2.25","value":"2.25","selected":false,"tempId":"aco_2483","gt_translate_keys":["label"]},{"label":"2.50","value":"2.50","selected":false,"tempId":"aco_2493","gt_translate_keys":["label"]},{"label":"2.75","value":"2.75","selected":false,"tempId":"aco_2503","gt_translate_keys":["label"]},{"label":"3.00","value":"3.00","selected":false,"tempId":"aco_2513","gt_translate_keys":["label"]},{"label":"3.25","value":"3.25","selected":false,"tempId":"aco_2523","gt_translate_keys":["label"]},{"label":"3.50","value":"3.50","selected":false,"tempId":"aco_2533","gt_translate_keys":["label"]},{"label":"3.75","value":"3.75","selected":false,"tempId":"aco_2543","gt_translate_keys":["label"]},{"label":"4.00","value":"4.00","selected":false,"tempId":"aco_2553","gt_translate_keys":["label"]},{"label":"4.25","value":"4.25","selected":false,"tempId":"aco_2563","gt_translate_keys":["label"]},{"label":"4.50","value":"4.50","selected":false,"tempId":"aco_2573","gt_translate_keys":["label"]},{"label":"4.75","value":"4.75","selected":false,"tempId":"aco_2583","gt_translate_keys":["label"]},{"label":"5.00","value":"5.00","selected":false,"tempId":"aco_2593","gt_translate_keys":["label"]},{"label":"5.25","value":"5.25","selected":false,"tempId":"aco_2603","gt_translate_keys":["label"]},{"label":"5.50","value":"5.50","selected":false,"tempId":"aco_2613","gt_translate_keys":["label"]},{"label":"5.75","value":"5.75","selected":false,"tempId":"aco_2623","gt_translate_keys":["label"]},{"label":"6.00","value":"6.00","selected":false,"tempId":"aco_2633","gt_translate_keys":["label"]},{"label":"6.25","value":"6.25","selected":false,"tempId":"aco_2643","gt_translate_keys":["label"]},{"label":"6.50","value":"6.50","selected":false,"tempId":"aco_2653","gt_translate_keys":["label"]},{"label":"6.75","value":"6.75","selected":false,"tempId":"aco_3842","gt_translate_keys":["label"]},{"label":"7.00","value":"7.00","selected":false,"tempId":"aco_3897","gt_translate_keys":["label"]}],"price":"","cl_rule":"show","col":2,"type":"select","error":false,"gt_translate_keys":["label","placeholder"],"price_dependency":false,"cl_dependency":false,"value":""}],[{"label":"Antal boxar","active":true,"elementId":"header_96880a706e3026","className":"","subtype":"h4","enableCl":false,"relations":false,"cl_rule":"show","col":2,"type":"header","error":false,"gt_translate_keys":["label"],"price_dependency":false,"cl_dependency":false,"value":""},{"label":"","cartLabel":"Antal Boxar H\u00f6ger","active":true,"required":true,"elementId":"select_106880a706e302c","dropdown_type":"basic","placeholder":"V\u00e4lj","name":"select_106880a706e302c","label_position":"default","desc_position":"default","enablePrice":false,"className":"","enableCl":false,"relations":false,"values":[{"label":"1","value":"1","selected":false,"tempId":"aco_181","gt_translate_keys":["label"]},{"label":"2","value":"2","selected":false,"tempId":"aco_182","gt_translate_keys":["label"]},{"label":"3","value":"3","selected":false,"tempId":"aco_183","gt_translate_keys":["label"]},{"label":"4","value":"4","selected":false,"tempId":"aco_355","gt_translate_keys":["label"]},{"label":"5","value":"5","selected":false,"tempId":"aco_391","gt_translate_keys":["label"]},{"label":"6","value":"6","selected":false,"tempId":"aco_419","gt_translate_keys":["label"]},{"label":"7","value":"7","selected":false,"tempId":"aco_447","gt_translate_keys":["label"]},{"label":"8","value":"8","selected":false,"tempId":"aco_475","gt_translate_keys":["label"]},{"label":"9","value":"9","selected":false,"tempId":"aco_503","gt_translate_keys":["label"]},{"label":"10","value":"10","selected":false,"tempId":"aco_531","gt_translate_keys":["label"]}],"price":"","cl_rule":"show","col":2,"type":"select","error":false,"gt_translate_keys":["label","placeholder"],"price_dependency":false,"cl_dependency":false,"value":""},{"label":"","cartLabel":"Antal Boxar V\u00e4nster","active":true,"required":true,"elementId":"select-2024354586","dropdown_type":"basic","placeholder":"V\u00e4lj","name":"select-2024354586","label_position":"default","desc_position":"default","enablePrice":false,"className":"","enableCl":false,"relations":false,"values":[{"label":"1","value":"1","selected":false,"tempId":"aco_181","gt_translate_keys":["label"]},{"label":"2","value":"2","selected":false,"tempId":"aco_182","gt_translate_keys":["label"]},{"label":"3","value":"3","selected":false,"tempId":"aco_183","gt_translate_keys":["label"]},{"label":"4","value":"4","selected":false,"tempId":"aco_355","gt_translate_keys":["label"]},{"label":"5","value":"5","selected":false,"tempId":"aco_391","gt_translate_keys":["label"]},{"label":"6","value":"6","selected":false,"tempId":"aco_419","gt_translate_keys":["label"]},{"label":"7","value":"7","selected":false,"tempId":"aco_447","gt_translate_keys":["label"]},{"label":"8","value":"8","selected":false,"tempId":"aco_475","gt_translate_keys":["label"]},{"label":"9","value":"9","selected":false,"tempId":"aco_503","gt_translate_keys":["label"]},{"label":"10","value":"10","selected":false,"tempId":"aco_531","gt_translate_keys":["label"]}],"price":"","cl_rule":"show","col":2,"type":"select","error":false,"gt_translate_keys":["label","placeholder"],"price_dependency":false,"cl_dependency":false,"value":""}]]}},"config":{"price_override":"","enable_recaptcha":false,"bind_quantity":false,"quantity_bind_formula":false,"disp_summ_show_option_price":false,"disp_summ_show_product_price":false,"disp_summ_show_total_price":false,"disp_summ_show_fee":false,"disp_summ_show_discount":false,"summary_title":"","options_total_label":"Options Price","total_label":"Total","options_product_label":"Product Price","fee_label":"Fee","discount_label":"Discount","has_price":true,"has_quantity_formula":false},"mc_unit":1,"tax_rate":1,"tax_rate_real":0.25,"discount":{"percentage":0,"fixed":0},"design":{"conf":{"LabelPosition":"above","DescPosition":"above","UploadField":"custom_1","QuantityFieldStyle":"default"},"css":{"LeftLabelWidth":"120px"}},"formulas":[],"clones":false,"cartKey":false}},"_links":{"self":[{"href":"https:\/\/opticallensbuy.com\/en\/wp-json\/wp\/v2\/product\/6155","targetHints":{"allow":["GET"]}}],"collection":[{"href":"https:\/\/opticallensbuy.com\/en\/wp-json\/wp\/v2\/product"}],"about":[{"href":"https:\/\/opticallensbuy.com\/en\/wp-json\/wp\/v2\/types\/product"}],"replies":[{"embeddable":true,"href":"https:\/\/opticallensbuy.com\/en\/wp-json\/wp\/v2\/comments?post=6155"}],"wp:featuredmedia":[{"embeddable":true,"href":"https:\/\/opticallensbuy.com\/en\/wp-json\/wp\/v2\/media\/6157"}],"wp:attachment":[{"href":"https:\/\/opticallensbuy.com\/en\/wp-json\/wp\/v2\/media?parent=6155"}],"wp:term":[{"taxonomy":"product_brand","embeddable":true,"href":"https:\/\/opticallensbuy.com\/en\/wp-json\/wp\/v2\/product_brand?post=6155"},{"taxonomy":"product_cat","embeddable":true,"href":"https:\/\/opticallensbuy.com\/en\/wp-json\/wp\/v2\/product_cat?post=6155"},{"taxonomy":"product_tag","embeddable":true,"href":"https:\/\/opticallensbuy.com\/en\/wp-json\/wp\/v2\/product_tag?post=6155"}],"curies":[{"name":"wp","href":"https:\/\/api.w.org\/{rel}","templated":true}]}}