{"id":6161,"date":"2025-06-22T16:05:00","date_gmt":"2025-06-22T15:05:00","guid":{"rendered":"https:\/\/opticallensbuy.webgiantdemo.se\/?post_type=product&#038;p=6161"},"modified":"2025-08-03T19:18:31","modified_gmt":"2025-08-03T18:18:31","slug":"freshlook-colorblends-2-pack","status":"publish","type":"product","link":"https:\/\/opticallensbuy.com\/en\/product\/freshlook-colorblends-2-pack\/","title":{"rendered":"FreshLook\u00ae COLORBLENDS\u00ae 2-pack"},"content":{"rendered":"<p data-start=\"0\" data-end=\"156\">FreshLook COLORBLENDS\u00ae from Alcon are monthly colored lenses that use an advanced 3-in-1 color technology to provide a striking, yet natural eye color.<\/p>\n<p data-start=\"158\" data-end=\"400\">COLORBLENDS\u00ae are the first colored silicone hydrogel contact lenses on the market. They are typically worn for cosmetic purposes without power (0.00), but are also available in power and should be used according to a prescription from a qualified optician or ophthalmologist.<\/p>\n<p data-start=\"402\" data-end=\"601\" data-is-last-node=\"\" data-is-only-node=\"\">FreshLook\u00ae colored lenses are perfect when you want to change your eye color \u2013 whether you have dark or light eyes, want a bold or subtle change \u2013 and still maintain high comfort all day long.<\/p>","protected":false},"excerpt":{"rendered":"<p>FreshLook COLORBLENDS\u00ae fr\u00e5n Alcon \u00e4r m\u00e5nadslinser med f\u00e4rg som anv\u00e4nder en avancerad 3-i-1-f\u00e4rgteknik f\u00f6r att ge en imponerande, men \u00e4nd\u00e5 naturlig \u00f6gonf\u00e4rg. COLORBLENDS\u00ae \u00e4r de f\u00f6rsta f\u00e4rgade kontaktlinserna i silikonhydrogel p\u00e5 marknaden. De b\u00e4rs vanligtvis f\u00f6r kosmetiska \u00e4ndam\u00e5l utan styrka (0,00), men finns \u00e4ven med styrka och ska d\u00e5 anv\u00e4ndas enligt recept fr\u00e5n beh\u00f6rig optiker [&hellip;]<\/p>","protected":false},"featured_media":6162,"comment_status":"open","ping_status":"closed","template":"","meta":{"_acf_changed":false},"product_brand":[],"product_cat":[343,344,318],"product_tag":[317],"class_list":{"0":"post-6161","1":"product","2":"type-product","3":"status-publish","4":"has-post-thumbnail","6":"product_cat-color-contactlenses","7":"product_cat-color-monthly","8":"product_cat-linser","9":"product_tag-contact-lenses","10":"wcpa_has_options","12":"first","13":"instock","14":"taxable","15":"shipping-taxable","16":"purchasable","17":"product-type-variable"},"acf":[],"wcpa_form_fields":{"wcpaData":{"product":{"product_price":400,"price_html":"<span class=\"woocommerce-Price-amount amount\"><bdi>400,00<span class=\"woocommerce-Price-currencySymbol\">&#107;&#114;<\/span><\/bdi><\/span>","original_product_price":400,"price_including_tax":400,"price_excluding_tax":320,"product_id":{"parent":6161,"variation":false},"is_variable":true,"stock_status":"instock","stock_quantity":null,"parent_sku":"FRESHLOOKCOLORBLENDS2PK","product_attributes":{"pa_lense-color":{"is_variation":true,"values":[]}},"custom_fields":[],"is_taxable":true,"product_name":"FreshLook\u00ae COLORBLENDS\u00ae 2-pack"},"fields":{"sec_06880a706e2fad":{"extra":{"key":"sec_06880a706e2fad","section_id":"sec_06880a706e2fad","name":"Default","status":1,"cl_rule":"show","enableCl":false,"relations":[],"toggle":true,"title_tag":"h3","show_title":false,"showPrice":"default","form_id":6407,"form_rules":{"exclude_from_discount":false,"fee_label":"Avgift","disp_hide_options_price":false,"disp_show_section_price":false,"disp_show_field_price":false,"layout_option":"standard","pric_use_as_fee":false,"process_fee_as":"woo_fee"},"layout_option":"standard"},"fields":[[{"active":true,"col":2,"relations":false,"cl_rule":"show","enableCl":false,"price":"","enablePrice":false,"className":"","label_position":"default","desc_position":"default","type":"header","required":false,"elementId":"header_76880a706e2fce","label":"","subtype":"h6","error":false,"gt_translate_keys":["label"],"price_dependency":false,"cl_dependency":false,"value":""},{"label":"H\u00f6ger","active":true,"elementId":"header_36880a706e2fd9","className":"uk-text-center","subtype":"h5","enableCl":false,"relations":false,"cl_rule":"show","col":2,"type":"header","error":false,"gt_translate_keys":["label"],"price_dependency":false,"cl_dependency":false,"value":""},{"label":"V\u00e4nster","active":true,"elementId":"header_56880a706e2fe1","className":"uk-text-center","subtype":"h5","enableCl":false,"relations":false,"cl_rule":"show","col":2,"type":"header","error":false,"gt_translate_keys":["label"],"price_dependency":false,"cl_dependency":false,"value":""}],[{"label":"Styrka","active":true,"elementId":"header_46880a706e3012","className":"","subtype":"h4","enableCl":false,"relations":false,"cl_rule":"show","col":2,"type":"header","error":false,"gt_translate_keys":["label"],"price_dependency":false,"cl_dependency":false,"value":""},{"active":true,"col":2,"relations":false,"cl_rule":"show","enableCl":false,"price":"","enablePrice":false,"className":"","label_position":"default","desc_position":"default","type":"select","required":true,"elementId":"select_56880a706e3019","label":"","name":"select_56880a706e3019","values":[{"label":"-7.00","value":"-7.00","selected":false,"tempId":"aco_181","gt_translate_keys":["label"]},{"label":"-6.75","value":"-6.75","selected":false,"tempId":"aco_582","gt_translate_keys":["label"]},{"label":"-6.50","value":"-6.50","selected":false,"tempId":"aco_646","gt_translate_keys":["label"]},{"label":"-6.25","value":"-6.25","selected":false,"tempId":"aco_656","gt_translate_keys":["label"]},{"label":"-6.00","value":"-6.00","selected":false,"tempId":"aco_666","gt_translate_keys":["label"]},{"label":"-5.75","value":"-5.75","selected":false,"tempId":"aco_688","gt_translate_keys":["label"]},{"label":"-5.50","value":"-5.50","selected":false,"tempId":"aco_698","gt_translate_keys":["label"]},{"label":"-5.25","value":"-5.25","selected":false,"tempId":"aco_748","gt_translate_keys":["label"]},{"label":"-5.00","value":"-5.00","selected":false,"tempId":"aco_708","gt_translate_keys":["label"]},{"label":"-4.75","value":"-4.75","selected":false,"tempId":"aco_718","gt_translate_keys":["label"]},{"label":"-4.50","value":"-4.50","selected":false,"tempId":"aco_728","gt_translate_keys":["label"]},{"label":"-4.25","value":"-4.25","selected":false,"tempId":"aco_738","gt_translate_keys":["label"]},{"label":"-4.00","value":"-4.00","selected":false,"tempId":"aco_758","gt_translate_keys":["label"]},{"label":"-3.75","value":"-3.75","selected":false,"tempId":"aco_768","gt_translate_keys":["label"]},{"label":"-3.50","value":"-3.50","selected":false,"tempId":"aco_778","gt_translate_keys":["label"]},{"label":"-3.25","value":"-3.25","selected":false,"tempId":"aco_788","gt_translate_keys":["label"]},{"label":"-3.00","value":"-3.00","selected":false,"tempId":"aco_798","gt_translate_keys":["label"]},{"label":"-2.75","value":"-2.75","selected":false,"tempId":"aco_808","gt_translate_keys":["label"]},{"label":"-2.50","value":"-2.50","selected":false,"tempId":"aco_818","gt_translate_keys":["label"]},{"label":"-2.25","value":"-2.25","selected":false,"tempId":"aco_828","gt_translate_keys":["label"]},{"label":"-2.00","value":"-2.00","selected":false,"tempId":"aco_838","gt_translate_keys":["label"]},{"label":"-1.75","value":"-1.75","selected":false,"tempId":"aco_848","gt_translate_keys":["label"]},{"label":"-1.50","value":"-1.50","selected":false,"tempId":"aco_858","gt_translate_keys":["label"]},{"label":"-1.25","value":"-1.25","selected":false,"tempId":"aco_868","gt_translate_keys":["label"]},{"label":"-1.00","value":"-1.00","selected":false,"tempId":"aco_878","gt_translate_keys":["label"]},{"label":"-0.75","value":"-0.75","selected":false,"tempId":"aco_888","gt_translate_keys":["label"]},{"label":"-0.25","value":"-0.25","selected":false,"tempId":"aco_898","gt_translate_keys":["label"]},{"label":"0.00","value":"0.00","selected":false,"tempId":"aco_908","gt_translate_keys":["label"]},{"label":"0.25","value":"0.25","selected":false,"tempId":"aco_2403","gt_translate_keys":["label"]},{"label":"0.50","value":"0.50","selected":false,"tempId":"aco_2413","gt_translate_keys":["label"]},{"label":"0.75","value":"0.75","selected":false,"tempId":"aco_2423","gt_translate_keys":["label"]},{"label":"1.00","value":"1.00","selected":false,"tempId":"aco_2433","gt_translate_keys":["label"]},{"label":"1.25","value":"1.25","selected":false,"tempId":"aco_2443","gt_translate_keys":["label"]},{"label":"1.50","value":"1.50","selected":false,"tempId":"aco_2453","gt_translate_keys":["label"]},{"label":"1.75","value":"1.75","selected":false,"tempId":"aco_2463","gt_translate_keys":["label"]},{"label":"2.00","value":"2.00","selected":false,"tempId":"aco_2473","gt_translate_keys":["label"]},{"label":"2.25","value":"2.25","selected":false,"tempId":"aco_2483","gt_translate_keys":["label"]},{"label":"2.50","value":"2.50","selected":false,"tempId":"aco_2493","gt_translate_keys":["label"]},{"label":"2.75","value":"2.75","selected":false,"tempId":"aco_2503","gt_translate_keys":["label"]},{"label":"3.00","value":"3.00","selected":false,"tempId":"aco_2513","gt_translate_keys":["label"]},{"label":"3.25","value":"3.25","selected":false,"tempId":"aco_2523","gt_translate_keys":["label"]},{"label":"3.50","value":"3.50","selected":false,"tempId":"aco_2533","gt_translate_keys":["label"]},{"label":"3.75","value":"3.75","selected":false,"tempId":"aco_2543","gt_translate_keys":["label"]},{"label":"4.00","value":"4.00","selected":false,"tempId":"aco_2553","gt_translate_keys":["label"]},{"label":"4.25","value":"4.25","selected":false,"tempId":"aco_2563","gt_translate_keys":["label"]},{"label":"4.50","value":"4.50","selected":false,"tempId":"aco_2573","gt_translate_keys":["label"]},{"label":"4.75","value":"4.75","selected":false,"tempId":"aco_2583","gt_translate_keys":["label"]},{"label":"5.00","value":"5.00","selected":false,"tempId":"aco_2593","gt_translate_keys":["label"]},{"label":"5.25","value":"5.25","selected":false,"tempId":"aco_2603","gt_translate_keys":["label"]},{"label":"5.50","value":"5.50","selected":false,"tempId":"aco_2613","gt_translate_keys":["label"]},{"label":"5.75","value":"5.75","selected":false,"tempId":"aco_2623","gt_translate_keys":["label"]},{"label":"6.00","value":"6.00","selected":false,"tempId":"aco_2633","gt_translate_keys":["label"]},{"label":"6.25","value":"6.25","selected":false,"tempId":"aco_2643","gt_translate_keys":["label"]},{"label":"6.50","value":"6.50","selected":false,"tempId":"aco_2653","gt_translate_keys":["label"]},{"label":"6.75","value":"6.75","selected":false,"tempId":"aco_3842","gt_translate_keys":["label"]},{"label":"7.00","value":"7.00","selected":false,"tempId":"aco_3897","gt_translate_keys":["label"]}],"dropdown_type":"basic","error":false,"placeholder":"V\u00e4lj","cartLabel":"Styrka H\u00f6ger","gt_translate_keys":["label","placeholder"],"price_dependency":false,"cl_dependency":false,"value":""},{"label":"","cartLabel":"Styrka V\u00e4nster","active":true,"required":true,"elementId":"select-6681113997","dropdown_type":"basic","placeholder":"V\u00e4lj","name":"select-6681113997","label_position":"default","desc_position":"default","enablePrice":false,"className":"","enableCl":false,"relations":false,"values":[{"label":"-7.00","value":"-7.00","selected":false,"tempId":"aco_181","gt_translate_keys":["label"]},{"label":"-6.75","value":"-6.75","selected":false,"tempId":"aco_582","gt_translate_keys":["label"]},{"label":"-6.50","value":"-6.50","selected":false,"tempId":"aco_646","gt_translate_keys":["label"]},{"label":"-6.25","value":"-6.25","selected":false,"tempId":"aco_656","gt_translate_keys":["label"]},{"label":"-6.00","value":"-6.00","selected":false,"tempId":"aco_666","gt_translate_keys":["label"]},{"label":"-5.75","value":"-5.75","selected":false,"tempId":"aco_688","gt_translate_keys":["label"]},{"label":"-5.50","value":"-5.50","selected":false,"tempId":"aco_698","gt_translate_keys":["label"]},{"label":"-5.25","value":"-5.25","selected":false,"tempId":"aco_748","gt_translate_keys":["label"]},{"label":"-5.00","value":"-5.00","selected":false,"tempId":"aco_708","gt_translate_keys":["label"]},{"label":"-4.75","value":"-4.75","selected":false,"tempId":"aco_718","gt_translate_keys":["label"]},{"label":"-4.50","value":"-4.50","selected":false,"tempId":"aco_728","gt_translate_keys":["label"]},{"label":"-4.25","value":"-4.25","selected":false,"tempId":"aco_738","gt_translate_keys":["label"]},{"label":"-4.00","value":"-4.00","selected":false,"tempId":"aco_758","gt_translate_keys":["label"]},{"label":"-3.75","value":"-3.75","selected":false,"tempId":"aco_768","gt_translate_keys":["label"]},{"label":"-3.50","value":"-3.50","selected":false,"tempId":"aco_778","gt_translate_keys":["label"]},{"label":"-3.25","value":"-3.25","selected":false,"tempId":"aco_788","gt_translate_keys":["label"]},{"label":"-3.00","value":"-3.00","selected":false,"tempId":"aco_798","gt_translate_keys":["label"]},{"label":"-2.75","value":"-2.75","selected":false,"tempId":"aco_808","gt_translate_keys":["label"]},{"label":"-2.50","value":"-2.50","selected":false,"tempId":"aco_818","gt_translate_keys":["label"]},{"label":"-2.25","value":"-2.25","selected":false,"tempId":"aco_828","gt_translate_keys":["label"]},{"label":"-2.00","value":"-2.00","selected":false,"tempId":"aco_838","gt_translate_keys":["label"]},{"label":"-1.75","value":"-1.75","selected":false,"tempId":"aco_848","gt_translate_keys":["label"]},{"label":"-1.50","value":"-1.50","selected":false,"tempId":"aco_858","gt_translate_keys":["label"]},{"label":"-1.25","value":"-1.25","selected":false,"tempId":"aco_868","gt_translate_keys":["label"]},{"label":"-1.00","value":"-1.00","selected":false,"tempId":"aco_878","gt_translate_keys":["label"]},{"label":"-0.75","value":"-0.75","selected":false,"tempId":"aco_888","gt_translate_keys":["label"]},{"label":"-0.25","value":"-0.25","selected":false,"tempId":"aco_898","gt_translate_keys":["label"]},{"label":"0.00","value":"0.00","selected":false,"tempId":"aco_908","gt_translate_keys":["label"]},{"label":"0.25","value":"0.25","selected":false,"tempId":"aco_2403","gt_translate_keys":["label"]},{"label":"0.50","value":"0.50","selected":false,"tempId":"aco_2413","gt_translate_keys":["label"]},{"label":"0.75","value":"0.75","selected":false,"tempId":"aco_2423","gt_translate_keys":["label"]},{"label":"1.00","value":"1.00","selected":false,"tempId":"aco_2433","gt_translate_keys":["label"]},{"label":"1.25","value":"1.25","selected":false,"tempId":"aco_2443","gt_translate_keys":["label"]},{"label":"1.50","value":"1.50","selected":false,"tempId":"aco_2453","gt_translate_keys":["label"]},{"label":"1.75","value":"1.75","selected":false,"tempId":"aco_2463","gt_translate_keys":["label"]},{"label":"2.00","value":"2.00","selected":false,"tempId":"aco_2473","gt_translate_keys":["label"]},{"label":"2.25","value":"2.25","selected":false,"tempId":"aco_2483","gt_translate_keys":["label"]},{"label":"2.50","value":"2.50","selected":false,"tempId":"aco_2493","gt_translate_keys":["label"]},{"label":"2.75","value":"2.75","selected":false,"tempId":"aco_2503","gt_translate_keys":["label"]},{"label":"3.00","value":"3.00","selected":false,"tempId":"aco_2513","gt_translate_keys":["label"]},{"label":"3.25","value":"3.25","selected":false,"tempId":"aco_2523","gt_translate_keys":["label"]},{"label":"3.50","value":"3.50","selected":false,"tempId":"aco_2533","gt_translate_keys":["label"]},{"label":"3.75","value":"3.75","selected":false,"tempId":"aco_2543","gt_translate_keys":["label"]},{"label":"4.00","value":"4.00","selected":false,"tempId":"aco_2553","gt_translate_keys":["label"]},{"label":"4.25","value":"4.25","selected":false,"tempId":"aco_2563","gt_translate_keys":["label"]},{"label":"4.50","value":"4.50","selected":false,"tempId":"aco_2573","gt_translate_keys":["label"]},{"label":"4.75","value":"4.75","selected":false,"tempId":"aco_2583","gt_translate_keys":["label"]},{"label":"5.00","value":"5.00","selected":false,"tempId":"aco_2593","gt_translate_keys":["label"]},{"label":"5.25","value":"5.25","selected":false,"tempId":"aco_2603","gt_translate_keys":["label"]},{"label":"5.50","value":"5.50","selected":false,"tempId":"aco_2613","gt_translate_keys":["label"]},{"label":"5.75","value":"5.75","selected":false,"tempId":"aco_2623","gt_translate_keys":["label"]},{"label":"6.00","value":"6.00","selected":false,"tempId":"aco_2633","gt_translate_keys":["label"]},{"label":"6.25","value":"6.25","selected":false,"tempId":"aco_2643","gt_translate_keys":["label"]},{"label":"6.50","value":"6.50","selected":false,"tempId":"aco_2653","gt_translate_keys":["label"]},{"label":"6.75","value":"6.75","selected":false,"tempId":"aco_3842","gt_translate_keys":["label"]},{"label":"7.00","value":"7.00","selected":false,"tempId":"aco_3897","gt_translate_keys":["label"]}],"price":"","cl_rule":"show","col":2,"type":"select","error":false,"gt_translate_keys":["label","placeholder"],"price_dependency":false,"cl_dependency":false,"value":""}],[{"label":"Antal boxar","active":true,"elementId":"header_96880a706e3026","className":"","subtype":"h4","enableCl":false,"relations":false,"cl_rule":"show","col":2,"type":"header","error":false,"gt_translate_keys":["label"],"price_dependency":false,"cl_dependency":false,"value":""},{"label":"","cartLabel":"Antal Boxar H\u00f6ger","active":true,"required":true,"elementId":"select_106880a706e302c","dropdown_type":"basic","placeholder":"V\u00e4lj","name":"select_106880a706e302c","label_position":"default","desc_position":"default","enablePrice":false,"className":"","enableCl":false,"relations":false,"values":[{"label":"1","value":"1","selected":false,"tempId":"aco_181","gt_translate_keys":["label"]},{"label":"2","value":"2","selected":false,"tempId":"aco_182","gt_translate_keys":["label"]},{"label":"3","value":"3","selected":false,"tempId":"aco_183","gt_translate_keys":["label"]},{"label":"4","value":"4","selected":false,"tempId":"aco_355","gt_translate_keys":["label"]},{"label":"5","value":"5","selected":false,"tempId":"aco_391","gt_translate_keys":["label"]},{"label":"6","value":"6","selected":false,"tempId":"aco_419","gt_translate_keys":["label"]},{"label":"7","value":"7","selected":false,"tempId":"aco_447","gt_translate_keys":["label"]},{"label":"8","value":"8","selected":false,"tempId":"aco_475","gt_translate_keys":["label"]},{"label":"9","value":"9","selected":false,"tempId":"aco_503","gt_translate_keys":["label"]},{"label":"10","value":"10","selected":false,"tempId":"aco_531","gt_translate_keys":["label"]}],"price":"","cl_rule":"show","col":2,"type":"select","error":false,"gt_translate_keys":["label","placeholder"],"price_dependency":false,"cl_dependency":false,"value":""},{"label":"","cartLabel":"Antal Boxar V\u00e4nster","active":true,"required":true,"elementId":"select-2024354586","dropdown_type":"basic","placeholder":"V\u00e4lj","name":"select-2024354586","label_position":"default","desc_position":"default","enablePrice":false,"className":"","enableCl":false,"relations":false,"values":[{"label":"1","value":"1","selected":false,"tempId":"aco_181","gt_translate_keys":["label"]},{"label":"2","value":"2","selected":false,"tempId":"aco_182","gt_translate_keys":["label"]},{"label":"3","value":"3","selected":false,"tempId":"aco_183","gt_translate_keys":["label"]},{"label":"4","value":"4","selected":false,"tempId":"aco_355","gt_translate_keys":["label"]},{"label":"5","value":"5","selected":false,"tempId":"aco_391","gt_translate_keys":["label"]},{"label":"6","value":"6","selected":false,"tempId":"aco_419","gt_translate_keys":["label"]},{"label":"7","value":"7","selected":false,"tempId":"aco_447","gt_translate_keys":["label"]},{"label":"8","value":"8","selected":false,"tempId":"aco_475","gt_translate_keys":["label"]},{"label":"9","value":"9","selected":false,"tempId":"aco_503","gt_translate_keys":["label"]},{"label":"10","value":"10","selected":false,"tempId":"aco_531","gt_translate_keys":["label"]}],"price":"","cl_rule":"show","col":2,"type":"select","error":false,"gt_translate_keys":["label","placeholder"],"price_dependency":false,"cl_dependency":false,"value":""}]]}},"config":{"price_override":"","enable_recaptcha":false,"bind_quantity":false,"quantity_bind_formula":false,"disp_summ_show_option_price":false,"disp_summ_show_product_price":false,"disp_summ_show_total_price":false,"disp_summ_show_fee":false,"disp_summ_show_discount":false,"summary_title":"","options_total_label":"Optionspris","total_label":"Total","options_product_label":"Produktpris","fee_label":"Avgift","discount_label":"Rabatt","has_price":true,"has_quantity_formula":false},"mc_unit":1,"tax_rate":1,"tax_rate_real":0.25,"discount":{"percentage":0,"fixed":0},"design":{"conf":{"LabelPosition":"above","DescPosition":"above","UploadField":"custom_1","QuantityFieldStyle":"default"},"css":{"LeftLabelWidth":"120px"}},"formulas":[],"clones":false,"cartKey":false}},"_links":{"self":[{"href":"https:\/\/opticallensbuy.com\/en\/wp-json\/wp\/v2\/product\/6161","targetHints":{"allow":["GET"]}}],"collection":[{"href":"https:\/\/opticallensbuy.com\/en\/wp-json\/wp\/v2\/product"}],"about":[{"href":"https:\/\/opticallensbuy.com\/en\/wp-json\/wp\/v2\/types\/product"}],"replies":[{"embeddable":true,"href":"https:\/\/opticallensbuy.com\/en\/wp-json\/wp\/v2\/comments?post=6161"}],"wp:featuredmedia":[{"embeddable":true,"href":"https:\/\/opticallensbuy.com\/en\/wp-json\/wp\/v2\/media\/6162"}],"wp:attachment":[{"href":"https:\/\/opticallensbuy.com\/en\/wp-json\/wp\/v2\/media?parent=6161"}],"wp:term":[{"taxonomy":"product_brand","embeddable":true,"href":"https:\/\/opticallensbuy.com\/en\/wp-json\/wp\/v2\/product_brand?post=6161"},{"taxonomy":"product_cat","embeddable":true,"href":"https:\/\/opticallensbuy.com\/en\/wp-json\/wp\/v2\/product_cat?post=6161"},{"taxonomy":"product_tag","embeddable":true,"href":"https:\/\/opticallensbuy.com\/en\/wp-json\/wp\/v2\/product_tag?post=6161"}],"curies":[{"name":"wp","href":"https:\/\/api.w.org\/{rel}","templated":true}]}}